{"id":25974,"date":"2025-05-17T13:23:46","date_gmt":"2025-05-17T11:23:46","guid":{"rendered":"https:\/\/mystikus.dsignpoint.com\/producto\/croix-de-caravaca\/"},"modified":"2025-05-17T13:23:46","modified_gmt":"2025-05-17T11:23:46","slug":"croix-de-caravaca","status":"publish","type":"product","link":"https:\/\/mystikus.dsignpoint.com\/fr\/producto\/croix-de-caravaca\/","title":{"rendered":"Croix de Caravaca"},"content":{"rendered":"<p><strong>Cr<\/strong><strong>uz de Caravaca<\/strong><\/p>\n<p data-start=\"115\" data-end=\"153\"><strong data-start=\"115\" data-end=\"153\">Signification de la Croix de Caravaca<\/strong><\/p>\n<p data-start=\"155\" data-end=\"443\">La <strong data-start=\"158\" data-end=\"178\">Croix de Caravaca<\/strong> est un symbole spirituel et de protection puissant originaire de la ville de Caravaca de la Cruz, \u00e0 Murcie, en Espagne. Il s&rsquo;agit d&rsquo;une croix \u00e0 double bras horizontal, traditionnellement associ\u00e9e au christianisme et v\u00e9n\u00e9r\u00e9e comme objet miraculeux depuis le Moyen \u00c2ge. <\/p>\n<p data-start=\"445\" data-end=\"753\">Ce symbole est consid\u00e9r\u00e9 comme une <strong data-start=\"476\" data-end=\"510\">amulette de grande force mystique<\/strong>, utilis\u00e9e pour attirer les b\u00e9n\u00e9dictions, ouvrir les chemins, prot\u00e9ger contre les \u00e9nergies n\u00e9gatives et renforcer la foi. Il est \u00e9galement couramment utilis\u00e9 dans les rituels de gu\u00e9rison, de nettoyage spirituel et comme bouclier contre le mauvais \u0153il ou les influences ind\u00e9sirables. <\/p>\n<p data-start=\"755\" data-end=\"968\">Selon la tradition, la Croix de Caravaca repr\u00e9sente non seulement la foi chr\u00e9tienne, mais aussi la <strong data-start=\"847\" data-end=\"886\">connexion entre le ciel et la terre<\/strong>, la protection divine et le guide spirituel dans les moments d&rsquo;obscurit\u00e9 ou de difficult\u00e9.<\/p>\n<p data-start=\"755\" data-end=\"968\">Elle se porte en pendentif, se place sur des autels ou s&rsquo;utilise dans des pri\u00e8res, toujours avec respect et d\u00e9votion.<\/p>\n","protected":false},"excerpt":{"rendered":"<p><strong>Cr<\/strong><strong>uz de Caravaca <\/strong><\/p>\n<p>M\u00e9tal : Argent<\/p>\n<p>Mesure : 2,5 cm<\/p>\n<p>Cha\u00eene en argent : 40 cm<\/p>\n","protected":false},"featured_media":23556,"comment_status":"open","ping_status":"closed","template":"","meta":[],"product_brand":[],"product_cat":[223,222],"product_tag":[],"class_list":{"0":"post-25974","1":"product","2":"type-product","3":"status-publish","4":"has-post-thumbnail","6":"product_cat-argent","7":"product_cat-talismans-et-amulettes","9":"first","10":"instock","11":"shipping-taxable","12":"purchasable","13":"product-type-variable"},"_links":{"self":[{"href":"https:\/\/mystikus.dsignpoint.com\/fr\/wp-json\/wp\/v2\/product\/25974","targetHints":{"allow":["GET"]}}],"collection":[{"href":"https:\/\/mystikus.dsignpoint.com\/fr\/wp-json\/wp\/v2\/product"}],"about":[{"href":"https:\/\/mystikus.dsignpoint.com\/fr\/wp-json\/wp\/v2\/types\/product"}],"replies":[{"embeddable":true,"href":"https:\/\/mystikus.dsignpoint.com\/fr\/wp-json\/wp\/v2\/comments?post=25974"}],"wp:featuredmedia":[{"embeddable":true,"href":"https:\/\/mystikus.dsignpoint.com\/fr\/wp-json\/wp\/v2\/media\/23556"}],"wp:attachment":[{"href":"https:\/\/mystikus.dsignpoint.com\/fr\/wp-json\/wp\/v2\/media?parent=25974"}],"wp:term":[{"taxonomy":"product_brand","embeddable":true,"href":"https:\/\/mystikus.dsignpoint.com\/fr\/wp-json\/wp\/v2\/product_brand?post=25974"},{"taxonomy":"product_cat","embeddable":true,"href":"https:\/\/mystikus.dsignpoint.com\/fr\/wp-json\/wp\/v2\/product_cat?post=25974"},{"taxonomy":"product_tag","embeddable":true,"href":"https:\/\/mystikus.dsignpoint.com\/fr\/wp-json\/wp\/v2\/product_tag?post=25974"}],"curies":[{"name":"wp","href":"https:\/\/api.w.org\/{rel}","templated":true}]}}