{"id":26052,"date":"2025-05-16T16:09:58","date_gmt":"2025-05-16T14:09:58","guid":{"rendered":"https:\/\/mystikus.dsignpoint.com\/producto\/encens-de-desenvoutement\/"},"modified":"2025-05-16T16:09:58","modified_gmt":"2025-05-16T14:09:58","slug":"encens-de-desenvoutement","status":"publish","type":"product","link":"https:\/\/mystikus.dsignpoint.com\/fr\/producto\/encens-de-desenvoutement\/","title":{"rendered":"Encens de d\u00e9senvo\u00fbtement"},"content":{"rendered":"<p data-start=\"129\" data-end=\"362\"><strong>Encens de d\u00e9senvo\u00fbtement<\/strong><\/p>\n<p data-start=\"129\" data-end=\"362\"><em><strong>Du charbon ou des braises sont n\u00e9cessaires (non inclus)<\/strong><\/em><\/p>\n<p data-start=\"129\" data-end=\"362\"><strong data-start=\"129\" data-end=\"163\">Encens \u00c9sot\u00e9rique aux Herbes<\/strong><br data-start=\"163\" data-end=\"166\">L&rsquo;encens \u00e9sot\u00e9rique aux herbes est un outil puissant utilis\u00e9 dans les pratiques spirituelles pour le nettoyage \u00e9nerg\u00e9tique, la protection et l&rsquo;\u00e9l\u00e9vation vibratoire des espaces, des objets et des personnes.<\/p>\n<p data-start=\"364\" data-end=\"592\">En l&rsquo;allumant, la fum\u00e9e agit comme un canal purificateur qui aide \u00e0 dissiper les \u00e9nergies n\u00e9gatives, \u00e0 ouvrir des chemins et \u00e0 r\u00e9tablir l&rsquo;harmonie spirituelle. Il est id\u00e9al pour les rituels, les m\u00e9ditations, les nettoyages et les moments de connexion int\u00e9rieure. <\/p>\n<p data-start=\"594\" data-end=\"774\">Chaque m\u00e9lange d&rsquo;herbes a \u00e9t\u00e9 soigneusement s\u00e9lectionn\u00e9 et pr\u00e9par\u00e9 avec intention, en suivant des traditions ancestrales qui respectent l&rsquo;\u00e9quilibre entre le corps, l&rsquo;esprit et l&rsquo;\u00e2me.<\/p>\n<p data-start=\"776\" data-end=\"928\">\u2728 Utilisez cet encens lorsque vous ressentez le besoin de renouveler vos \u00e9nergies ou de renforcer votre environnement spirituel.<br data-start=\"884\" data-end=\"887\">La fum\u00e9e vous guide\u2026 ouvrez simplement votre c\u0153ur.<\/p>\n","protected":false},"excerpt":{"rendered":"<p data-start=\"129\" data-end=\"362\"><strong>Encens de d\u00e9senvo\u00fbtement<\/strong><\/p>\n<p data-start=\"129\" data-end=\"362\"><em><strong>Du charbon ou des braises sont n\u00e9cessaires (non inclus)<\/strong><\/em><\/p>\n","protected":false},"featured_media":872,"comment_status":"open","ping_status":"closed","template":"","meta":[],"product_brand":[],"product_cat":[170,245,139,145],"product_tag":[],"class_list":{"0":"post-26052","1":"product","2":"type-product","3":"status-publish","4":"has-post-thumbnail","6":"product_cat-encens","8":"product_cat-esoteriques","9":"product_cat-mystikus-collection","11":"first","12":"instock","13":"shipping-taxable","14":"purchasable","15":"product-type-simple"},"_links":{"self":[{"href":"https:\/\/mystikus.dsignpoint.com\/fr\/wp-json\/wp\/v2\/product\/26052","targetHints":{"allow":["GET"]}}],"collection":[{"href":"https:\/\/mystikus.dsignpoint.com\/fr\/wp-json\/wp\/v2\/product"}],"about":[{"href":"https:\/\/mystikus.dsignpoint.com\/fr\/wp-json\/wp\/v2\/types\/product"}],"replies":[{"embeddable":true,"href":"https:\/\/mystikus.dsignpoint.com\/fr\/wp-json\/wp\/v2\/comments?post=26052"}],"wp:featuredmedia":[{"embeddable":true,"href":"https:\/\/mystikus.dsignpoint.com\/fr\/wp-json\/wp\/v2\/media\/872"}],"wp:attachment":[{"href":"https:\/\/mystikus.dsignpoint.com\/fr\/wp-json\/wp\/v2\/media?parent=26052"}],"wp:term":[{"taxonomy":"product_brand","embeddable":true,"href":"https:\/\/mystikus.dsignpoint.com\/fr\/wp-json\/wp\/v2\/product_brand?post=26052"},{"taxonomy":"product_cat","embeddable":true,"href":"https:\/\/mystikus.dsignpoint.com\/fr\/wp-json\/wp\/v2\/product_cat?post=26052"},{"taxonomy":"product_tag","embeddable":true,"href":"https:\/\/mystikus.dsignpoint.com\/fr\/wp-json\/wp\/v2\/product_tag?post=26052"}],"curies":[{"name":"wp","href":"https:\/\/api.w.org\/{rel}","templated":true}]}}