{"id":26084,"date":"2025-05-14T17:49:46","date_gmt":"2025-05-14T15:49:46","guid":{"rendered":"https:\/\/mystikus.dsignpoint.com\/producto\/sel-ajo-macho\/"},"modified":"2025-05-14T17:49:46","modified_gmt":"2025-05-14T15:49:46","slug":"sel-ajo-macho","status":"publish","type":"product","link":"https:\/\/mystikus.dsignpoint.com\/fr\/producto\/sel-ajo-macho\/","title":{"rendered":"Sel Ajo Macho"},"content":{"rendered":"<p><strong>Sel Ajo Macho<\/strong><\/p>\n<p><strong>\u00c9limine les forces n\u00e9gatives<\/strong><\/p>\n<p><strong data-start=\"97\" data-end=\"127\">Qu&rsquo;est-ce que le sel spirituel ?<\/strong> \ud83e\uddc2\u2728<\/p>\n<p data-start=\"133\" data-end=\"404\">Le <strong data-start=\"136\" data-end=\"154\">sel spirituel<\/strong> est un \u00e9l\u00e9ment largement utilis\u00e9 dans les rituels \u00e9sot\u00e9riques et les pratiques de nettoyage \u00e9nerg\u00e9tique. Contrairement au sel commun, il est souvent consacr\u00e9 ou m\u00e9lang\u00e9 \u00e0 des herbes, des essences ou des min\u00e9raux ayant des propri\u00e9t\u00e9s symboliques et vibratoires sp\u00e9cifiques. <\/p>\n<h3 data-start=\"406\" data-end=\"430\">\ud83c\udf3f \u00c0 quoi sert-il ?<\/h3>\n<p data-start=\"432\" data-end=\"481\">Le sel spirituel est principalement utilis\u00e9 pour :<\/p>\n<ul data-start=\"483\" data-end=\"736\">\n<li data-start=\"483\" data-end=\"551\">\n<p data-start=\"485\" data-end=\"551\"><strong data-start=\"485\" data-end=\"515\">Nettoyer les \u00e9nergies n\u00e9gatives<\/strong> des personnes, des objets ou des environnements.<\/p>\n<\/li>\n<li data-start=\"552\" data-end=\"613\">\n<p data-start=\"554\" data-end=\"613\"><strong data-start=\"554\" data-end=\"566\">Prot\u00e9ger<\/strong> contre les influences spirituelles ind\u00e9sirables.<\/p>\n<\/li>\n<li data-start=\"614\" data-end=\"684\">\n<p data-start=\"616\" data-end=\"684\"><strong data-start=\"616\" data-end=\"629\">Purifier<\/strong> les espaces avant les rituels, les m\u00e9ditations ou les lectures.<\/p>\n<\/li>\n<li data-start=\"685\" data-end=\"736\">\n<p data-start=\"687\" data-end=\"736\"><strong data-start=\"687\" data-end=\"721\">\u00c9lever la vibration \u00e9nerg\u00e9tique<\/strong> de l&rsquo;environnement.<\/p>\n<\/li>\n<\/ul>\n<h3 data-start=\"738\" data-end=\"758\">\ud83d\udd2e Formes d&rsquo;utilisation<\/h3>\n<ul data-start=\"760\" data-end=\"1090\">\n<li data-start=\"760\" data-end=\"854\">\n<p data-start=\"762\" data-end=\"854\"><strong data-start=\"762\" data-end=\"784\">Bains \u00e9nerg\u00e9tiques :<\/strong> M\u00e9lang\u00e9 \u00e0 de l&rsquo;eau et \u00e0 d&rsquo;autres ingr\u00e9dients (comme du romarin, de la rue ou de la lavande).<\/p>\n<\/li>\n<li data-start=\"855\" data-end=\"935\">\n<p data-start=\"857\" data-end=\"935\"><strong data-start=\"857\" data-end=\"887\">Fumigations et d\u00e9 fumigations :<\/strong> Avec des herbes, dans les rituels de purification.<\/p>\n<\/li>\n<li data-start=\"936\" data-end=\"1014\">\n<p data-start=\"938\" data-end=\"1014\"><strong data-start=\"938\" data-end=\"977\">Saupoudr\u00e9 sur les portes et dans les coins :<\/strong> Pour prot\u00e9ger la maison ou le commerce.<\/p>\n<\/li>\n<li data-start=\"1015\" data-end=\"1090\">\n<p data-start=\"1017\" data-end=\"1090\"><strong data-start=\"1017\" data-end=\"1044\">Cercles de protection :<\/strong> Pendant les pratiques spirituelles ou m\u00e9ditatives.<\/p>\n<\/li>\n<\/ul>\n<h3 data-start=\"1092\" data-end=\"1122\">\ud83e\uddd8\u200d\u2640\ufe0f Un alli\u00e9 spirituel<\/h3>\n<p data-start=\"1124\" data-end=\"1303\">Le sel est un symbole de puret\u00e9 et de protection depuis l&rsquo;Antiquit\u00e9. Utiliser du sel spirituel est une fa\u00e7on puissante et simple de maintenir l&rsquo;\u00e9quilibre \u00e9nerg\u00e9tique dans votre vie quotidienne. <\/p>\n","protected":false},"excerpt":{"rendered":"<p><strong>Sel Ajo Macho<\/strong><\/p>\n<p><strong>\u00c9limine les forces n\u00e9gatives<\/strong><\/p>\n","protected":false},"featured_media":848,"comment_status":"open","ping_status":"closed","template":"","meta":[],"product_brand":[],"product_cat":[139,145,249,250],"product_tag":[],"class_list":{"0":"post-26084","1":"product","2":"type-product","3":"status-publish","4":"has-post-thumbnail","6":"product_cat-esoteriques","7":"product_cat-mystikus-collection","8":"product_cat-sel-esoterique","9":"product_cat-sels","11":"first","12":"instock","13":"shipping-taxable","14":"purchasable","15":"product-type-simple"},"_links":{"self":[{"href":"https:\/\/mystikus.dsignpoint.com\/fr\/wp-json\/wp\/v2\/product\/26084","targetHints":{"allow":["GET"]}}],"collection":[{"href":"https:\/\/mystikus.dsignpoint.com\/fr\/wp-json\/wp\/v2\/product"}],"about":[{"href":"https:\/\/mystikus.dsignpoint.com\/fr\/wp-json\/wp\/v2\/types\/product"}],"replies":[{"embeddable":true,"href":"https:\/\/mystikus.dsignpoint.com\/fr\/wp-json\/wp\/v2\/comments?post=26084"}],"wp:featuredmedia":[{"embeddable":true,"href":"https:\/\/mystikus.dsignpoint.com\/fr\/wp-json\/wp\/v2\/media\/848"}],"wp:attachment":[{"href":"https:\/\/mystikus.dsignpoint.com\/fr\/wp-json\/wp\/v2\/media?parent=26084"}],"wp:term":[{"taxonomy":"product_brand","embeddable":true,"href":"https:\/\/mystikus.dsignpoint.com\/fr\/wp-json\/wp\/v2\/product_brand?post=26084"},{"taxonomy":"product_cat","embeddable":true,"href":"https:\/\/mystikus.dsignpoint.com\/fr\/wp-json\/wp\/v2\/product_cat?post=26084"},{"taxonomy":"product_tag","embeddable":true,"href":"https:\/\/mystikus.dsignpoint.com\/fr\/wp-json\/wp\/v2\/product_tag?post=26084"}],"curies":[{"name":"wp","href":"https:\/\/api.w.org\/{rel}","templated":true}]}}