{"id":26135,"date":"2025-08-04T17:43:45","date_gmt":"2025-08-04T15:43:45","guid":{"rendered":"https:\/\/mystikus.dsignpoint.com\/producto\/pointe-dopale-rose\/"},"modified":"2025-08-04T17:43:45","modified_gmt":"2025-08-04T15:43:45","slug":"pointe-dopale-rose","status":"publish","type":"product","link":"https:\/\/mystikus.dsignpoint.com\/fr\/producto\/pointe-dopale-rose\/","title":{"rendered":"Pointe d&rsquo;Opale Rose"},"content":{"rendered":"<h3 data-start=\"96\" data-end=\"150\"><strong data-start=\"103\" data-end=\"150\">Description \u00e9sot\u00e9rique \u2013 Pointe d&rsquo;Opale Rose<\/strong><\/h3>\n<p data-start=\"152\" data-end=\"426\">L&rsquo;<strong data-start=\"155\" data-end=\"169\">Opale Rose<\/strong> est une pierre de <strong data-start=\"187\" data-end=\"241\">gu\u00e9rison \u00e9motionnelle profonde, de tendresse et d&rsquo;amour propre<\/strong>. Son \u00e9nergie douce et r\u00e9confortante agit directement sur le <strong data-start=\"304\" data-end=\"322\">chakra du c\u0153ur<\/strong>, aidant \u00e0 lib\u00e9rer les blessures pass\u00e9es, \u00e0 surmonter les peurs affectives et \u00e0 ouvrir l&rsquo;\u00e2me au pardon et \u00e0 la compassion. <\/p>\n<p data-start=\"428\" data-end=\"642\">Sous forme de pointe, l&rsquo;Opale Rose canalise cette \u00e9nergie vers l&rsquo;\u00e9l\u00e9vation \u00e9motionnelle, apportant clart\u00e9 dans les sentiments, calme dans les moments de douleur et une capacit\u00e9 renouvel\u00e9e d&rsquo;aimer \u2014 en commen\u00e7ant par soi-m\u00eame.<\/p>\n<hr data-start=\"644\" data-end=\"647\">\n<h3 data-start=\"649\" data-end=\"688\">\u2728 <strong data-start=\"655\" data-end=\"688\">Propri\u00e9t\u00e9s \u00e9sot\u00e9riques cl\u00e9s :<\/strong><\/h3>\n<ul data-start=\"690\" data-end=\"970\">\n<li data-start=\"690\" data-end=\"728\">\n<p data-start=\"692\" data-end=\"728\">Ouvre et harmonise le chakra du c\u0153ur.<\/p>\n<\/li>\n<li data-start=\"729\" data-end=\"785\">\n<p data-start=\"731\" data-end=\"785\">Favorise l&rsquo;amour propre, la douceur et l&rsquo;acceptation.<\/p>\n<\/li>\n<li data-start=\"786\" data-end=\"855\">\n<p data-start=\"788\" data-end=\"855\">Lib\u00e8re les blocages \u00e9motionnels anciens et adoucit les traumatismes affectifs.<\/p>\n<\/li>\n<li data-start=\"856\" data-end=\"905\">\n<p data-start=\"858\" data-end=\"905\">Attire des relations amoureuses saines et authentiques.<\/p>\n<\/li>\n<li data-start=\"906\" data-end=\"970\">\n<p data-start=\"908\" data-end=\"970\">Id\u00e9al pour les moments de gu\u00e9rison, de deuil ou de reconnexion \u00e9motionnelle.<\/p>\n<\/li>\n<\/ul>\n","protected":false},"excerpt":{"rendered":"<p data-start=\"169\" data-end=\"228\">L&rsquo;<strong data-start=\"155\" data-end=\"169\">Opale Rose<\/strong> est une pierre de <strong data-start=\"187\" data-end=\"241\">gu\u00e9rison \u00e9motionnelle profonde, de tendresse et d&rsquo;amour propre<\/strong><\/p>\n<pre data-start=\"75\" data-end=\"133\"><span style=\"font-size: 1rem; white-space-collapse: preserve;\">Taille 9,5 cm<\/span><\/pre>\n","protected":false},"featured_media":23943,"comment_status":"open","ping_status":"closed","template":"","meta":[],"product_brand":[],"product_cat":[109,232],"product_tag":[],"class_list":{"0":"post-26135","1":"product","2":"type-product","3":"status-publish","4":"has-post-thumbnail","6":"product_cat-mineraux","7":"product_cat-pointes","9":"first","10":"instock","11":"shipping-taxable","12":"purchasable","13":"product-type-simple"},"_links":{"self":[{"href":"https:\/\/mystikus.dsignpoint.com\/fr\/wp-json\/wp\/v2\/product\/26135","targetHints":{"allow":["GET"]}}],"collection":[{"href":"https:\/\/mystikus.dsignpoint.com\/fr\/wp-json\/wp\/v2\/product"}],"about":[{"href":"https:\/\/mystikus.dsignpoint.com\/fr\/wp-json\/wp\/v2\/types\/product"}],"replies":[{"embeddable":true,"href":"https:\/\/mystikus.dsignpoint.com\/fr\/wp-json\/wp\/v2\/comments?post=26135"}],"wp:featuredmedia":[{"embeddable":true,"href":"https:\/\/mystikus.dsignpoint.com\/fr\/wp-json\/wp\/v2\/media\/23943"}],"wp:attachment":[{"href":"https:\/\/mystikus.dsignpoint.com\/fr\/wp-json\/wp\/v2\/media?parent=26135"}],"wp:term":[{"taxonomy":"product_brand","embeddable":true,"href":"https:\/\/mystikus.dsignpoint.com\/fr\/wp-json\/wp\/v2\/product_brand?post=26135"},{"taxonomy":"product_cat","embeddable":true,"href":"https:\/\/mystikus.dsignpoint.com\/fr\/wp-json\/wp\/v2\/product_cat?post=26135"},{"taxonomy":"product_tag","embeddable":true,"href":"https:\/\/mystikus.dsignpoint.com\/fr\/wp-json\/wp\/v2\/product_tag?post=26135"}],"curies":[{"name":"wp","href":"https:\/\/api.w.org\/{rel}","templated":true}]}}