{"id":26138,"date":"2025-07-25T15:36:26","date_gmt":"2025-07-25T13:36:26","guid":{"rendered":"https:\/\/mystikus.dsignpoint.com\/producto\/druse-damethyste\/"},"modified":"2025-07-25T15:36:26","modified_gmt":"2025-07-25T13:36:26","slug":"druse-damethyste","status":"publish","type":"product","link":"https:\/\/mystikus.dsignpoint.com\/fr\/producto\/druse-damethyste\/","title":{"rendered":"Druse d&rsquo;Am\u00e9thyste"},"content":{"rendered":"<p data-start=\"138\" data-end=\"199\"><strong data-start=\"138\" data-end=\"199\">Druse d&rsquo;Am\u00e9thyste \u2013 \u00c9nergie, Beaut\u00e9 et Protection Naturelle<\/strong><\/p>\n<p data-start=\"201\" data-end=\"478\">La druse d&rsquo;am\u00e9thyste est un joyau de la nature form\u00e9 de multiples cristaux qui \u00e9mergent d&rsquo;une m\u00eame base. Cette pierre semi-pr\u00e9cieuse est largement reconnue pour ses propri\u00e9t\u00e9s spirituelles et \u00e9nerg\u00e9tiques, \u00e9tant un symbole de tranquillit\u00e9, de sagesse et de connexion int\u00e9rieure. <\/p>\n<p data-start=\"480\" data-end=\"842\">L&rsquo;am\u00e9thyste travaille intens\u00e9ment \u00e0 la purification des espaces, aidant \u00e0 dissiper les \u00e9nergies n\u00e9gatives et favorisant une atmosph\u00e8re de paix. Elle est id\u00e9ale pour \u00eatre plac\u00e9e dans les maisons, les bureaux, les autels ou les espaces de m\u00e9ditation, o\u00f9 elle agit comme un puissant bouclier \u00e9nerg\u00e9tique. De plus, elle favorise la concentration, l&rsquo;\u00e9quilibre \u00e9motionnel et le d\u00e9veloppement spirituel.  <\/p>\n<p data-start=\"844\" data-end=\"1123\">Chaque druse est unique, avec des formations qui refl\u00e8tent l&rsquo;harmonie du monde min\u00e9ral. Sa couleur violette varie des tons doux aux tons profonds, rayonnant de beaut\u00e9 et de sophistication. C&rsquo;est aussi un cadeau significatif, parfait pour ceux qui recherchent le bien-\u00eatre et la protection dans leur vie quotidienne.  <\/p>\n<p data-start=\"1125\" data-end=\"1142\"><strong data-start=\"1125\" data-end=\"1142\">Usages courants :<\/strong><\/p>\n<ul data-start=\"1143\" data-end=\"1283\">\n<li data-start=\"1143\" data-end=\"1182\">\n<p data-start=\"1145\" data-end=\"1182\">M\u00e9ditation et pratiques spirituelles<\/p>\n<\/li>\n<li data-start=\"1183\" data-end=\"1212\">\n<p data-start=\"1185\" data-end=\"1212\">Harmonisation des ambiances<\/p>\n<\/li>\n<li data-start=\"1213\" data-end=\"1248\">\n<p data-start=\"1215\" data-end=\"1248\">D\u00e9coration \u00e9nerg\u00e9tique et naturelle<\/p>\n<\/li>\n<li data-start=\"1249\" data-end=\"1283\">\n<p data-start=\"1251\" data-end=\"1283\">Protection \u00e9nerg\u00e9tique personnelle<\/p>\n<\/li>\n<\/ul>\n<p data-start=\"1285\" data-end=\"1395\"><strong data-start=\"1285\" data-end=\"1305\">Chakra associ\u00e9 :<\/strong> Troisi\u00e8me \u0153il et couronne<br data-start=\"1325\" data-end=\"1328\"><strong data-start=\"1328\" data-end=\"1341\">\u00c9l\u00e9ment :<\/strong> Air<br data-start=\"1346\" data-end=\"1349\"><strong data-start=\"1349\" data-end=\"1368\">Signe zodiacal :<\/strong> Poissons, Verseau, Sagittaire<\/p>\n<p data-start=\"1397\" data-end=\"1501\">Int\u00e9grez une druse d&rsquo;am\u00e9thyste dans votre vie et permettez \u00e0 son \u00e9nergie de transformer votre espace et votre int\u00e9rieur.<\/p>\n<div class=\"spec-desc\">Mesure cm \u00b19&#215;4 cm<\/div>\n<div>\n<p>&nbsp;<\/p>\n<p><strong>Attention&nbsp;:<br \/>\n<\/strong><em>Il s&rsquo;agit d&rsquo;un produit naturel, la couleur et la forme peuvent donc varier et diff\u00e9rer de la photo pr\u00e9sent\u00e9e.<\/em><\/p>\n<\/div>\n","protected":false},"excerpt":{"rendered":"<div class=\"spec-desc\">Mesure cm \u00b19&#215;4 cm<\/div>\n<div>\n<p>&nbsp;<\/p>\n<\/div>\n","protected":false},"featured_media":23930,"comment_status":"closed","ping_status":"closed","template":"","meta":[],"product_brand":[],"product_cat":[172,109,106],"product_tag":[],"class_list":{"0":"post-26138","1":"product","2":"type-product","3":"status-publish","4":"has-post-thumbnail","6":"product_cat-geodes-et-druses","7":"product_cat-mineraux","8":"product_cat-mineraux-et-bijoux","10":"first","11":"instock","12":"shipping-taxable","13":"purchasable","14":"product-type-simple"},"_links":{"self":[{"href":"https:\/\/mystikus.dsignpoint.com\/fr\/wp-json\/wp\/v2\/product\/26138","targetHints":{"allow":["GET"]}}],"collection":[{"href":"https:\/\/mystikus.dsignpoint.com\/fr\/wp-json\/wp\/v2\/product"}],"about":[{"href":"https:\/\/mystikus.dsignpoint.com\/fr\/wp-json\/wp\/v2\/types\/product"}],"replies":[{"embeddable":true,"href":"https:\/\/mystikus.dsignpoint.com\/fr\/wp-json\/wp\/v2\/comments?post=26138"}],"wp:featuredmedia":[{"embeddable":true,"href":"https:\/\/mystikus.dsignpoint.com\/fr\/wp-json\/wp\/v2\/media\/23930"}],"wp:attachment":[{"href":"https:\/\/mystikus.dsignpoint.com\/fr\/wp-json\/wp\/v2\/media?parent=26138"}],"wp:term":[{"taxonomy":"product_brand","embeddable":true,"href":"https:\/\/mystikus.dsignpoint.com\/fr\/wp-json\/wp\/v2\/product_brand?post=26138"},{"taxonomy":"product_cat","embeddable":true,"href":"https:\/\/mystikus.dsignpoint.com\/fr\/wp-json\/wp\/v2\/product_cat?post=26138"},{"taxonomy":"product_tag","embeddable":true,"href":"https:\/\/mystikus.dsignpoint.com\/fr\/wp-json\/wp\/v2\/product_tag?post=26138"}],"curies":[{"name":"wp","href":"https:\/\/api.w.org\/{rel}","templated":true}]}}