{"id":26161,"date":"2025-07-22T18:37:06","date_gmt":"2025-07-22T16:37:06","guid":{"rendered":"https:\/\/mystikus.dsignpoint.com\/producto\/bracelet-de-chips-de-citrine\/"},"modified":"2025-07-22T18:37:06","modified_gmt":"2025-07-22T16:37:06","slug":"bracelet-de-chips-de-citrine","status":"publish","type":"product","link":"https:\/\/mystikus.dsignpoint.com\/fr\/producto\/bracelet-de-chips-de-citrine\/","title":{"rendered":"Bracelet de Chips de Citrine"},"content":{"rendered":"<hr data-start=\"122\" data-end=\"125\">\n<p data-start=\"156\" data-end=\"232\"><strong data-start=\"156\" data-end=\"232\">Bracelet de Chips de Citrine \u2013 Abondance, \u00c9nergie Positive et Cr\u00e9ativit\u00e9<\/strong><\/p>\n<p data-start=\"234\" data-end=\"478\">Irradiez lumi\u00e8re, joie et pouvoir personnel avec ce bracelet de chips naturelles de citrine. Sa couleur dor\u00e9e et chaleureuse \u00e9voque le soleil, et son \u00e9nergie vibrante en fait l\u2019une des pierres les plus puissantes pour attirer prosp\u00e9rit\u00e9, optimisme et motivation. <\/p>\n<p data-start=\"480\" data-end=\"723\">La citrine est connue comme la pierre de l\u2019abondance. Elle favorise la richesse dans tous les sens&nbsp;: \u00e9conomique, \u00e9motionnel et spirituel. Elle est id\u00e9ale pour ceux qui souhaitent manifester leurs objectifs, surmonter les blocages internes et vivre avec un enthousiasme renouvel\u00e9.  <\/p>\n<p data-start=\"725\" data-end=\"765\"><strong data-start=\"725\" data-end=\"765\">Propri\u00e9t\u00e9s \u00e9nerg\u00e9tiques de la citrine&nbsp;:<\/strong><\/p>\n<ul data-start=\"766\" data-end=\"960\">\n<li data-start=\"766\" data-end=\"809\">\n<p data-start=\"768\" data-end=\"809\">Attire la prosp\u00e9rit\u00e9, le succ\u00e8s et les opportunit\u00e9s.<\/p>\n<\/li>\n<li data-start=\"810\" data-end=\"855\">\n<p data-start=\"812\" data-end=\"855\">Renforce l\u2019estime de soi et le pouvoir personnel.<\/p>\n<\/li>\n<li data-start=\"856\" data-end=\"906\">\n<p data-start=\"858\" data-end=\"906\">Dissipe les \u00e9nergies n\u00e9gatives et favorise la joie.<\/p>\n<\/li>\n<li data-start=\"907\" data-end=\"960\">\n<p data-start=\"909\" data-end=\"960\">Stimule la cr\u00e9ativit\u00e9, la vitalit\u00e9 et la concentration.<\/p>\n<\/li>\n<\/ul>\n<p data-start=\"962\" data-end=\"995\"><strong data-start=\"962\" data-end=\"995\">Caract\u00e9ristiques du produit :<\/strong><\/p>\n<ul data-start=\"996\" data-end=\"1264\">\n<li data-start=\"996\" data-end=\"1047\">\n<p data-start=\"998\" data-end=\"1047\">Mat\u00e9riau&nbsp;: Chips naturelles de citrine (non teint\u00e9es).<\/p>\n<\/li>\n<li data-start=\"1048\" data-end=\"1103\">\n<p data-start=\"1050\" data-end=\"1103\">Conception \u00e9lastique\/adaptable faite \u00e0 la main avec intention.<\/p>\n<\/li>\n<li data-start=\"1104\" data-end=\"1189\">\n<p data-start=\"1106\" data-end=\"1189\">Id\u00e9al pour une utilisation quotidienne, les rituels de manifestation ou les moments de renouveau personnel.<\/p>\n<\/li>\n<li data-start=\"1190\" data-end=\"1264\">\n<p data-start=\"1192\" data-end=\"1264\">Parfait comme talisman pour les entrepreneurs, les artistes et les chercheurs de lumi\u00e8re.<\/p>\n<\/li>\n<\/ul>\n<p data-start=\"1266\" data-end=\"1420\">Portez ce bracelet comme symbole de croissance, de joie et de confiance en votre chemin. Que chaque pierre vous rappelle que vous \u00eates capable de briller de votre propre lumi\u00e8re. <\/p>\n","protected":false},"excerpt":{"rendered":"<p>Bracelet de Chips de Citrine \u2013 Abondance, \u00c9nergie Positive et Cr\u00e9ativit\u00e9 Irradiez lumi\u00e8re, joie et pouvoir personnel avec ce bracelet de chips naturelles de citrine. Sa couleur dor\u00e9e et chaleureuse \u00e9voque le soleil, et son \u00e9nergie vibrante en fait l\u2019une des pierres les plus puissantes pour attirer prosp\u00e9rit\u00e9, optimisme et motivation. La citrine est connue [&hellip;]<\/p>\n","protected":false},"featured_media":23925,"comment_status":"open","ping_status":"closed","template":"","meta":[],"product_brand":[],"product_cat":[134,109,106],"product_tag":[],"class_list":{"0":"post-26161","1":"product","2":"type-product","3":"status-publish","4":"has-post-thumbnail","6":"product_cat-bracelets","7":"product_cat-mineraux","8":"product_cat-mineraux-et-bijoux","10":"first","11":"instock","12":"shipping-taxable","13":"purchasable","14":"product-type-simple"},"_links":{"self":[{"href":"https:\/\/mystikus.dsignpoint.com\/fr\/wp-json\/wp\/v2\/product\/26161","targetHints":{"allow":["GET"]}}],"collection":[{"href":"https:\/\/mystikus.dsignpoint.com\/fr\/wp-json\/wp\/v2\/product"}],"about":[{"href":"https:\/\/mystikus.dsignpoint.com\/fr\/wp-json\/wp\/v2\/types\/product"}],"replies":[{"embeddable":true,"href":"https:\/\/mystikus.dsignpoint.com\/fr\/wp-json\/wp\/v2\/comments?post=26161"}],"wp:featuredmedia":[{"embeddable":true,"href":"https:\/\/mystikus.dsignpoint.com\/fr\/wp-json\/wp\/v2\/media\/23925"}],"wp:attachment":[{"href":"https:\/\/mystikus.dsignpoint.com\/fr\/wp-json\/wp\/v2\/media?parent=26161"}],"wp:term":[{"taxonomy":"product_brand","embeddable":true,"href":"https:\/\/mystikus.dsignpoint.com\/fr\/wp-json\/wp\/v2\/product_brand?post=26161"},{"taxonomy":"product_cat","embeddable":true,"href":"https:\/\/mystikus.dsignpoint.com\/fr\/wp-json\/wp\/v2\/product_cat?post=26161"},{"taxonomy":"product_tag","embeddable":true,"href":"https:\/\/mystikus.dsignpoint.com\/fr\/wp-json\/wp\/v2\/product_tag?post=26161"}],"curies":[{"name":"wp","href":"https:\/\/api.w.org\/{rel}","templated":true}]}}