{"id":26166,"date":"2025-07-22T18:32:21","date_gmt":"2025-07-22T16:32:21","guid":{"rendered":"https:\/\/mystikus.dsignpoint.com\/producto\/bracelet-de-chips-oeil-de-tigre\/"},"modified":"2025-07-22T18:32:21","modified_gmt":"2025-07-22T16:32:21","slug":"bracelet-de-chips-oeil-de-tigre","status":"publish","type":"product","link":"https:\/\/mystikus.dsignpoint.com\/fr\/producto\/bracelet-de-chips-oeil-de-tigre\/","title":{"rendered":"Bracelet de Chips \u0152il de Tigre"},"content":{"rendered":"<hr data-start=\"122\" data-end=\"125\">\n<p data-start=\"127\" data-end=\"205\"><strong data-start=\"127\" data-end=\"205\">Bracelet de Chips \u0152il de Tigre \u2013 Protection, Confiance et Force Int\u00e9rieure<\/strong><\/p>\n<p data-start=\"207\" data-end=\"479\">D\u00e9couvrez le pouvoir et l\u2019\u00e9nergie protectrice de l\u2019\u0153il de tigre avec ce bracelet fabriqu\u00e9 \u00e0 partir de chips naturelles. Avec ses tons dor\u00e9s et marrons qui refl\u00e8tent la lumi\u00e8re comme un \u0153il f\u00e9lin, cette pierre est valoris\u00e9e depuis des si\u00e8cles comme un puissant amulette de force et de protection. <\/p>\n<p data-start=\"481\" data-end=\"678\">L\u2019\u0153il de tigre est connu comme la pierre du courage et de la d\u00e9termination. Il apporte de la clart\u00e9 mentale, aide \u00e0 prendre des d\u00e9cisions en toute s\u00e9curit\u00e9 et prot\u00e8ge contre les \u00e9nergies n\u00e9gatives et le mauvais \u0153il. <\/p>\n<p data-start=\"680\" data-end=\"725\"><strong data-start=\"680\" data-end=\"725\">Propri\u00e9t\u00e9s \u00e9nerg\u00e9tiques de l\u2019\u0153il de tigre :<\/strong><\/p>\n<ul data-start=\"726\" data-end=\"940\">\n<li data-start=\"726\" data-end=\"774\">\n<p data-start=\"728\" data-end=\"774\">Apporte confiance, force de volont\u00e9 et courage.<\/p>\n<\/li>\n<li data-start=\"775\" data-end=\"822\">\n<p data-start=\"777\" data-end=\"822\">Prot\u00e8ge contre les envies et les \u00e9nergies n\u00e9gatives.<\/p>\n<\/li>\n<li data-start=\"823\" data-end=\"883\">\n<p data-start=\"825\" data-end=\"883\">Favorise la clart\u00e9 mentale et la concentration sur les objectifs.<\/p>\n<\/li>\n<li data-start=\"884\" data-end=\"940\">\n<p data-start=\"886\" data-end=\"940\">Attire la prosp\u00e9rit\u00e9 et l\u2019\u00e9quilibre entre l\u2019esprit et le corps.<\/p>\n<\/li>\n<\/ul>\n<p data-start=\"942\" data-end=\"975\"><strong data-start=\"942\" data-end=\"975\">Caract\u00e9ristiques du produit :<\/strong><\/p>\n<ul data-start=\"976\" data-end=\"1208\">\n<li data-start=\"976\" data-end=\"1036\">\n<p data-start=\"978\" data-end=\"1036\">Mat\u00e9riau&nbsp;: Chips naturelles d\u2019\u0153il de tigre de haute qualit\u00e9.<\/p>\n<\/li>\n<li data-start=\"1037\" data-end=\"1081\">\n<p data-start=\"1039\" data-end=\"1081\">Design \u00e9lastique ou r\u00e9glable, fait \u00e0 la main.<\/p>\n<\/li>\n<li data-start=\"1082\" data-end=\"1144\">\n<p data-start=\"1084\" data-end=\"1144\">Id\u00e9al pour un usage quotidien, des m\u00e9ditations ou comme amulette personnelle.<\/p>\n<\/li>\n<li data-start=\"1145\" data-end=\"1208\">\n<p data-start=\"1147\" data-end=\"1208\">Parfait pour ceux qui recherchent force, \u00e9quilibre et protection.<\/p>\n<\/li>\n<\/ul>\n<p data-start=\"1210\" data-end=\"1358\">Portez ce bracelet comme un rappel de votre pouvoir personnel, de votre capacit\u00e9 \u00e0 surmonter les d\u00e9fis et de votre connexion avec l\u2019\u00e9nergie de la terre et du soleil.<\/p>\n","protected":false},"excerpt":{"rendered":"<p>Bracelet de Chips \u0152il de Tigre \u2013 Protection, Confiance et Force Int\u00e9rieure D\u00e9couvrez le pouvoir et l\u2019\u00e9nergie protectrice de l\u2019\u0153il de tigre avec ce bracelet fabriqu\u00e9 \u00e0 partir de chips naturelles. Avec ses tons dor\u00e9s et marrons qui refl\u00e8tent la lumi\u00e8re comme un \u0153il f\u00e9lin, cette pierre est valoris\u00e9e depuis des si\u00e8cles comme un puissant [&hellip;]<\/p>\n","protected":false},"featured_media":23921,"comment_status":"open","ping_status":"closed","template":"","meta":[],"product_brand":[],"product_cat":[134,109,106],"product_tag":[],"class_list":{"0":"post-26166","1":"product","2":"type-product","3":"status-publish","4":"has-post-thumbnail","6":"product_cat-bracelets","7":"product_cat-mineraux","8":"product_cat-mineraux-et-bijoux","10":"first","11":"instock","12":"shipping-taxable","13":"purchasable","14":"product-type-simple"},"_links":{"self":[{"href":"https:\/\/mystikus.dsignpoint.com\/fr\/wp-json\/wp\/v2\/product\/26166","targetHints":{"allow":["GET"]}}],"collection":[{"href":"https:\/\/mystikus.dsignpoint.com\/fr\/wp-json\/wp\/v2\/product"}],"about":[{"href":"https:\/\/mystikus.dsignpoint.com\/fr\/wp-json\/wp\/v2\/types\/product"}],"replies":[{"embeddable":true,"href":"https:\/\/mystikus.dsignpoint.com\/fr\/wp-json\/wp\/v2\/comments?post=26166"}],"wp:featuredmedia":[{"embeddable":true,"href":"https:\/\/mystikus.dsignpoint.com\/fr\/wp-json\/wp\/v2\/media\/23921"}],"wp:attachment":[{"href":"https:\/\/mystikus.dsignpoint.com\/fr\/wp-json\/wp\/v2\/media?parent=26166"}],"wp:term":[{"taxonomy":"product_brand","embeddable":true,"href":"https:\/\/mystikus.dsignpoint.com\/fr\/wp-json\/wp\/v2\/product_brand?post=26166"},{"taxonomy":"product_cat","embeddable":true,"href":"https:\/\/mystikus.dsignpoint.com\/fr\/wp-json\/wp\/v2\/product_cat?post=26166"},{"taxonomy":"product_tag","embeddable":true,"href":"https:\/\/mystikus.dsignpoint.com\/fr\/wp-json\/wp\/v2\/product_tag?post=26166"}],"curies":[{"name":"wp","href":"https:\/\/api.w.org\/{rel}","templated":true}]}}