{"id":26173,"date":"2025-07-22T18:34:03","date_gmt":"2025-07-22T16:34:03","guid":{"rendered":"https:\/\/mystikus.dsignpoint.com\/producto\/bracelet-de-chips-de-lapis-lazuli\/"},"modified":"2025-07-22T18:34:03","modified_gmt":"2025-07-22T16:34:03","slug":"bracelet-de-chips-de-lapis-lazuli","status":"publish","type":"product","link":"https:\/\/mystikus.dsignpoint.com\/fr\/producto\/bracelet-de-chips-de-lapis-lazuli\/","title":{"rendered":"Bracelet de chips de lapis-lazuli"},"content":{"rendered":"<hr data-start=\"122\" data-end=\"125\">\n<p data-start=\"189\" data-end=\"266\"><strong data-start=\"189\" data-end=\"266\">Bracelet de chips de lapis-lazuli \u2013 Sagesse, v\u00e9rit\u00e9 et connexion spirituelle<\/strong><\/p>\n<p data-start=\"268\" data-end=\"540\">D\u00e9couvrez le pouvoir ancestral du lapis-lazuli avec ce bracelet unique fabriqu\u00e9 \u00e0 partir de chips naturelles de cette pierre sacr\u00e9e. Son bleu profond aux \u00e9clats dor\u00e9s \u00e9voque le ciel \u00e9toil\u00e9 et est un symbole de sagesse et de pouvoir int\u00e9rieur depuis les civilisations les plus anciennes. <\/p>\n<p data-start=\"542\" data-end=\"766\">Le lapis-lazuli est une pierre hautement spirituelle, associ\u00e9e \u00e0 la clart\u00e9 mentale, \u00e0 l&rsquo;expression authentique et \u00e0 l&rsquo;ouverture du troisi\u00e8me \u0153il. Il favorise la communication honn\u00eate, l&rsquo;intuition et la connexion avec votre v\u00e9rit\u00e9 la plus profonde. <\/p>\n<p data-start=\"768\" data-end=\"812\"><strong data-start=\"768\" data-end=\"812\">Propri\u00e9t\u00e9s \u00e9nerg\u00e9tiques du lapis-lazuli :<\/strong><\/p>\n<ul data-start=\"813\" data-end=\"1039\">\n<li data-start=\"813\" data-end=\"874\">\n<p data-start=\"815\" data-end=\"874\">Stimule l&rsquo;esprit et am\u00e9liore la concentration et la m\u00e9moire.<\/p>\n<\/li>\n<li data-start=\"875\" data-end=\"934\">\n<p data-start=\"877\" data-end=\"934\">Facilite l&rsquo;expression \u00e9motionnelle et verbale \u00e0 partir de la v\u00e9rit\u00e9.<\/p>\n<\/li>\n<li data-start=\"935\" data-end=\"978\">\n<p data-start=\"937\" data-end=\"978\">Active l&rsquo;intuition et la vision int\u00e9rieure.<\/p>\n<\/li>\n<li data-start=\"979\" data-end=\"1039\">\n<p data-start=\"981\" data-end=\"1039\">Favorise la conscience de soi, l&rsquo;\u00e9quilibre et la paix mentale.<\/p>\n<\/li>\n<\/ul>\n<p data-start=\"1041\" data-end=\"1074\"><strong data-start=\"1041\" data-end=\"1074\">Caract\u00e9ristiques du produit :<\/strong><\/p>\n<ul data-start=\"1075\" data-end=\"1385\">\n<li data-start=\"1075\" data-end=\"1145\">\n<p data-start=\"1077\" data-end=\"1145\">Mat\u00e9riau : Chips naturelles de lapis-lazuli avec des veines dor\u00e9es (pyrite).<\/p>\n<\/li>\n<li data-start=\"1146\" data-end=\"1212\">\n<p data-start=\"1148\" data-end=\"1212\">Design confortable et ajustable (\u00e9lastique ou avec fermeture, fait \u00e0 la main).<\/p>\n<\/li>\n<li data-start=\"1213\" data-end=\"1298\">\n<p data-start=\"1215\" data-end=\"1298\">Id\u00e9al pour la m\u00e9ditation, les s\u00e9ances spirituelles ou comme accessoire quotidien avec intention.<\/p>\n<\/li>\n<li data-start=\"1299\" data-end=\"1385\">\n<p data-start=\"1301\" data-end=\"1385\">Parfait pour les personnes cr\u00e9atives, communicantes ou en processus de d\u00e9couverte de soi.<\/p>\n<\/li>\n<\/ul>\n<p data-start=\"1387\" data-end=\"1529\">Portez ce bracelet comme symbole de sagesse, d&rsquo;authenticit\u00e9 et de connexion avec votre \u00eatre sup\u00e9rieur. Un bijou avec histoire, \u00e9nergie et beaut\u00e9 intemporelle. <\/p>\n","protected":false},"excerpt":{"rendered":"<p>Bracelet de chips de lapis-lazuli \u2013 Sagesse, v\u00e9rit\u00e9 et connexion spirituelle D\u00e9couvrez le pouvoir ancestral du lapis-lazuli avec ce bracelet unique fabriqu\u00e9 \u00e0 partir de chips naturelles de cette pierre sacr\u00e9e. Son bleu profond aux \u00e9clats dor\u00e9s \u00e9voque le ciel \u00e9toil\u00e9 et est un symbole de sagesse et de pouvoir int\u00e9rieur depuis les civilisations les [&hellip;]<\/p>\n","protected":false},"featured_media":23923,"comment_status":"open","ping_status":"closed","template":"","meta":[],"product_brand":[],"product_cat":[134,109,106],"product_tag":[],"class_list":{"0":"post-26173","1":"product","2":"type-product","3":"status-publish","4":"has-post-thumbnail","6":"product_cat-bracelets","7":"product_cat-mineraux","8":"product_cat-mineraux-et-bijoux","10":"first","11":"instock","12":"shipping-taxable","13":"purchasable","14":"product-type-simple"},"_links":{"self":[{"href":"https:\/\/mystikus.dsignpoint.com\/fr\/wp-json\/wp\/v2\/product\/26173","targetHints":{"allow":["GET"]}}],"collection":[{"href":"https:\/\/mystikus.dsignpoint.com\/fr\/wp-json\/wp\/v2\/product"}],"about":[{"href":"https:\/\/mystikus.dsignpoint.com\/fr\/wp-json\/wp\/v2\/types\/product"}],"replies":[{"embeddable":true,"href":"https:\/\/mystikus.dsignpoint.com\/fr\/wp-json\/wp\/v2\/comments?post=26173"}],"wp:featuredmedia":[{"embeddable":true,"href":"https:\/\/mystikus.dsignpoint.com\/fr\/wp-json\/wp\/v2\/media\/23923"}],"wp:attachment":[{"href":"https:\/\/mystikus.dsignpoint.com\/fr\/wp-json\/wp\/v2\/media?parent=26173"}],"wp:term":[{"taxonomy":"product_brand","embeddable":true,"href":"https:\/\/mystikus.dsignpoint.com\/fr\/wp-json\/wp\/v2\/product_brand?post=26173"},{"taxonomy":"product_cat","embeddable":true,"href":"https:\/\/mystikus.dsignpoint.com\/fr\/wp-json\/wp\/v2\/product_cat?post=26173"},{"taxonomy":"product_tag","embeddable":true,"href":"https:\/\/mystikus.dsignpoint.com\/fr\/wp-json\/wp\/v2\/product_tag?post=26173"}],"curies":[{"name":"wp","href":"https:\/\/api.w.org\/{rel}","templated":true}]}}