{"id":26177,"date":"2025-07-22T18:25:49","date_gmt":"2025-07-22T16:25:49","guid":{"rendered":"https:\/\/mystikus.dsignpoint.com\/producto\/bracelet-de-chips-de-quartz-rose\/"},"modified":"2025-07-22T18:25:49","modified_gmt":"2025-07-22T16:25:49","slug":"bracelet-de-chips-de-quartz-rose","status":"publish","type":"product","link":"https:\/\/mystikus.dsignpoint.com\/fr\/producto\/bracelet-de-chips-de-quartz-rose\/","title":{"rendered":"Bracelet de Chips de Quartz Rose"},"content":{"rendered":"<p data-start=\"162\" data-end=\"236\"><strong data-start=\"162\" data-end=\"236\">Bracelet de Chips de Quartz Rose \u2013 Amour, Gu\u00e9rison et Douceur du C\u0153ur<\/strong><\/p>\n<p data-start=\"238\" data-end=\"505\">Plongez dans l\u2019\u00e9nergie douce et aimante du quartz rose avec ce magnifique bracelet de chips naturels. Sa d\u00e9licate couleur ros\u00e9e et sa vibration apaisante en font un bijou essentiel pour ceux qui recherchent l\u2019amour de soi, l\u2019\u00e9quilibre \u00e9motionnel et l\u2019harmonie dans leurs relations. <\/p>\n<p data-start=\"507\" data-end=\"723\">Le quartz rose est connu comme la pierre de l\u2019amour inconditionnel. Non seulement il renforce les liens affectifs, mais il gu\u00e9rit aussi les blessures \u00e9motionnelles, favorise la compassion et ouvre le c\u0153ur \u00e0 la paix et \u00e0 l\u2019acceptation. <\/p>\n<p data-start=\"725\" data-end=\"769\"><strong data-start=\"725\" data-end=\"769\">Propri\u00e9t\u00e9s \u00e9nerg\u00e9tiques du quartz rose :<\/strong><\/p>\n<ul data-start=\"770\" data-end=\"967\">\n<li data-start=\"770\" data-end=\"812\">\n<p data-start=\"772\" data-end=\"812\">Favorise l\u2019amour de soi et l\u2019estime de soi.<\/p>\n<\/li>\n<li data-start=\"813\" data-end=\"860\">\n<p data-start=\"815\" data-end=\"860\">Gu\u00e9rit les \u00e9motions anciennes et favorise le pardon.<\/p>\n<\/li>\n<li data-start=\"861\" data-end=\"906\">\n<p data-start=\"863\" data-end=\"906\">Attire des relations saines et \u00e9quilibr\u00e9es.<\/p>\n<\/li>\n<li data-start=\"907\" data-end=\"967\">\n<p data-start=\"909\" data-end=\"967\">Calme le stress et procure une sensation de s\u00e9curit\u00e9 \u00e9motionnelle.<\/p>\n<\/li>\n<\/ul>\n<p data-start=\"969\" data-end=\"1002\"><strong data-start=\"969\" data-end=\"1002\">Caract\u00e9ristiques du produit :<\/strong><\/p>\n<ul data-start=\"1003\" data-end=\"1222\">\n<li data-start=\"1003\" data-end=\"1062\">\n<p data-start=\"1005\" data-end=\"1062\">Mat\u00e9riau : Chips naturels de quartz rose de haute qualit\u00e9.<\/p>\n<\/li>\n<li data-start=\"1063\" data-end=\"1108\">\n<p data-start=\"1065\" data-end=\"1108\">Design \u00e9lastique ou ajustable (fait \u00e0 la main).<\/p>\n<\/li>\n<li data-start=\"1109\" data-end=\"1180\">\n<p data-start=\"1111\" data-end=\"1180\">Id\u00e9al pour un usage quotidien, des m\u00e9ditations ou des rituels de gu\u00e9rison \u00e9motionnelle.<\/p>\n<\/li>\n<li data-start=\"1181\" data-end=\"1222\">\n<p data-start=\"1183\" data-end=\"1222\">Un cadeau plein d\u2019intention et de tendresse.<\/p>\n<\/li>\n<\/ul>\n<p data-start=\"1224\" data-end=\"1375\">Portez ce bracelet comme un amulette d\u2019amour et de compassion, un guide doux pour vous reconnecter avec votre c\u0153ur et avec la beaut\u00e9 de ressentir profond\u00e9ment.<\/p>\n","protected":false},"excerpt":{"rendered":"<p>Bracelet de Chips de Quartz Rose \u2013 Amour, Gu\u00e9rison et Douceur du C\u0153ur Plongez dans l\u2019\u00e9nergie douce et aimante du quartz rose avec ce magnifique bracelet de chips naturels. Sa d\u00e9licate couleur ros\u00e9e et sa vibration apaisante en font un bijou essentiel pour ceux qui recherchent l\u2019amour de soi, l\u2019\u00e9quilibre \u00e9motionnel et l\u2019harmonie dans leurs [&hellip;]<\/p>\n","protected":false},"featured_media":23918,"comment_status":"open","ping_status":"closed","template":"","meta":[],"product_brand":[],"product_cat":[134,109,106],"product_tag":[],"class_list":{"0":"post-26177","1":"product","2":"type-product","3":"status-publish","4":"has-post-thumbnail","6":"product_cat-bracelets","7":"product_cat-mineraux","8":"product_cat-mineraux-et-bijoux","10":"first","11":"instock","12":"shipping-taxable","13":"purchasable","14":"product-type-simple"},"_links":{"self":[{"href":"https:\/\/mystikus.dsignpoint.com\/fr\/wp-json\/wp\/v2\/product\/26177","targetHints":{"allow":["GET"]}}],"collection":[{"href":"https:\/\/mystikus.dsignpoint.com\/fr\/wp-json\/wp\/v2\/product"}],"about":[{"href":"https:\/\/mystikus.dsignpoint.com\/fr\/wp-json\/wp\/v2\/types\/product"}],"replies":[{"embeddable":true,"href":"https:\/\/mystikus.dsignpoint.com\/fr\/wp-json\/wp\/v2\/comments?post=26177"}],"wp:featuredmedia":[{"embeddable":true,"href":"https:\/\/mystikus.dsignpoint.com\/fr\/wp-json\/wp\/v2\/media\/23918"}],"wp:attachment":[{"href":"https:\/\/mystikus.dsignpoint.com\/fr\/wp-json\/wp\/v2\/media?parent=26177"}],"wp:term":[{"taxonomy":"product_brand","embeddable":true,"href":"https:\/\/mystikus.dsignpoint.com\/fr\/wp-json\/wp\/v2\/product_brand?post=26177"},{"taxonomy":"product_cat","embeddable":true,"href":"https:\/\/mystikus.dsignpoint.com\/fr\/wp-json\/wp\/v2\/product_cat?post=26177"},{"taxonomy":"product_tag","embeddable":true,"href":"https:\/\/mystikus.dsignpoint.com\/fr\/wp-json\/wp\/v2\/product_tag?post=26177"}],"curies":[{"name":"wp","href":"https:\/\/api.w.org\/{rel}","templated":true}]}}