{"id":26181,"date":"2025-07-22T18:10:22","date_gmt":"2025-07-22T16:10:22","guid":{"rendered":"https:\/\/mystikus.dsignpoint.com\/producto\/bracelet-de-chips-damethyste\/"},"modified":"2025-07-22T18:10:22","modified_gmt":"2025-07-22T16:10:22","slug":"bracelet-de-chips-damethyste","status":"publish","type":"product","link":"https:\/\/mystikus.dsignpoint.com\/fr\/producto\/bracelet-de-chips-damethyste\/","title":{"rendered":"Bracelet de Chips d&rsquo;Am\u00e9thyste"},"content":{"rendered":"<p data-start=\"198\" data-end=\"270\"><strong data-start=\"198\" data-end=\"270\">Bracelet de Chips d&rsquo;Am\u00e9thyste \u2013 \u00c9nergie, \u00c9quilibre et Beaut\u00e9 Naturelle<\/strong><\/p>\n<p data-start=\"272\" data-end=\"534\">D\u00e9couvrez l&rsquo;harmonie entre l&rsquo;esth\u00e9tique et le spirituel avec ce bracelet artisanal fabriqu\u00e9 avec des chips naturelles d&rsquo;am\u00e9thyste. Chaque pierre a \u00e9t\u00e9 soigneusement s\u00e9lectionn\u00e9e pour offrir non seulement un accessoire \u00e9l\u00e9gant, mais aussi une exp\u00e9rience \u00e9nerg\u00e9tique unique. <\/p>\n<p data-start=\"536\" data-end=\"824\">L&rsquo;am\u00e9thyste est connue depuis l&rsquo;Antiquit\u00e9 pour ses puissantes propri\u00e9t\u00e9s mystiques. Consid\u00e9r\u00e9e comme une pierre de protection et de transformation, elle aide \u00e0 calmer l&rsquo;esprit, \u00e0 r\u00e9duire le stress et \u00e0 favoriser la clart\u00e9 mentale. Elle est \u00e9galement associ\u00e9e \u00e0 l&rsquo;intuition, \u00e0 la sagesse et \u00e0 la connexion spirituelle.  <\/p>\n<p data-start=\"826\" data-end=\"868\"><strong data-start=\"826\" data-end=\"868\">Bienfaits \u00e9nerg\u00e9tiques de l&rsquo;am\u00e9thyste :<\/strong><\/p>\n<ul data-start=\"869\" data-end=\"1085\">\n<li data-start=\"869\" data-end=\"912\">\n<p data-start=\"871\" data-end=\"912\">Favorise la paix int\u00e9rieure et la relaxation.<\/p>\n<\/li>\n<li data-start=\"913\" data-end=\"964\">\n<p data-start=\"915\" data-end=\"964\">Stimule la m\u00e9ditation et l&rsquo;\u00e9quilibre \u00e9motionnel.<\/p>\n<\/li>\n<li data-start=\"965\" data-end=\"1024\">\n<p data-start=\"967\" data-end=\"1024\">Prot\u00e8ge contre les \u00e9nergies n\u00e9gatives et les pens\u00e9es toxiques.<\/p>\n<\/li>\n<li data-start=\"1025\" data-end=\"1085\">\n<p data-start=\"1027\" data-end=\"1085\">Renforce l&rsquo;intuition et la prise de d\u00e9cisions conscientes.<\/p>\n<\/li>\n<\/ul>\n<p data-start=\"1087\" data-end=\"1120\"><strong data-start=\"1087\" data-end=\"1120\">Caract\u00e9ristiques du produit :<\/strong><\/p>\n<ul data-start=\"1121\" data-end=\"1334\">\n<li data-start=\"1121\" data-end=\"1166\">\n<p data-start=\"1123\" data-end=\"1166\">Mat\u00e9riau : Chips d&rsquo;am\u00e9thyste 100 % naturelles.<\/p>\n<\/li>\n<li data-start=\"1167\" data-end=\"1229\">\n<p data-start=\"1169\" data-end=\"1229\">Design \u00e9lastique\/adaptable (en option, peut \u00eatre personnalis\u00e9).<\/p>\n<\/li>\n<li data-start=\"1230\" data-end=\"1269\">\n<p data-start=\"1232\" data-end=\"1269\">Fabriqu\u00e9 \u00e0 la main avec intention et soin.<\/p>\n<\/li>\n<li data-start=\"1270\" data-end=\"1334\">\n<p data-start=\"1272\" data-end=\"1334\">Id\u00e9al pour un usage quotidien, la m\u00e9ditation ou comme cadeau significatif.<\/p>\n<\/li>\n<\/ul>\n<p data-start=\"1336\" data-end=\"1480\">Portez ce bracelet comme symbole de calme, de protection et de beaut\u00e9 naturelle. Parfait pour ceux qui recherchent un style authentique avec une touche spirituelle. <\/p>\n","protected":false},"excerpt":{"rendered":"<p>Bracelet de Chips d&rsquo;Am\u00e9thyste \u2013 \u00c9nergie, \u00c9quilibre et Beaut\u00e9 Naturelle D\u00e9couvrez l&rsquo;harmonie entre l&rsquo;esth\u00e9tique et le spirituel avec ce bracelet artisanal fabriqu\u00e9 avec des chips naturelles d&rsquo;am\u00e9thyste. Chaque pierre a \u00e9t\u00e9 soigneusement s\u00e9lectionn\u00e9e pour offrir non seulement un accessoire \u00e9l\u00e9gant, mais aussi une exp\u00e9rience \u00e9nerg\u00e9tique unique. L&rsquo;am\u00e9thyste est connue depuis l&rsquo;Antiquit\u00e9 pour ses puissantes propri\u00e9t\u00e9s [&hellip;]<\/p>\n","protected":false},"featured_media":23914,"comment_status":"open","ping_status":"closed","template":"","meta":[],"product_brand":[],"product_cat":[134,109,106],"product_tag":[],"class_list":{"0":"post-26181","1":"product","2":"type-product","3":"status-publish","4":"has-post-thumbnail","6":"product_cat-bracelets","7":"product_cat-mineraux","8":"product_cat-mineraux-et-bijoux","10":"first","11":"instock","12":"shipping-taxable","13":"purchasable","14":"product-type-simple"},"_links":{"self":[{"href":"https:\/\/mystikus.dsignpoint.com\/fr\/wp-json\/wp\/v2\/product\/26181","targetHints":{"allow":["GET"]}}],"collection":[{"href":"https:\/\/mystikus.dsignpoint.com\/fr\/wp-json\/wp\/v2\/product"}],"about":[{"href":"https:\/\/mystikus.dsignpoint.com\/fr\/wp-json\/wp\/v2\/types\/product"}],"replies":[{"embeddable":true,"href":"https:\/\/mystikus.dsignpoint.com\/fr\/wp-json\/wp\/v2\/comments?post=26181"}],"wp:featuredmedia":[{"embeddable":true,"href":"https:\/\/mystikus.dsignpoint.com\/fr\/wp-json\/wp\/v2\/media\/23914"}],"wp:attachment":[{"href":"https:\/\/mystikus.dsignpoint.com\/fr\/wp-json\/wp\/v2\/media?parent=26181"}],"wp:term":[{"taxonomy":"product_brand","embeddable":true,"href":"https:\/\/mystikus.dsignpoint.com\/fr\/wp-json\/wp\/v2\/product_brand?post=26181"},{"taxonomy":"product_cat","embeddable":true,"href":"https:\/\/mystikus.dsignpoint.com\/fr\/wp-json\/wp\/v2\/product_cat?post=26181"},{"taxonomy":"product_tag","embeddable":true,"href":"https:\/\/mystikus.dsignpoint.com\/fr\/wp-json\/wp\/v2\/product_tag?post=26181"}],"curies":[{"name":"wp","href":"https:\/\/api.w.org\/{rel}","templated":true}]}}