{"id":26201,"date":"2025-07-19T12:23:09","date_gmt":"2025-07-19T10:23:09","guid":{"rendered":"https:\/\/mystikus.dsignpoint.com\/producto\/bracelet-lucky-charme-etoile\/"},"modified":"2025-07-19T12:23:09","modified_gmt":"2025-07-19T10:23:09","slug":"bracelet-lucky-charme-etoile","status":"publish","type":"product","link":"https:\/\/mystikus.dsignpoint.com\/fr\/producto\/bracelet-lucky-charme-etoile\/","title":{"rendered":"Bracelet Lucky Charme \u00c9toile"},"content":{"rendered":"<p data-start=\"164\" data-end=\"235\"><strong data-start=\"164\" data-end=\"235\">\u00ab Bracelet Lucky Charm avec \u00c9toile \u2013 Lumi\u00e8re, Guide et V\u0153ux \u00e0 R\u00e9aliser \u00bb<\/strong><\/p>\n<p data-start=\"237\" data-end=\"523\">Le bracelet Lucky Charm avec \u00e9toile est un d\u00e9licat amulette plein de signification, qui symbolise l\u2019espoir, la protection divine et le guide dans les moments importants de la vie. L\u2019\u00e9toile repr\u00e9sente aussi les r\u00eaves \u00e0 r\u00e9aliser et la lumi\u00e8re int\u00e9rieure qui nous pousse \u00e0 aller de l\u2019avant. <\/p>\n<p data-start=\"525\" data-end=\"741\">Ce charm est id\u00e9al pour ceux qui recherchent l\u2019inspiration, la clart\u00e9 et la connexion avec leur objectif. Qu\u2019elle soit une \u00e9toile solitaire ou accompagn\u00e9e d\u2019autres \u00e9l\u00e9ments, elle transmet \u00e9nergie positive, direction et \u00e9quilibre spirituel. <\/p>\n<p data-start=\"743\" data-end=\"923\">Fabriqu\u00e9 avec des mat\u00e9riaux de qualit\u00e9 et un design ajustable, il est parfait pour un usage quotidien. Son style subtil et symbolique en fait un accessoire polyvalent, plein d\u2019intention et de beaut\u00e9. <\/p>\n<p data-start=\"925\" data-end=\"1083\">Un cadeau parfait pour souhaiter \u00e0 quelqu\u2019un de sp\u00e9cial de la lumi\u00e8re sur son chemin, ou pour vous-m\u00eame comme rappel de votre \u00e9clat personnel, de vos objectifs et de votre force int\u00e9rieure.<\/p>\n","protected":false},"excerpt":{"rendered":"<p>\u00ab Bracelet Lucky Charm avec \u00c9toile \u2013 Lumi\u00e8re, Guide et V\u0153ux \u00e0 R\u00e9aliser \u00bb Le bracelet Lucky Charm avec \u00e9toile est un d\u00e9licat amulette plein de signification, qui symbolise l\u2019espoir, la protection divine et le guide dans les moments importants de la vie. L\u2019\u00e9toile repr\u00e9sente aussi les r\u00eaves \u00e0 r\u00e9aliser et la lumi\u00e8re int\u00e9rieure qui [&hellip;]<\/p>\n","protected":false},"featured_media":23910,"comment_status":"open","ping_status":"closed","template":"","meta":[],"product_brand":[],"product_cat":[254,139,222],"product_tag":[],"class_list":{"0":"post-26201","1":"product","2":"type-product","3":"status-publish","4":"has-post-thumbnail","6":"product_cat-bracelets-spirituels","7":"product_cat-esoteriques","8":"product_cat-talismans-et-amulettes","10":"first","11":"instock","12":"shipping-taxable","13":"purchasable","14":"product-type-simple"},"_links":{"self":[{"href":"https:\/\/mystikus.dsignpoint.com\/fr\/wp-json\/wp\/v2\/product\/26201","targetHints":{"allow":["GET"]}}],"collection":[{"href":"https:\/\/mystikus.dsignpoint.com\/fr\/wp-json\/wp\/v2\/product"}],"about":[{"href":"https:\/\/mystikus.dsignpoint.com\/fr\/wp-json\/wp\/v2\/types\/product"}],"replies":[{"embeddable":true,"href":"https:\/\/mystikus.dsignpoint.com\/fr\/wp-json\/wp\/v2\/comments?post=26201"}],"wp:featuredmedia":[{"embeddable":true,"href":"https:\/\/mystikus.dsignpoint.com\/fr\/wp-json\/wp\/v2\/media\/23910"}],"wp:attachment":[{"href":"https:\/\/mystikus.dsignpoint.com\/fr\/wp-json\/wp\/v2\/media?parent=26201"}],"wp:term":[{"taxonomy":"product_brand","embeddable":true,"href":"https:\/\/mystikus.dsignpoint.com\/fr\/wp-json\/wp\/v2\/product_brand?post=26201"},{"taxonomy":"product_cat","embeddable":true,"href":"https:\/\/mystikus.dsignpoint.com\/fr\/wp-json\/wp\/v2\/product_cat?post=26201"},{"taxonomy":"product_tag","embeddable":true,"href":"https:\/\/mystikus.dsignpoint.com\/fr\/wp-json\/wp\/v2\/product_tag?post=26201"}],"curies":[{"name":"wp","href":"https:\/\/api.w.org\/{rel}","templated":true}]}}