{"id":26209,"date":"2025-07-19T12:19:33","date_gmt":"2025-07-19T10:19:33","guid":{"rendered":"https:\/\/mystikus.dsignpoint.com\/producto\/bracelet-lucky-charme-infini\/"},"modified":"2025-07-19T12:19:33","modified_gmt":"2025-07-19T10:19:33","slug":"bracelet-lucky-charme-infini","status":"publish","type":"product","link":"https:\/\/mystikus.dsignpoint.com\/fr\/producto\/bracelet-lucky-charme-infini\/","title":{"rendered":"Bracelet Lucky Charme Infini"},"content":{"rendered":"<p data-start=\"128\" data-end=\"223\"><strong data-start=\"128\" data-end=\"223\">\u00ab Bracelet Lucky Charm avec Symbole de l&rsquo;Infini \u2013 Amour \u00c9ternel, \u00c9quilibre et \u00c9nergie Positive \u00bb<\/strong><\/p>\n<p data-start=\"225\" data-end=\"474\">Le bracelet Lucky Charm avec le symbole de l&rsquo;infini repr\u00e9sente l&rsquo;\u00e9ternit\u00e9, la connexion sans limites et l&rsquo;harmonie entre le corps, l&rsquo;esprit et l&rsquo;\u00e2me. C&rsquo;est un puissant talisman qui symbolise l&rsquo;amour \u00e9ternel, les cycles infinis de croissance et l&rsquo;\u00e9quilibre int\u00e9rieur. <\/p>\n<p data-start=\"476\" data-end=\"670\">Ce design \u00e9l\u00e9gant allie spiritualit\u00e9 et style moderne, ce qui en fait une pi\u00e8ce significative pour ceux qui croient aux liens durables, \u00e0 la force int\u00e9rieure et au pouvoir de l&rsquo;univers.<\/p>\n<p data-start=\"672\" data-end=\"884\">Fabriqu\u00e9 avec des mat\u00e9riaux r\u00e9sistants et un design ajustable, ce bracelet est confortable pour un usage quotidien. Son d\u00e9licat charme de l&rsquo;infini le rend id\u00e9al pour exprimer l&rsquo;amour, la loyaut\u00e9 ou un objectif continu dans la vie. <\/p>\n<p data-start=\"886\" data-end=\"1033\">Parfait comme cadeau significatif, que ce soit pour un couple, un ami sp\u00e9cial ou comme rappel personnel de vos propres r\u00eaves et objectifs sans fin.<\/p>\n<p data-start=\"1035\" data-end=\"1127\">Un accessoire subtil mais plein de symbolisme, qui accompagne chaque pas avec intention et beaut\u00e9.<\/p>\n","protected":false},"excerpt":{"rendered":"<p>\u00ab Bracelet Lucky Charm avec Symbole de l&rsquo;Infini \u2013 Amour \u00c9ternel, \u00c9quilibre et \u00c9nergie Positive \u00bb Le bracelet Lucky Charm avec le symbole de l&rsquo;infini repr\u00e9sente l&rsquo;\u00e9ternit\u00e9, la connexion sans limites et l&rsquo;harmonie entre le corps, l&rsquo;esprit et l&rsquo;\u00e2me. C&rsquo;est un puissant talisman qui symbolise l&rsquo;amour \u00e9ternel, les cycles infinis de croissance et l&rsquo;\u00e9quilibre int\u00e9rieur. [&hellip;]<\/p>\n","protected":false},"featured_media":23908,"comment_status":"open","ping_status":"closed","template":"","meta":[],"product_brand":[],"product_cat":[254,139,222],"product_tag":[],"class_list":{"0":"post-26209","1":"product","2":"type-product","3":"status-publish","4":"has-post-thumbnail","6":"product_cat-bracelets-spirituels","7":"product_cat-esoteriques","8":"product_cat-talismans-et-amulettes","10":"first","11":"instock","12":"shipping-taxable","13":"purchasable","14":"product-type-simple"},"_links":{"self":[{"href":"https:\/\/mystikus.dsignpoint.com\/fr\/wp-json\/wp\/v2\/product\/26209","targetHints":{"allow":["GET"]}}],"collection":[{"href":"https:\/\/mystikus.dsignpoint.com\/fr\/wp-json\/wp\/v2\/product"}],"about":[{"href":"https:\/\/mystikus.dsignpoint.com\/fr\/wp-json\/wp\/v2\/types\/product"}],"replies":[{"embeddable":true,"href":"https:\/\/mystikus.dsignpoint.com\/fr\/wp-json\/wp\/v2\/comments?post=26209"}],"wp:featuredmedia":[{"embeddable":true,"href":"https:\/\/mystikus.dsignpoint.com\/fr\/wp-json\/wp\/v2\/media\/23908"}],"wp:attachment":[{"href":"https:\/\/mystikus.dsignpoint.com\/fr\/wp-json\/wp\/v2\/media?parent=26209"}],"wp:term":[{"taxonomy":"product_brand","embeddable":true,"href":"https:\/\/mystikus.dsignpoint.com\/fr\/wp-json\/wp\/v2\/product_brand?post=26209"},{"taxonomy":"product_cat","embeddable":true,"href":"https:\/\/mystikus.dsignpoint.com\/fr\/wp-json\/wp\/v2\/product_cat?post=26209"},{"taxonomy":"product_tag","embeddable":true,"href":"https:\/\/mystikus.dsignpoint.com\/fr\/wp-json\/wp\/v2\/product_tag?post=26209"}],"curies":[{"name":"wp","href":"https:\/\/api.w.org\/{rel}","templated":true}]}}