{"id":26215,"date":"2025-07-19T12:00:48","date_gmt":"2025-07-19T10:00:48","guid":{"rendered":"https:\/\/mystikus.dsignpoint.com\/producto\/bracelet-lucky-charme-main-de-fatima\/"},"modified":"2025-07-19T12:00:48","modified_gmt":"2025-07-19T10:00:48","slug":"bracelet-lucky-charme-main-de-fatima","status":"publish","type":"product","link":"https:\/\/mystikus.dsignpoint.com\/fr\/producto\/bracelet-lucky-charme-main-de-fatima\/","title":{"rendered":"Bracelet Lucky Charme Main de Fatima"},"content":{"rendered":"<p data-start=\"149\" data-end=\"233\"><strong data-start=\"149\" data-end=\"233\">\u00ab Bracelet Lucky Charm avec Main de Fatma \u2013 Protection, Chance et \u00c9nergie Positive \u00bb<\/strong><\/p>\n<p data-start=\"235\" data-end=\"433\">Le bracelet Lucky Charm avec le symbole de la Main de Fatma (Hamsa) est une amulette puissante utilis\u00e9e depuis l&rsquo;Antiquit\u00e9 pour attirer la bonne fortune, \u00e9loigner le mauvais \u0153il et offrir une protection spirituelle.<\/p>\n<p data-start=\"435\" data-end=\"676\">La Main de Fatma est reconnue universellement comme un symbole de d\u00e9fense contre les \u00e9nergies n\u00e9gatives, favorisant \u00e9galement la paix, le bien-\u00eatre et les b\u00e9n\u00e9dictions. Ce charm agit comme un gardien qui prot\u00e8ge le porteur dans tous les aspects de sa vie. <\/p>\n<p data-start=\"678\" data-end=\"939\">\u00c9labor\u00e9e avec des mat\u00e9riaux de qualit\u00e9, cette pulsera combine \u00e9l\u00e9gance et symbolisme. Son design ajustable la rend confortable et parfaite pour un usage quotidien. Id\u00e9al pour les personnes spirituelles, les croyants ou simplement pour ceux qui recherchent un accessoire avec style et signification.  <\/p>\n<p data-start=\"941\" data-end=\"1134\">Un cadeau plein d&rsquo;intention, id\u00e9al pour transmettre de bons v\u0153ux, de la protection et de l&rsquo;\u00e9nergie positive \u00e0 ceux que vous aimez le plus\u2026 ou pour vous, comme rappel de votre force int\u00e9rieure et de votre connexion spirituelle.<\/p>\n","protected":false},"excerpt":{"rendered":"<p>\u00ab Bracelet Lucky Charm avec Main de Fatma \u2013 Protection, Chance et \u00c9nergie Positive \u00bb Le bracelet Lucky Charm avec le symbole de la Main de Fatma (Hamsa) est une amulette puissante utilis\u00e9e depuis l&rsquo;Antiquit\u00e9 pour attirer la bonne fortune, \u00e9loigner le mauvais \u0153il et offrir une protection spirituelle. La Main de Fatma est reconnue [&hellip;]<\/p>\n","protected":false},"featured_media":23903,"comment_status":"open","ping_status":"closed","template":"","meta":[],"product_brand":[],"product_cat":[254,139,222],"product_tag":[],"class_list":{"0":"post-26215","1":"product","2":"type-product","3":"status-publish","4":"has-post-thumbnail","6":"product_cat-bracelets-spirituels","7":"product_cat-esoteriques","8":"product_cat-talismans-et-amulettes","10":"first","11":"instock","12":"shipping-taxable","13":"purchasable","14":"product-type-simple"},"_links":{"self":[{"href":"https:\/\/mystikus.dsignpoint.com\/fr\/wp-json\/wp\/v2\/product\/26215","targetHints":{"allow":["GET"]}}],"collection":[{"href":"https:\/\/mystikus.dsignpoint.com\/fr\/wp-json\/wp\/v2\/product"}],"about":[{"href":"https:\/\/mystikus.dsignpoint.com\/fr\/wp-json\/wp\/v2\/types\/product"}],"replies":[{"embeddable":true,"href":"https:\/\/mystikus.dsignpoint.com\/fr\/wp-json\/wp\/v2\/comments?post=26215"}],"wp:featuredmedia":[{"embeddable":true,"href":"https:\/\/mystikus.dsignpoint.com\/fr\/wp-json\/wp\/v2\/media\/23903"}],"wp:attachment":[{"href":"https:\/\/mystikus.dsignpoint.com\/fr\/wp-json\/wp\/v2\/media?parent=26215"}],"wp:term":[{"taxonomy":"product_brand","embeddable":true,"href":"https:\/\/mystikus.dsignpoint.com\/fr\/wp-json\/wp\/v2\/product_brand?post=26215"},{"taxonomy":"product_cat","embeddable":true,"href":"https:\/\/mystikus.dsignpoint.com\/fr\/wp-json\/wp\/v2\/product_cat?post=26215"},{"taxonomy":"product_tag","embeddable":true,"href":"https:\/\/mystikus.dsignpoint.com\/fr\/wp-json\/wp\/v2\/product_tag?post=26215"}],"curies":[{"name":"wp","href":"https:\/\/api.w.org\/{rel}","templated":true}]}}