{"id":26221,"date":"2025-07-19T12:04:27","date_gmt":"2025-07-19T10:04:27","guid":{"rendered":"https:\/\/mystikus.dsignpoint.com\/producto\/bracelet-lucky-charme-oeil-turc\/"},"modified":"2025-07-19T12:04:27","modified_gmt":"2025-07-19T10:04:27","slug":"bracelet-lucky-charme-oeil-turc","status":"publish","type":"product","link":"https:\/\/mystikus.dsignpoint.com\/fr\/producto\/bracelet-lucky-charme-oeil-turc\/","title":{"rendered":"Bracelet Lucky Charme \u0152il Turc"},"content":{"rendered":"<p data-start=\"173\" data-end=\"251\"><strong data-start=\"173\" data-end=\"251\">\u00ab Bracelet Lucky Charm avec \u0152il Turc \u2013 Protection, Intuition et Bonne Chance \u00bb<\/strong><\/p>\n<p data-start=\"253\" data-end=\"454\">Le bracelet Lucky Charm avec \u0152il Turc est bien plus qu\u2019un accessoire : c\u2019est une amulette ancestrale de protection \u00e9nerg\u00e9tique, con\u00e7ue pour absorber et d\u00e9vier le mauvais \u0153il, l\u2019envie et les mauvaises vibrations.<\/p>\n<p data-start=\"456\" data-end=\"735\">L\u2019\u0152il Turc, \u00e9galement connu sous le nom de \u00ab nazar \u00bb ou \u00ab l\u2019\u0153il qui voit tout \u00bb, symbolise la vigilance spirituelle et l\u2019intuition. On pense qu\u2019il agit comme un bouclier invisible, prot\u00e9geant le porteur des influences n\u00e9gatives et aidant \u00e0 maintenir la paix int\u00e9rieure et l\u2019\u00e9quilibre \u00e9motionnel. <\/p>\n<p data-start=\"737\" data-end=\"924\">Confectionn\u00e9 avec des mat\u00e9riaux de qualit\u00e9 et un design moderne et ajustable, ce bracelet est parfait \u00e0 porter tous les jours. Il apporte style, \u00e9nergie positive et une touche mystique \u00e0 votre look. <\/p>\n<p data-start=\"926\" data-end=\"1118\">Id\u00e9al comme cadeau avec intention : transmettez protection, bons v\u0153ux et \u00e9nergie propre \u00e0 ceux que vous aimez le plus. Il est \u00e9galement parfait pour vous, comme symbole de force, de clart\u00e9 et de soin spirituel. <\/p>\n","protected":false},"excerpt":{"rendered":"<p>\u00ab Bracelet Lucky Charm avec \u0152il Turc \u2013 Protection, Intuition et Bonne Chance \u00bb Le bracelet Lucky Charm avec \u0152il Turc est bien plus qu\u2019un accessoire : c\u2019est une amulette ancestrale de protection \u00e9nerg\u00e9tique, con\u00e7ue pour absorber et d\u00e9vier le mauvais \u0153il, l\u2019envie et les mauvaises vibrations. L\u2019\u0152il Turc, \u00e9galement connu sous le nom de [&hellip;]<\/p>\n","protected":false},"featured_media":23906,"comment_status":"open","ping_status":"closed","template":"","meta":[],"product_brand":[],"product_cat":[254,139,222],"product_tag":[],"class_list":{"0":"post-26221","1":"product","2":"type-product","3":"status-publish","4":"has-post-thumbnail","6":"product_cat-bracelets-spirituels","7":"product_cat-esoteriques","8":"product_cat-talismans-et-amulettes","10":"first","11":"instock","12":"shipping-taxable","13":"purchasable","14":"product-type-simple"},"_links":{"self":[{"href":"https:\/\/mystikus.dsignpoint.com\/fr\/wp-json\/wp\/v2\/product\/26221","targetHints":{"allow":["GET"]}}],"collection":[{"href":"https:\/\/mystikus.dsignpoint.com\/fr\/wp-json\/wp\/v2\/product"}],"about":[{"href":"https:\/\/mystikus.dsignpoint.com\/fr\/wp-json\/wp\/v2\/types\/product"}],"replies":[{"embeddable":true,"href":"https:\/\/mystikus.dsignpoint.com\/fr\/wp-json\/wp\/v2\/comments?post=26221"}],"wp:featuredmedia":[{"embeddable":true,"href":"https:\/\/mystikus.dsignpoint.com\/fr\/wp-json\/wp\/v2\/media\/23906"}],"wp:attachment":[{"href":"https:\/\/mystikus.dsignpoint.com\/fr\/wp-json\/wp\/v2\/media?parent=26221"}],"wp:term":[{"taxonomy":"product_brand","embeddable":true,"href":"https:\/\/mystikus.dsignpoint.com\/fr\/wp-json\/wp\/v2\/product_brand?post=26221"},{"taxonomy":"product_cat","embeddable":true,"href":"https:\/\/mystikus.dsignpoint.com\/fr\/wp-json\/wp\/v2\/product_cat?post=26221"},{"taxonomy":"product_tag","embeddable":true,"href":"https:\/\/mystikus.dsignpoint.com\/fr\/wp-json\/wp\/v2\/product_tag?post=26221"}],"curies":[{"name":"wp","href":"https:\/\/api.w.org\/{rel}","templated":true}]}}