{"id":26229,"date":"2025-07-19T11:37:50","date_gmt":"2025-07-19T09:37:50","guid":{"rendered":"https:\/\/mystikus.dsignpoint.com\/producto\/bracelet-sept-noeuds-avec-medaille-de-saint-benoit\/"},"modified":"2025-07-19T11:37:50","modified_gmt":"2025-07-19T09:37:50","slug":"bracelet-sept-noeuds-avec-medaille-de-saint-benoit","status":"publish","type":"product","link":"https:\/\/mystikus.dsignpoint.com\/fr\/producto\/bracelet-sept-noeuds-avec-medaille-de-saint-benoit\/","title":{"rendered":"Bracelet Sept N\u0153uds avec M\u00e9daille de Saint Beno\u00eet"},"content":{"rendered":"<p data-start=\"135\" data-end=\"211\"><strong data-start=\"135\" data-end=\"211\">\u00ab Bracelet des Sept N\u0153uds avec M\u00e9daille de Saint Beno\u00eet \u2013 Protection et Foi \u00bb<\/strong><\/p>\n<p data-start=\"213\" data-end=\"401\">Ce bracelet combine la puissante symbologie spirituelle des sept n\u0153uds avec la m\u00e9daille de Saint Beno\u00eet, reconnue pour sa force protectrice contre les \u00e9nergies n\u00e9gatives et les mauvaises influences.<\/p>\n<p data-start=\"403\" data-end=\"631\">Fabriqu\u00e9 \u00e0 la main avec un fil de haute r\u00e9sistance, son design ajustable s&rsquo;adapte confortablement \u00e0 tous les poignets. Chacun des sept n\u0153uds repr\u00e9sente une intention ou un d\u00e9sir de protection, de sant\u00e9, de prosp\u00e9rit\u00e9, d&rsquo;amour, de paix, de force et de foi. <\/p>\n<p data-start=\"633\" data-end=\"857\">La m\u00e9daille de Saint Beno\u00eet, situ\u00e9e au centre, est un ancien symbole de d\u00e9fense spirituelle, de b\u00e9n\u00e9diction et de guidance. Id\u00e9al \u00e0 porter tous les jours comme amulette ou \u00e0 offrir \u00e0 quelqu&rsquo;un de sp\u00e9cial comme geste d&rsquo;attention et de bons v\u0153ux. <\/p>\n<p data-start=\"859\" data-end=\"957\">Parfait pour ceux qui recherchent un accessoire avec une signification, \u00e9l\u00e9gant et charg\u00e9 d&rsquo;\u00e9nergie positive.<\/p>\n","protected":false},"excerpt":{"rendered":"<p>\u00ab Bracelet des Sept N\u0153uds avec M\u00e9daille de Saint Beno\u00eet \u2013 Protection et Foi \u00bb Ce bracelet combine la puissante symbologie spirituelle des sept n\u0153uds avec la m\u00e9daille de Saint Beno\u00eet, reconnue pour sa force protectrice contre les \u00e9nergies n\u00e9gatives et les mauvaises influences. Fabriqu\u00e9 \u00e0 la main avec un fil de haute r\u00e9sistance, son [&hellip;]<\/p>\n","protected":false},"featured_media":23897,"comment_status":"open","ping_status":"closed","template":"","meta":[],"product_brand":[],"product_cat":[254,139,222],"product_tag":[],"class_list":{"0":"post-26229","1":"product","2":"type-product","3":"status-publish","4":"has-post-thumbnail","6":"product_cat-bracelets-spirituels","7":"product_cat-esoteriques","8":"product_cat-talismans-et-amulettes","10":"first","11":"instock","12":"shipping-taxable","13":"purchasable","14":"product-type-simple"},"_links":{"self":[{"href":"https:\/\/mystikus.dsignpoint.com\/fr\/wp-json\/wp\/v2\/product\/26229","targetHints":{"allow":["GET"]}}],"collection":[{"href":"https:\/\/mystikus.dsignpoint.com\/fr\/wp-json\/wp\/v2\/product"}],"about":[{"href":"https:\/\/mystikus.dsignpoint.com\/fr\/wp-json\/wp\/v2\/types\/product"}],"replies":[{"embeddable":true,"href":"https:\/\/mystikus.dsignpoint.com\/fr\/wp-json\/wp\/v2\/comments?post=26229"}],"wp:featuredmedia":[{"embeddable":true,"href":"https:\/\/mystikus.dsignpoint.com\/fr\/wp-json\/wp\/v2\/media\/23897"}],"wp:attachment":[{"href":"https:\/\/mystikus.dsignpoint.com\/fr\/wp-json\/wp\/v2\/media?parent=26229"}],"wp:term":[{"taxonomy":"product_brand","embeddable":true,"href":"https:\/\/mystikus.dsignpoint.com\/fr\/wp-json\/wp\/v2\/product_brand?post=26229"},{"taxonomy":"product_cat","embeddable":true,"href":"https:\/\/mystikus.dsignpoint.com\/fr\/wp-json\/wp\/v2\/product_cat?post=26229"},{"taxonomy":"product_tag","embeddable":true,"href":"https:\/\/mystikus.dsignpoint.com\/fr\/wp-json\/wp\/v2\/product_tag?post=26229"}],"curies":[{"name":"wp","href":"https:\/\/api.w.org\/{rel}","templated":true}]}}