{"id":26289,"date":"2025-07-16T15:15:43","date_gmt":"2025-07-16T13:15:43","guid":{"rendered":"https:\/\/mystikus.dsignpoint.com\/producto\/pendentif-roue-du-zodiaque\/"},"modified":"2025-07-16T15:15:43","modified_gmt":"2025-07-16T13:15:43","slug":"pendentif-roue-du-zodiaque","status":"publish","type":"product","link":"https:\/\/mystikus.dsignpoint.com\/fr\/producto\/pendentif-roue-du-zodiaque\/","title":{"rendered":"Pendentif Roue du Zodiaque"},"content":{"rendered":"<h3 data-start=\"331\" data-end=\"398\">\u2648\u2652 <strong data-start=\"338\" data-end=\"398\">Pendentif Roue du Zodiaque \u2013 Amulette de Connexion Cosmique<\/strong><\/h3>\n<p data-start=\"400\" data-end=\"761\">Ce pendentif mystique repr\u00e9sente la <strong data-start=\"436\" data-end=\"457\">Roue du Zodiaque<\/strong>, un symbole puissant qui connecte le porteur aux \u00e9nergies astrales, aux cycles c\u00e9lestes et \u00e0 la sagesse ancestrale des signes du zodiaque. Grav\u00e9 en dor\u00e9 et avec une figure g\u00e9om\u00e9trique au centre, ce talisman est id\u00e9al pour ceux qui recherchent <strong data-start=\"704\" data-end=\"760\">la connaissance de soi, l&rsquo;\u00e9quilibre et la protection spirituelle<\/strong>. <\/p>\n<h4 data-start=\"763\" data-end=\"797\">\ud83c\udf0c <strong data-start=\"771\" data-end=\"797\">Signification \u00c9sot\u00e9rique:<\/strong><\/h4>\n<p data-start=\"798\" data-end=\"1054\">Les 12 signes du zodiaque sont dispos\u00e9s en cercle, repr\u00e9sentant <strong data-start=\"870\" data-end=\"925\">l&rsquo;unit\u00e9 du cosmos et la danse \u00e9ternelle des plan\u00e8tes<\/strong>. Le design central, qui rappelle une \u00e9toile ou un mandala sacr\u00e9, symbolise le <strong data-start=\"1004\" data-end=\"1022\">centre de l&rsquo;\u00eatre<\/strong> : l&rsquo;\u00e2me connect\u00e9e \u00e0 l&rsquo;univers. <\/p>\n<p data-start=\"1056\" data-end=\"1173\">La couleur dor\u00e9e active <strong data-start=\"1082\" data-end=\"1099\">l&rsquo;\u00e9nergie solaire<\/strong>, apportant vitalit\u00e9, clart\u00e9 mentale et attirance de bonnes opportunit\u00e9s.<\/p>\n<h4 data-start=\"1175\" data-end=\"1210\">\u2728 <strong data-start=\"1182\" data-end=\"1210\">B\u00e9n\u00e9fices spirituels:<\/strong><\/h4>\n<ul data-start=\"1211\" data-end=\"1505\">\n<li data-start=\"1211\" data-end=\"1271\">\n<p data-start=\"1213\" data-end=\"1271\">Renforce la <strong data-start=\"1226\" data-end=\"1270\">connexion avec ton signe solaire et ascendant<\/strong>.<\/p>\n<\/li>\n<li data-start=\"1272\" data-end=\"1334\">\n<p data-start=\"1274\" data-end=\"1334\">Apporte de la clart\u00e9 dans les moments de confusion et les changements de cycle.<\/p>\n<\/li>\n<li data-start=\"1335\" data-end=\"1427\">\n<p data-start=\"1337\" data-end=\"1427\">Sert de guide pour <strong data-start=\"1361\" data-end=\"1426\">l&rsquo;auto-exploration et la prise de d\u00e9cisions align\u00e9es avec le destin<\/strong>.<\/p>\n<\/li>\n<li data-start=\"1428\" data-end=\"1505\">\n<p data-start=\"1430\" data-end=\"1505\">Prot\u00e8ge contre les influences astrales n\u00e9gatives ou les d\u00e9s\u00e9quilibres \u00e9motionnels.<\/p>\n<\/li>\n<\/ul>\n<h4 data-start=\"1507\" data-end=\"1530\">\ud83c\udf1f <strong data-start=\"1515\" data-end=\"1530\">Id\u00e9al pour:<\/strong><\/h4>\n<ul data-start=\"1531\" data-end=\"1712\">\n<li data-start=\"1531\" data-end=\"1591\">\n<p data-start=\"1533\" data-end=\"1591\">Amoureux de l&rsquo;astrologie, de l&rsquo;alchimie ou de la symbologie \u00e9sot\u00e9rique.<\/p>\n<\/li>\n<li data-start=\"1592\" data-end=\"1650\">\n<p data-start=\"1594\" data-end=\"1650\">Personnes qui souhaitent approfondir leur chemin spirituel.<\/p>\n<\/li>\n<li data-start=\"1651\" data-end=\"1712\">\n<p data-start=\"1653\" data-end=\"1712\">Usage quotidien comme <strong data-start=\"1669\" data-end=\"1711\">amulette d&rsquo;harmonie et de but cosmique<\/strong>.<\/p>\n<\/li>\n<\/ul>\n<p data-start=\"1714\" data-end=\"1918\">Ce pendentif n&rsquo;est pas seulement un bijou : c&rsquo;est un portail vers ton vrai moi, un rappel de l&rsquo;ordre divin qui habite en toi et autour de toi. Porte-le pr\u00e8s du c\u0153ur et laisse l&rsquo;univers te parler. <\/p>\n<p>M\u00e9daille en acier inoxydable.<\/p>\n","protected":false},"excerpt":{"rendered":"<p>Pendentif en acier inoxydable<\/p>\n<p>&nbsp;<\/p>\n","protected":false},"featured_media":23875,"comment_status":"open","ping_status":"closed","template":"","meta":[],"product_brand":[],"product_cat":[257,222],"product_tag":[],"class_list":{"0":"post-26289","1":"product","2":"type-product","3":"status-publish","4":"has-post-thumbnail","6":"product_cat-acier","7":"product_cat-talismans-et-amulettes","9":"first","10":"instock","11":"shipping-taxable","12":"purchasable","13":"product-type-simple"},"_links":{"self":[{"href":"https:\/\/mystikus.dsignpoint.com\/fr\/wp-json\/wp\/v2\/product\/26289","targetHints":{"allow":["GET"]}}],"collection":[{"href":"https:\/\/mystikus.dsignpoint.com\/fr\/wp-json\/wp\/v2\/product"}],"about":[{"href":"https:\/\/mystikus.dsignpoint.com\/fr\/wp-json\/wp\/v2\/types\/product"}],"replies":[{"embeddable":true,"href":"https:\/\/mystikus.dsignpoint.com\/fr\/wp-json\/wp\/v2\/comments?post=26289"}],"wp:featuredmedia":[{"embeddable":true,"href":"https:\/\/mystikus.dsignpoint.com\/fr\/wp-json\/wp\/v2\/media\/23875"}],"wp:attachment":[{"href":"https:\/\/mystikus.dsignpoint.com\/fr\/wp-json\/wp\/v2\/media?parent=26289"}],"wp:term":[{"taxonomy":"product_brand","embeddable":true,"href":"https:\/\/mystikus.dsignpoint.com\/fr\/wp-json\/wp\/v2\/product_brand?post=26289"},{"taxonomy":"product_cat","embeddable":true,"href":"https:\/\/mystikus.dsignpoint.com\/fr\/wp-json\/wp\/v2\/product_cat?post=26289"},{"taxonomy":"product_tag","embeddable":true,"href":"https:\/\/mystikus.dsignpoint.com\/fr\/wp-json\/wp\/v2\/product_tag?post=26289"}],"curies":[{"name":"wp","href":"https:\/\/api.w.org\/{rel}","templated":true}]}}