{"id":26301,"date":"2025-07-16T15:24:23","date_gmt":"2025-07-16T13:24:23","guid":{"rendered":"https:\/\/mystikus.dsignpoint.com\/producto\/bougie-ouvre-chemins\/"},"modified":"2025-07-16T15:24:23","modified_gmt":"2025-07-16T13:24:23","slug":"bougie-ouvre-chemins","status":"publish","type":"product","link":"https:\/\/mystikus.dsignpoint.com\/fr\/producto\/bougie-ouvre-chemins\/","title":{"rendered":"Bougie Ouvre Chemins"},"content":{"rendered":"<h3 data-start=\"170\" data-end=\"240\">\ud83d\udd6f\ufe0f <strong data-start=\"178\" data-end=\"240\">Bougie \u00c9sot\u00e9rique \u2013 Lumi\u00e8re pour l\u2019\u00c2me et l\u2019Esprit<\/strong><\/h3>\n<p data-start=\"242\" data-end=\"522\">La <strong data-start=\"245\" data-end=\"274\">bougie \u00e9sot\u00e9rique<\/strong> est un canal sacr\u00e9 de lumi\u00e8re, d\u2019\u00e9nergie et de transformation. Utilis\u00e9e depuis des temps anciens dans les rituels, les pri\u00e8res et les m\u00e9ditations, elle repr\u00e9sente le <strong data-start=\"415\" data-end=\"463\">pont entre le monde physique et le spirituel<\/strong>. Sa flamme est symbole de vie, de protection et de pouvoir int\u00e9rieur.  <\/p>\n<h4 data-start=\"524\" data-end=\"557\">\u2728 <strong data-start=\"531\" data-end=\"557\">Signification \u00c9sot\u00e9rique&nbsp;:<\/strong><\/h4>\n<p data-start=\"558\" data-end=\"870\">Allumer une bougie est un acte d\u2019intention. C\u2019est ouvrir une porte \u00e0 l\u2019univers et activer des \u00e9nergies qui r\u00e9sonnent avec tes pens\u00e9es, tes d\u00e9sirs et tes objectifs. Cette bougie peut \u00eatre utilis\u00e9e pour <strong data-start=\"740\" data-end=\"778\">tout type de travaux spirituels<\/strong>&nbsp;: depuis le nettoyage \u00e9nerg\u00e9tique jusqu\u2019\u00e0 la manifestation de r\u00eaves et la connexion avec des guides spirituels.  <\/p>\n<h4 data-start=\"872\" data-end=\"908\">\ud83d\udd2e <strong data-start=\"880\" data-end=\"908\">B\u00e9n\u00e9fices spirituels&nbsp;:<\/strong><\/h4>\n<ul data-start=\"909\" data-end=\"1130\">\n<li data-start=\"909\" data-end=\"953\">\n<p data-start=\"911\" data-end=\"953\">\u00c9l\u00e8ve la vibration de l\u2019environnement et de l\u2019\u00e2me.<\/p>\n<\/li>\n<li data-start=\"954\" data-end=\"1013\">\n<p data-start=\"956\" data-end=\"1013\">Favorise l\u2019introspection, le calme et la clart\u00e9 mentale.<\/p>\n<\/li>\n<li data-start=\"1014\" data-end=\"1070\">\n<p data-start=\"1016\" data-end=\"1070\">Active le pouvoir de l\u2019intention et la loi de l\u2019attraction.<\/p>\n<\/li>\n<li data-start=\"1071\" data-end=\"1130\">\n<p data-start=\"1073\" data-end=\"1130\">Renforce les rituels, les m\u00e9ditations et les demandes personnelles.<\/p>\n<\/li>\n<\/ul>\n<h4 data-start=\"1132\" data-end=\"1155\">\ud83c\udf1f <strong data-start=\"1140\" data-end=\"1155\">Id\u00e9al pour:<\/strong><\/h4>\n<ul data-start=\"1156\" data-end=\"1371\">\n<li data-start=\"1156\" data-end=\"1222\">\n<p data-start=\"1158\" data-end=\"1222\">Utilisation sur les autels, les m\u00e9ditations, les nettoyages ou les moments de r\u00e9flexion.<\/p>\n<\/li>\n<li data-start=\"1223\" data-end=\"1288\">\n<p data-start=\"1225\" data-end=\"1288\">Les personnes qui recherchent l\u2019harmonie, un guide ou un espace de paix int\u00e9rieure.<\/p>\n<\/li>\n<li data-start=\"1289\" data-end=\"1371\">\n<p data-start=\"1291\" data-end=\"1371\">Tout type de pratique spirituelle, sans n\u00e9cessit\u00e9 d\u2019un objectif sp\u00e9cifique.<\/p>\n<\/li>\n<\/ul>\n<p data-start=\"1373\" data-end=\"1519\"><strong data-start=\"1373\" data-end=\"1389\">Mode d\u2019emploi&nbsp;:<\/strong> Allume-la dans un environnement tranquille, avec une intention claire ou une pri\u00e8re en t\u00eate. Laisse la flamme travailler avec toi et pour toi. <\/p>\n<p>D\u00e9bloque les chemins<br \/>\n\u00c9limine les obstacles<\/p>\n<p>Contenu&nbsp;: Bougie et pri\u00e8re<\/p>\n","protected":false},"excerpt":{"rendered":"<p>D\u00e9bloque les chemins<br \/>\n\u00c9limine les obstacles<\/p>\n<p>Contenu&nbsp;: Bougie et pri\u00e8re<\/p>\n","protected":false},"featured_media":23877,"comment_status":"open","ping_status":"closed","template":"","meta":[],"product_brand":[],"product_cat":[235,238,139,145],"product_tag":[],"class_list":{"0":"post-26301","1":"product","2":"type-product","3":"status-publish","4":"has-post-thumbnail","6":"product_cat-bougies","8":"product_cat-esoteriques","9":"product_cat-mystikus-collection","11":"first","12":"instock","13":"shipping-taxable","14":"purchasable","15":"product-type-simple"},"_links":{"self":[{"href":"https:\/\/mystikus.dsignpoint.com\/fr\/wp-json\/wp\/v2\/product\/26301","targetHints":{"allow":["GET"]}}],"collection":[{"href":"https:\/\/mystikus.dsignpoint.com\/fr\/wp-json\/wp\/v2\/product"}],"about":[{"href":"https:\/\/mystikus.dsignpoint.com\/fr\/wp-json\/wp\/v2\/types\/product"}],"replies":[{"embeddable":true,"href":"https:\/\/mystikus.dsignpoint.com\/fr\/wp-json\/wp\/v2\/comments?post=26301"}],"wp:featuredmedia":[{"embeddable":true,"href":"https:\/\/mystikus.dsignpoint.com\/fr\/wp-json\/wp\/v2\/media\/23877"}],"wp:attachment":[{"href":"https:\/\/mystikus.dsignpoint.com\/fr\/wp-json\/wp\/v2\/media?parent=26301"}],"wp:term":[{"taxonomy":"product_brand","embeddable":true,"href":"https:\/\/mystikus.dsignpoint.com\/fr\/wp-json\/wp\/v2\/product_brand?post=26301"},{"taxonomy":"product_cat","embeddable":true,"href":"https:\/\/mystikus.dsignpoint.com\/fr\/wp-json\/wp\/v2\/product_cat?post=26301"},{"taxonomy":"product_tag","embeddable":true,"href":"https:\/\/mystikus.dsignpoint.com\/fr\/wp-json\/wp\/v2\/product_tag?post=26301"}],"curies":[{"name":"wp","href":"https:\/\/api.w.org\/{rel}","templated":true}]}}