{"id":26307,"date":"2025-07-15T14:19:44","date_gmt":"2025-07-15T12:19:44","guid":{"rendered":"https:\/\/mystikus.dsignpoint.com\/producto\/tarot-universel\/"},"modified":"2025-07-15T14:19:44","modified_gmt":"2025-07-15T12:19:44","slug":"tarot-universel","status":"publish","type":"product","link":"https:\/\/mystikus.dsignpoint.com\/fr\/producto\/tarot-universel\/","title":{"rendered":"Tarot Universel"},"content":{"rendered":"<p data-start=\"198\" data-end=\"685\"><strong data-start=\"198\" data-end=\"274\">Tarot Universel \u2013 \u00c9dition Professionnelle Grand Format (Lo Scarabeo, Italie)<\/strong><br data-start=\"274\" data-end=\"277\">D\u00e9couvrez la force et l\u2019\u00e9l\u00e9gance du <strong data-start=\"315\" data-end=\"334\">Tarot Universel<\/strong>, une \u00e9dition professionnelle de grand format, cr\u00e9\u00e9e par <strong data-start=\"388\" data-end=\"403\">Lo Scarabeo<\/strong>, le prestigieux fabricant italien reconnu mondialement pour l\u2019excellence de ses jeux \u00e9sot\u00e9riques. Avec des illustrations de <strong data-start=\"530\" data-end=\"552\">Roberto De Angelis<\/strong>, cette version offre une r\u00e9interpr\u00e9tation moderne du tarot classique Rider-Waite-Smith, respectant fid\u00e8lement son symbolisme \u00e9sot\u00e9rique. <\/p>\n<p data-start=\"687\" data-end=\"711\"><strong data-start=\"687\" data-end=\"709\">Contenu du set :<\/strong><\/p>\n<ul data-start=\"712\" data-end=\"1003\">\n<li data-start=\"712\" data-end=\"837\">\n<p data-start=\"714\" data-end=\"837\">78 cartes en couleur, de grande taille (18 x 10 cm), avec une finition professionnelle et un vernis sp\u00e9cial pour une haute r\u00e9sistance.<\/p>\n<\/li>\n<li data-start=\"838\" data-end=\"946\">\n<p data-start=\"840\" data-end=\"946\">Manuel avec instructions divinatoires en 6 langues : espagnol, italien, anglais, fran\u00e7ais, allemand et chinois.<\/p>\n<\/li>\n<li data-start=\"947\" data-end=\"1003\">\n<p data-start=\"949\" data-end=\"1003\">Pr\u00e9sentation dans un \u00e9l\u00e9gant \u00e9tui rigide de protection.<\/p>\n<\/li>\n<\/ul>\n<p data-start=\"1005\" data-end=\"1405\"><strong data-start=\"1005\" data-end=\"1037\">Un jeu cr\u00e9\u00e9 pour durer<\/strong><br data-start=\"1037\" data-end=\"1040\">Gr\u00e2ce \u00e0 son format ample et son impression de haute qualit\u00e9, ce jeu est id\u00e9al pour ceux qui pratiquent le tarot de mani\u00e8re intensive : lecteurs professionnels, professeurs, \u00e9tudiants avanc\u00e9s ou animateurs d\u2019ateliers. La plus grande taille des cartes permet de mieux appr\u00e9cier les d\u00e9tails visuels, faisant de chaque tirage une exp\u00e9rience plus profonde et enrichissante. <\/p>\n<p data-start=\"1407\" data-end=\"1790\"><strong data-start=\"1407\" data-end=\"1434\">Art avec une \u00e2me \u00e9sot\u00e9rique<\/strong><br data-start=\"1434\" data-end=\"1437\">Roberto De Angelis r\u00e9interpr\u00e8te chaque arcane avec des traits modernes et une palette de couleurs sophistiqu\u00e9e, tout en restant fid\u00e8le \u00e0 la tradition \u00e9sot\u00e9rique du tarot initi\u00e9e par les occultistes anglais du XXe si\u00e8cle. Chaque image a \u00e9t\u00e9 soigneusement con\u00e7ue pour faciliter la connexion intuitive et spirituelle, \u00e9veillant chez le lecteur une conscience plus \u00e9lev\u00e9e. <\/p>\n<p data-start=\"1792\" data-end=\"2112\"><strong data-start=\"1792\" data-end=\"1827\">Bien plus qu\u2019un jeu de cartes<\/strong><br data-start=\"1827\" data-end=\"1830\">Le tarot, avec des si\u00e8cles d\u2019histoire derri\u00e8re lui, est un outil de connaissance de soi, d\u2019introspection et d\u2019orientation spirituelle. Cette \u00e9dition du <strong data-start=\"1976\" data-end=\"1995\">Tarot Universel<\/strong> invite \u00e0 explorer le pass\u00e9, comprendre le pr\u00e9sent et entrevoir le futur dans une perspective sage et consciente. <\/p>\n<p data-start=\"2114\" data-end=\"2304\">Il s\u2019agit d\u2019un <strong data-start=\"2125\" data-end=\"2182\">produit original fabriqu\u00e9 en Italie par Lo Scarabeo<\/strong>. Ce n\u2019est pas une copie non autoris\u00e9e. <\/p>\n","protected":false},"excerpt":{"rendered":"<p>Tarot Universel<\/p>\n<p>(INCLUT 78 CARTES)<\/p>\n","protected":false},"featured_media":23867,"comment_status":"open","ping_status":"closed","template":"","meta":[],"product_brand":[],"product_cat":[182,210],"product_tag":[],"class_list":{"0":"post-26307","1":"product","2":"type-product","3":"status-publish","4":"has-post-thumbnail","6":"product_cat-divination","7":"product_cat-tarots","9":"first","10":"instock","11":"shipping-taxable","12":"purchasable","13":"product-type-simple"},"_links":{"self":[{"href":"https:\/\/mystikus.dsignpoint.com\/fr\/wp-json\/wp\/v2\/product\/26307","targetHints":{"allow":["GET"]}}],"collection":[{"href":"https:\/\/mystikus.dsignpoint.com\/fr\/wp-json\/wp\/v2\/product"}],"about":[{"href":"https:\/\/mystikus.dsignpoint.com\/fr\/wp-json\/wp\/v2\/types\/product"}],"replies":[{"embeddable":true,"href":"https:\/\/mystikus.dsignpoint.com\/fr\/wp-json\/wp\/v2\/comments?post=26307"}],"wp:featuredmedia":[{"embeddable":true,"href":"https:\/\/mystikus.dsignpoint.com\/fr\/wp-json\/wp\/v2\/media\/23867"}],"wp:attachment":[{"href":"https:\/\/mystikus.dsignpoint.com\/fr\/wp-json\/wp\/v2\/media?parent=26307"}],"wp:term":[{"taxonomy":"product_brand","embeddable":true,"href":"https:\/\/mystikus.dsignpoint.com\/fr\/wp-json\/wp\/v2\/product_brand?post=26307"},{"taxonomy":"product_cat","embeddable":true,"href":"https:\/\/mystikus.dsignpoint.com\/fr\/wp-json\/wp\/v2\/product_cat?post=26307"},{"taxonomy":"product_tag","embeddable":true,"href":"https:\/\/mystikus.dsignpoint.com\/fr\/wp-json\/wp\/v2\/product_tag?post=26307"}],"curies":[{"name":"wp","href":"https:\/\/api.w.org\/{rel}","templated":true}]}}