{"id":26320,"date":"2025-07-15T14:14:47","date_gmt":"2025-07-15T12:14:47","guid":{"rendered":"https:\/\/mystikus.dsignpoint.com\/producto\/tarot-de-marseille\/"},"modified":"2025-07-15T14:14:47","modified_gmt":"2025-07-15T12:14:47","slug":"tarot-de-marseille","status":"publish","type":"product","link":"https:\/\/mystikus.dsignpoint.com\/fr\/producto\/tarot-de-marseille\/","title":{"rendered":"Tarot de Marseille"},"content":{"rendered":"<p data-start=\"182\" data-end=\"227\"><strong data-start=\"182\" data-end=\"227\">Jeu de Tarot Espagnol Fournier \u2013 78 Cartes<\/strong><\/p>\n<p data-start=\"229\" data-end=\"559\">Le jeu de Tarot Espagnol Fournier est un outil id\u00e9al tant pour les d\u00e9butants que pour les lecteurs exp\u00e9riment\u00e9s du tarot. Avec ses 78 cartes richement illustr\u00e9es, ce jeu a \u00e9t\u00e9 con\u00e7u sp\u00e9cifiquement pour faciliter des lectures claires et profondes en langue espagnole, respectant la symbologie classique du tarot traditionnel. <\/p>\n<p data-start=\"561\" data-end=\"914\"><strong data-start=\"561\" data-end=\"576\">Comment l&rsquo;utiliser<\/strong><br data-start=\"576\" data-end=\"579\">Pour commencer, m\u00e9lange bien les cartes et cr\u00e9e un espace de calme et de concentration. Concentre ton esprit sur la question ou la situation que tu souhaites explorer, choisis ta m\u00e9thode de tirage (comme la croix celtique, trois cartes ou toute autre que tu pr\u00e9f\u00e8res) et laisse les cartes parler. Interpr\u00e8te les messages selon ton intuition et ta connaissance du tarot.  <\/p>\n<p data-start=\"916\" data-end=\"1170\"><strong data-start=\"916\" data-end=\"929\">Contenu<\/strong><br data-start=\"929\" data-end=\"932\">Le jeu se compose de 78 cartes divis\u00e9es entre Arcanes Majeurs et Arcanes Mineurs. Chacune pr\u00e9sente des illustrations d\u00e9taill\u00e9es et une symbologie classique du tarot espagnol, ce qui facilite l&rsquo;interpr\u00e9tation et apporte de la profondeur \u00e0 chaque lecture. <\/p>\n<p data-start=\"1172\" data-end=\"1445\"><strong data-start=\"1172\" data-end=\"1207\">Un jeu complet et accessible<\/strong><br data-start=\"1207\" data-end=\"1210\">Avec un design clair, traditionnel et en langue espagnole, ce jeu est parfait pour se connecter \u00e0 la sagesse du tarot de mani\u00e8re simple et efficace. Id\u00e9al pour les lectures personnelles, les consultations professionnelles ou comme outil d&rsquo;\u00e9tude. <\/p>\n","protected":false},"excerpt":{"rendered":"<p>Tarot de Marseille<\/p>\n<p>(INCLUT 78 CARTES)<\/p>\n","protected":false},"featured_media":23865,"comment_status":"open","ping_status":"closed","template":"","meta":[],"product_brand":[],"product_cat":[182,210],"product_tag":[],"class_list":{"0":"post-26320","1":"product","2":"type-product","3":"status-publish","4":"has-post-thumbnail","6":"product_cat-divination","7":"product_cat-tarots","9":"first","10":"instock","11":"shipping-taxable","12":"purchasable","13":"product-type-simple"},"_links":{"self":[{"href":"https:\/\/mystikus.dsignpoint.com\/fr\/wp-json\/wp\/v2\/product\/26320","targetHints":{"allow":["GET"]}}],"collection":[{"href":"https:\/\/mystikus.dsignpoint.com\/fr\/wp-json\/wp\/v2\/product"}],"about":[{"href":"https:\/\/mystikus.dsignpoint.com\/fr\/wp-json\/wp\/v2\/types\/product"}],"replies":[{"embeddable":true,"href":"https:\/\/mystikus.dsignpoint.com\/fr\/wp-json\/wp\/v2\/comments?post=26320"}],"wp:featuredmedia":[{"embeddable":true,"href":"https:\/\/mystikus.dsignpoint.com\/fr\/wp-json\/wp\/v2\/media\/23865"}],"wp:attachment":[{"href":"https:\/\/mystikus.dsignpoint.com\/fr\/wp-json\/wp\/v2\/media?parent=26320"}],"wp:term":[{"taxonomy":"product_brand","embeddable":true,"href":"https:\/\/mystikus.dsignpoint.com\/fr\/wp-json\/wp\/v2\/product_brand?post=26320"},{"taxonomy":"product_cat","embeddable":true,"href":"https:\/\/mystikus.dsignpoint.com\/fr\/wp-json\/wp\/v2\/product_cat?post=26320"},{"taxonomy":"product_tag","embeddable":true,"href":"https:\/\/mystikus.dsignpoint.com\/fr\/wp-json\/wp\/v2\/product_tag?post=26320"}],"curies":[{"name":"wp","href":"https:\/\/api.w.org\/{rel}","templated":true}]}}