{"id":26334,"date":"2025-07-15T14:04:45","date_gmt":"2025-07-15T12:04:45","guid":{"rendered":"https:\/\/mystikus.dsignpoint.com\/producto\/tarot-mystique\/"},"modified":"2025-07-15T14:04:45","modified_gmt":"2025-07-15T12:04:45","slug":"tarot-mystique","status":"publish","type":"product","link":"https:\/\/mystikus.dsignpoint.com\/fr\/producto\/tarot-mystique\/","title":{"rendered":"Tarot Mystique"},"content":{"rendered":"<p>La tradition antique rencontre la vision moderne dans le jeu de Tarot Mystique. La magie \u00e9sot\u00e9rique et les symboles des arts anciens sont remodel\u00e9s dans les magnifiques \u0153uvres d&rsquo;art de Luigi Costa. Peints \u00e0 l&rsquo;huile un par un sur bois, chaque arcane est un chef-d&rsquo;\u0153uvre, un calice secret d\u00e9bordant de la sagesse et du myst\u00e8re du tarot. Ces cartes ont une \u00e9nergie propre. Lorsque vous les utilisez dans un tirage de tarot, l&rsquo;impact \u00e9motionnel et spirituel r\u00e9sonne dans les confins les plus profonds de votre \u00e2me.    <\/p>\n","protected":false},"excerpt":{"rendered":"<p>Tarot Mystique<\/p>\n<p>(INCLUT 78 CARTES)<\/p>\n","protected":false},"featured_media":23863,"comment_status":"open","ping_status":"closed","template":"","meta":[],"product_brand":[],"product_cat":[182,210],"product_tag":[],"class_list":{"0":"post-26334","1":"product","2":"type-product","3":"status-publish","4":"has-post-thumbnail","6":"product_cat-divination","7":"product_cat-tarots","9":"first","10":"outofstock","11":"shipping-taxable","12":"purchasable","13":"product-type-simple"},"_links":{"self":[{"href":"https:\/\/mystikus.dsignpoint.com\/fr\/wp-json\/wp\/v2\/product\/26334","targetHints":{"allow":["GET"]}}],"collection":[{"href":"https:\/\/mystikus.dsignpoint.com\/fr\/wp-json\/wp\/v2\/product"}],"about":[{"href":"https:\/\/mystikus.dsignpoint.com\/fr\/wp-json\/wp\/v2\/types\/product"}],"replies":[{"embeddable":true,"href":"https:\/\/mystikus.dsignpoint.com\/fr\/wp-json\/wp\/v2\/comments?post=26334"}],"wp:featuredmedia":[{"embeddable":true,"href":"https:\/\/mystikus.dsignpoint.com\/fr\/wp-json\/wp\/v2\/media\/23863"}],"wp:attachment":[{"href":"https:\/\/mystikus.dsignpoint.com\/fr\/wp-json\/wp\/v2\/media?parent=26334"}],"wp:term":[{"taxonomy":"product_brand","embeddable":true,"href":"https:\/\/mystikus.dsignpoint.com\/fr\/wp-json\/wp\/v2\/product_brand?post=26334"},{"taxonomy":"product_cat","embeddable":true,"href":"https:\/\/mystikus.dsignpoint.com\/fr\/wp-json\/wp\/v2\/product_cat?post=26334"},{"taxonomy":"product_tag","embeddable":true,"href":"https:\/\/mystikus.dsignpoint.com\/fr\/wp-json\/wp\/v2\/product_tag?post=26334"}],"curies":[{"name":"wp","href":"https:\/\/api.w.org\/{rel}","templated":true}]}}