{"id":26338,"date":"2025-07-14T16:41:35","date_gmt":"2025-07-14T14:41:35","guid":{"rendered":"https:\/\/mystikus.dsignpoint.com\/producto\/amulette-pendentif-main-de-fatima\/"},"modified":"2025-07-14T16:41:35","modified_gmt":"2025-07-14T14:41:35","slug":"amulette-pendentif-main-de-fatima","status":"publish","type":"product","link":"https:\/\/mystikus.dsignpoint.com\/fr\/producto\/amulette-pendentif-main-de-fatima\/","title":{"rendered":"Amulette pendentif Main de Fatima"},"content":{"rendered":"<p>Avec nos m\u00e9dailles de la Main de Fatima, emportez avec vous la protection divine contre le mal en attirant l&rsquo;amour, la protection et le bien. Elles vous prot\u00e9geront \u00e9galement de l&rsquo;envie et du mauvais \u0153il.<\/p>\n<p>En plus d&rsquo;\u00eatre magnifiques et d&rsquo;excellente qualit\u00e9, nos m\u00e9dailles sont d&rsquo;authentiques amulettes de la chance.<\/p>\n<p>M\u00e9dailles en acier inoxydable.<\/p>\n","protected":false},"excerpt":{"rendered":"<p>Pendentifs en acier inoxydable<\/p>\n<p>disponibles en couleur Or et Argent<\/p>\n","protected":false},"featured_media":23857,"comment_status":"open","ping_status":"closed","template":"","meta":[],"product_brand":[],"product_cat":[257,222],"product_tag":[],"class_list":{"0":"post-26338","1":"product","2":"type-product","3":"status-publish","4":"has-post-thumbnail","6":"product_cat-acier","7":"product_cat-talismans-et-amulettes","9":"first","10":"instock","11":"shipping-taxable","12":"purchasable","13":"product-type-variable"},"_links":{"self":[{"href":"https:\/\/mystikus.dsignpoint.com\/fr\/wp-json\/wp\/v2\/product\/26338","targetHints":{"allow":["GET"]}}],"collection":[{"href":"https:\/\/mystikus.dsignpoint.com\/fr\/wp-json\/wp\/v2\/product"}],"about":[{"href":"https:\/\/mystikus.dsignpoint.com\/fr\/wp-json\/wp\/v2\/types\/product"}],"replies":[{"embeddable":true,"href":"https:\/\/mystikus.dsignpoint.com\/fr\/wp-json\/wp\/v2\/comments?post=26338"}],"wp:featuredmedia":[{"embeddable":true,"href":"https:\/\/mystikus.dsignpoint.com\/fr\/wp-json\/wp\/v2\/media\/23857"}],"wp:attachment":[{"href":"https:\/\/mystikus.dsignpoint.com\/fr\/wp-json\/wp\/v2\/media?parent=26338"}],"wp:term":[{"taxonomy":"product_brand","embeddable":true,"href":"https:\/\/mystikus.dsignpoint.com\/fr\/wp-json\/wp\/v2\/product_brand?post=26338"},{"taxonomy":"product_cat","embeddable":true,"href":"https:\/\/mystikus.dsignpoint.com\/fr\/wp-json\/wp\/v2\/product_cat?post=26338"},{"taxonomy":"product_tag","embeddable":true,"href":"https:\/\/mystikus.dsignpoint.com\/fr\/wp-json\/wp\/v2\/product_tag?post=26338"}],"curies":[{"name":"wp","href":"https:\/\/api.w.org\/{rel}","templated":true}]}}