{"id":26352,"date":"2025-07-14T16:37:40","date_gmt":"2025-07-14T14:37:40","guid":{"rendered":"https:\/\/mystikus.dsignpoint.com\/producto\/amulette-pendentif-etoile-de-david\/"},"modified":"2025-07-14T16:37:40","modified_gmt":"2025-07-14T14:37:40","slug":"amulette-pendentif-etoile-de-david","status":"publish","type":"product","link":"https:\/\/mystikus.dsignpoint.com\/fr\/producto\/amulette-pendentif-etoile-de-david\/","title":{"rendered":"Amulette pendentif \u00c9toile de David"},"content":{"rendered":"<p>Avec nos m\u00e9dailles magiques \u00c9toile de David, prot\u00e8ge-toi contre le mal et les d\u00e9mons. Lib\u00e8re-toi des \u00e9nergies n\u00e9gatives et attire la bonne fortune dans ta vie. <\/p>\n<p>En plus d&rsquo;\u00eatre magnifiques et d&rsquo;excellente qualit\u00e9, nos m\u00e9dailles sont de v\u00e9ritables amulettes de la chance.<\/p>\n<p>Pendentifs en acier inoxydable disponibles en couleur or et argent.<\/p>\n","protected":false},"excerpt":{"rendered":"<p>Pendentifs en acier inoxydable<\/p>\n<p>disponibles en couleur or et argent<\/p>\n","protected":false},"featured_media":23853,"comment_status":"open","ping_status":"closed","template":"","meta":[],"product_brand":[],"product_cat":[257,222],"product_tag":[],"class_list":{"0":"post-26352","1":"product","2":"type-product","3":"status-publish","4":"has-post-thumbnail","6":"product_cat-acier","7":"product_cat-talismans-et-amulettes","9":"first","10":"instock","11":"shipping-taxable","12":"purchasable","13":"product-type-variable"},"_links":{"self":[{"href":"https:\/\/mystikus.dsignpoint.com\/fr\/wp-json\/wp\/v2\/product\/26352","targetHints":{"allow":["GET"]}}],"collection":[{"href":"https:\/\/mystikus.dsignpoint.com\/fr\/wp-json\/wp\/v2\/product"}],"about":[{"href":"https:\/\/mystikus.dsignpoint.com\/fr\/wp-json\/wp\/v2\/types\/product"}],"replies":[{"embeddable":true,"href":"https:\/\/mystikus.dsignpoint.com\/fr\/wp-json\/wp\/v2\/comments?post=26352"}],"wp:featuredmedia":[{"embeddable":true,"href":"https:\/\/mystikus.dsignpoint.com\/fr\/wp-json\/wp\/v2\/media\/23853"}],"wp:attachment":[{"href":"https:\/\/mystikus.dsignpoint.com\/fr\/wp-json\/wp\/v2\/media?parent=26352"}],"wp:term":[{"taxonomy":"product_brand","embeddable":true,"href":"https:\/\/mystikus.dsignpoint.com\/fr\/wp-json\/wp\/v2\/product_brand?post=26352"},{"taxonomy":"product_cat","embeddable":true,"href":"https:\/\/mystikus.dsignpoint.com\/fr\/wp-json\/wp\/v2\/product_cat?post=26352"},{"taxonomy":"product_tag","embeddable":true,"href":"https:\/\/mystikus.dsignpoint.com\/fr\/wp-json\/wp\/v2\/product_tag?post=26352"}],"curies":[{"name":"wp","href":"https:\/\/api.w.org\/{rel}","templated":true}]}}