{"id":26454,"date":"2025-12-19T15:21:23","date_gmt":"2025-12-19T14:21:23","guid":{"rendered":"https:\/\/mystikus.dsignpoint.com\/?post_type=product&#038;p=26454"},"modified":"2025-12-19T15:26:39","modified_gmt":"2025-12-19T14:26:39","slug":"pyramide-dorgonite-avec-quartz-cristal-etoile-5-branches-copia","status":"publish","type":"product","link":"https:\/\/mystikus.dsignpoint.com\/fr\/producto\/pyramide-dorgonite-avec-quartz-cristal-etoile-5-branches-copia\/","title":{"rendered":"Pyramide d&rsquo;Orgonite avec lapis-lazuli"},"content":{"rendered":"<p data-start=\"98\" data-end=\"176\"><strong data-start=\"98\" data-end=\"176\">Pyramide d&rsquo;Orgonite avec Lapis-Lazuli \u2013 Sagesse, Intuition et Communication<\/strong><\/p>\n<p data-start=\"178\" data-end=\"203\"><strong data-start=\"178\" data-end=\"190\">Dimensions :<\/strong> 5 \u00d7 5 \u00d7 5 cm<\/p>\n<p data-start=\"205\" data-end=\"584\">D\u00e9couvrez l&rsquo;\u00e9nergie profonde et ancestrale du <strong data-start=\"250\" data-end=\"265\">lapis-lazuli<\/strong> avec cette pyramide d&rsquo;orgonite, fabriqu\u00e9e artisanalement pour renforcer l&rsquo;\u00e9quilibre mental et spirituel. Le lapis-lazuli est une pierre associ\u00e9e depuis l&rsquo;Antiquit\u00e9 \u00e0 la <strong data-start=\"435\" data-end=\"491\">sagesse, \u00e0 la v\u00e9rit\u00e9 et \u00e0 l&rsquo;expansion de la conscience<\/strong>, et est particuli\u00e8rement appr\u00e9ci\u00e9e pour son influence sur l&rsquo;intuition et la communication claire. <\/p>\n<p data-start=\"586\" data-end=\"811\">La combinaison de <strong data-start=\"604\" data-end=\"637\">r\u00e9sine, de m\u00e9taux et de lapis-lazuli<\/strong> fait de cette pyramide un puissant outil d&rsquo;harmonisation \u00e9nerg\u00e9tique, id\u00e9al pour \u00e9quilibrer l&rsquo;environnement, favoriser l&rsquo;introspection et soutenir les pratiques spirituelles.<\/p>\n<p data-start=\"813\" data-end=\"842\">\u2728 <strong data-start=\"815\" data-end=\"842\">Principaux avantages&nbsp;:<\/strong><\/p>\n<ul data-start=\"844\" data-end=\"1130\">\n<li data-start=\"844\" data-end=\"893\">\n<p data-start=\"846\" data-end=\"893\">Stimule la sagesse int\u00e9rieure et l&rsquo;intuition<\/p>\n<\/li>\n<li data-start=\"894\" data-end=\"953\">\n<p data-start=\"896\" data-end=\"953\">Favorise une communication claire et une expression authentique<\/p>\n<\/li>\n<li data-start=\"954\" data-end=\"1008\">\n<p data-start=\"956\" data-end=\"1008\">Aide \u00e0 calmer l&rsquo;esprit et \u00e0 r\u00e9duire le stress mental<\/p>\n<\/li>\n<li data-start=\"1009\" data-end=\"1060\">\n<p data-start=\"1011\" data-end=\"1060\">Renforce la m\u00e9ditation et la connexion spirituelle<\/p>\n<\/li>\n<li data-start=\"1061\" data-end=\"1130\">\n<p data-start=\"1063\" data-end=\"1130\">Contribue \u00e0 la protection \u00e9nerg\u00e9tique et \u00e0 l&rsquo;\u00e9quilibre de l&rsquo;environnement<\/p>\n<\/li>\n<\/ul>\n<p data-start=\"1132\" data-end=\"1351\">Parfaite pour les espaces de travail, d&rsquo;\u00e9tude, de m\u00e9ditation ou de repos, cette pyramide d&rsquo;orgonite avec lapis-lazuli est id\u00e9ale pour ceux qui recherchent <strong data-start=\"1270\" data-end=\"1334\">clart\u00e9 mentale, croissance spirituelle et harmonie \u00e9nerg\u00e9tique<\/strong> au quotidien.<\/p>\n","protected":false},"excerpt":{"rendered":"<p data-start=\"98\" data-end=\"176\"><strong data-start=\"98\" data-end=\"176\">Pyramide d&rsquo;Orgonite avec Lapis-Lazuli \u2013 Sagesse, Intuition et Communication<\/strong><\/p>\n<p data-start=\"178\" data-end=\"203\"><strong data-start=\"178\" data-end=\"190\">Dimensions :<\/strong> 5 \u00d7 5 \u00d7 5 cm<\/p>\n","protected":false},"featured_media":26458,"comment_status":"closed","ping_status":"closed","template":"","meta":[],"product_brand":[],"product_cat":[124,175],"product_tag":[],"class_list":{"0":"post-26454","1":"product","2":"type-product","3":"status-publish","4":"has-post-thumbnail","6":"product_cat-jardin-enchante","7":"product_cat-pyramides-orgonite","9":"first","10":"outofstock","11":"shipping-taxable","12":"purchasable","13":"product-type-simple"},"_links":{"self":[{"href":"https:\/\/mystikus.dsignpoint.com\/fr\/wp-json\/wp\/v2\/product\/26454","targetHints":{"allow":["GET"]}}],"collection":[{"href":"https:\/\/mystikus.dsignpoint.com\/fr\/wp-json\/wp\/v2\/product"}],"about":[{"href":"https:\/\/mystikus.dsignpoint.com\/fr\/wp-json\/wp\/v2\/types\/product"}],"replies":[{"embeddable":true,"href":"https:\/\/mystikus.dsignpoint.com\/fr\/wp-json\/wp\/v2\/comments?post=26454"}],"wp:featuredmedia":[{"embeddable":true,"href":"https:\/\/mystikus.dsignpoint.com\/fr\/wp-json\/wp\/v2\/media\/26458"}],"wp:attachment":[{"href":"https:\/\/mystikus.dsignpoint.com\/fr\/wp-json\/wp\/v2\/media?parent=26454"}],"wp:term":[{"taxonomy":"product_brand","embeddable":true,"href":"https:\/\/mystikus.dsignpoint.com\/fr\/wp-json\/wp\/v2\/product_brand?post=26454"},{"taxonomy":"product_cat","embeddable":true,"href":"https:\/\/mystikus.dsignpoint.com\/fr\/wp-json\/wp\/v2\/product_cat?post=26454"},{"taxonomy":"product_tag","embeddable":true,"href":"https:\/\/mystikus.dsignpoint.com\/fr\/wp-json\/wp\/v2\/product_tag?post=26454"}],"curies":[{"name":"wp","href":"https:\/\/api.w.org\/{rel}","templated":true}]}}