{"id":24554,"date":"2025-04-23T19:52:10","date_gmt":"2025-04-23T17:52:10","guid":{"rendered":"https:\/\/mystikus.dsignpoint.com\/politica-de-cookies\/"},"modified":"2025-09-16T13:00:32","modified_gmt":"2025-09-16T11:00:32","slug":"politica-de-cookies","status":"publish","type":"page","link":"https:\/\/mystikus.dsignpoint.com\/pt-pt\/politica-de-cookies\/","title":{"rendered":"Pol\u00edtica de Cookies"},"content":{"rendered":"\t\t<div data-elementor-type=\"wp-page\" data-elementor-id=\"24554\" class=\"elementor elementor-24554 elementor-390\" data-elementor-post-type=\"page\">\n\t\t\t\t<div data-particle_enable=\"false\" data-particle-mobile-disabled=\"false\" class=\"elementor-element elementor-element-bd39296 e-flex e-con-boxed e-con e-parent\" data-id=\"bd39296\" data-element_type=\"container\" data-settings=\"{&quot;background_background&quot;:&quot;classic&quot;,&quot;shape_divider_bottom&quot;:&quot;pyramids&quot;,&quot;shape_divider_bottom_negative&quot;:&quot;yes&quot;}\">\n\t\t\t\t\t<div class=\"e-con-inner\">\n\t\t\t\t<div class=\"elementor-shape elementor-shape-bottom\" aria-hidden=\"true\" data-negative=\"true\">\n\t\t\t<svg xmlns=\"http:\/\/www.w3.org\/2000\/svg\" viewBox=\"0 0 1000 100\" preserveAspectRatio=\"none\">\n\t<path class=\"elementor-shape-fill\" d=\"M761.9,40.6L643.1,24L333.9,93.8L0.1,1H0v99h1000V1\"\/>\n<\/svg>\t\t<\/div>\n\t\t\t\t<div class=\"elementor-element elementor-element-97a74ef elementor-widget elementor-widget-heading\" data-id=\"97a74ef\" data-element_type=\"widget\" data-widget_type=\"heading.default\">\n\t\t\t\t<div class=\"elementor-widget-container\">\n\t\t\t\t\t<h2 class=\"elementor-heading-title elementor-size-default\">Pol\u00edtica de Cookies<\/h2>\t\t\t\t<\/div>\n\t\t\t\t<\/div>\n\t\t\t\t\t<\/div>\n\t\t\t\t<\/div>\n\t\t<div data-particle_enable=\"false\" data-particle-mobile-disabled=\"false\" class=\"elementor-element elementor-element-58568f44 e-flex e-con-boxed e-con e-parent\" data-id=\"58568f44\" data-element_type=\"container\">\n\t\t\t\t\t<div class=\"e-con-inner\">\n\t\t<div data-particle_enable=\"false\" data-particle-mobile-disabled=\"false\" class=\"elementor-element elementor-element-13436e3 e-con-full e-flex e-con e-child\" data-id=\"13436e3\" data-element_type=\"container\">\n\t\t\t\t<div class=\"elementor-element elementor-element-08b5259 elementor-widget elementor-widget-heading\" data-id=\"08b5259\" data-element_type=\"widget\" data-widget_type=\"heading.default\">\n\t\t\t\t<div class=\"elementor-widget-container\">\n\t\t\t\t\t<h2 class=\"elementor-heading-title elementor-size-default\">1. ANTECEDENTES\n<\/h2>\t\t\t\t<\/div>\n\t\t\t\t<\/div>\n\t\t\t\t<div class=\"elementor-element elementor-element-94b3b71 elementor-widget elementor-widget-text-editor\" data-id=\"94b3b71\" data-element_type=\"widget\" data-widget_type=\"text-editor.default\">\n\t\t\t\t<div class=\"elementor-widget-container\">\n\t\t\t\t\t\t\t\t\t<div class=\"elementor-element elementor-element-76c5cff elementor-widget elementor-widget-text-editor\" data-id=\"76c5cff\" data-element_type=\"widget\" data-widget_type=\"text-editor.default\">\n<div class=\"elementor-widget-container\">\n<div class=\"elementor-element elementor-element-a56cc9a elementor-widget elementor-widget-text-editor\" data-id=\"a56cc9a\" data-element_type=\"widget\" data-widget_type=\"text-editor.default\">\n<div class=\"elementor-widget-container\">\n<div class=\"elementor-element elementor-element-853604e elementor-widget elementor-widget-text-editor\" data-id=\"853604e\" data-element_type=\"widget\" data-widget_type=\"text-editor.default\">\n<div class=\"elementor-widget-container\">\n<div class=\"elementor-element elementor-element-50da7f4 elementor-widget elementor-widget-text-editor\" data-id=\"50da7f4\" data-element_type=\"widget\" data-widget_type=\"text-editor.default\">\n<div class=\"elementor-widget-container\">\n<div class=\"elementor-element elementor-element-ff922e9 elementor-widget elementor-widget-text-editor\" data-id=\"ff922e9\" data-element_type=\"widget\" data-widget_type=\"text-editor.default\">\n<div class=\"elementor-widget-container\">\n<div class=\"elementor-element elementor-element-70aab54 elementor-widget elementor-widget-text-editor\" data-id=\"70aab54\" data-element_type=\"widget\" data-widget_type=\"text-editor.default\">\n<div class=\"elementor-widget-container\">\n<div class=\"elementor-element elementor-element-1463618 elementor-widget elementor-widget-text-editor\" data-id=\"1463618\" data-element_type=\"widget\" data-widget_type=\"text-editor.default\">\n<div class=\"elementor-widget-container\">\n<div class=\"elementor-element elementor-element-8fa207a elementor-widget elementor-widget-text-editor\" data-id=\"8fa207a\" data-element_type=\"widget\" data-widget_type=\"text-editor.default\">\n<div class=\"elementor-widget-container\">\n<div class=\"elementor-element elementor-element-bcbc7a9 elementor-widget elementor-widget-text-editor\" data-id=\"bcbc7a9\" data-element_type=\"widget\" data-widget_type=\"text-editor.default\">\n<div class=\"elementor-widget-container\">\n<div class=\"elementor-element elementor-element-8168b7f elementor-widget elementor-widget-text-editor\" data-id=\"8168b7f\" data-element_type=\"widget\" data-widget_type=\"text-editor.default\">\n<div class=\"elementor-widget-container\"><main id=\"content\" class=\"site-main post-14126 page type-page status-publish hentry\">\n<div class=\"page-content\">\n<div class=\"elementor elementor-14126\" data-elementor-type=\"wp-page\" data-elementor-id=\"14126\" data-elementor-post-type=\"page\">\n<section class=\"elementor-section elementor-top-section elementor-element elementor-element-dfeccb4 elementor-section-boxed elementor-section-height-default elementor-section-height-default\" data-particle_enable=\"false\" data-particle-mobile-disabled=\"false\" data-id=\"dfeccb4\" data-element_type=\"section\">\n<div class=\"elementor-container elementor-column-gap-default\">\n<div class=\"elementor-column elementor-col-100 elementor-top-column elementor-element elementor-element-33a56db\" data-id=\"33a56db\" data-element_type=\"column\">\n<div class=\"elementor-widget-wrap elementor-element-populated\">\n<div class=\"elementor-element elementor-element-84b9b67 elementor-widget elementor-widget-text-editor\" data-id=\"84b9b67\" data-element_type=\"widget\" data-widget_type=\"text-editor.default\">\n<div class=\"elementor-widget-container\">\n<div class=\"elementor-element elementor-element-4fc628c elementor-widget elementor-widget-text-editor\" data-id=\"4fc628c\" data-element_type=\"widget\" data-widget_type=\"text-editor.default\">\n<div class=\"elementor-widget-container\">\n<p>Em conformidade com a legisla\u00e7\u00e3o espanhola que regula o uso de cookies em rela\u00e7\u00e3o \u00e0 presta\u00e7\u00e3o de servi\u00e7os de comunica\u00e7\u00f5es eletr\u00f3nicas, constante do Real Decreto-Lei 13\/2012, de 30 de mar\u00e7o, informamos sobre os cookies utilizados no s\u00edtio Web da Mystikus Tienda e o motivo da sua utiliza\u00e7\u00e3o. Al\u00e9m disso, informamos que, ao navegar no s\u00edtio Web, est\u00e1 a dar o seu consentimento para que os possamos utilizar. <\/p>\n<\/div>\n<\/div>\n<div class=\"elementor-element elementor-element-0374562 elementor-widget elementor-widget-heading\" data-id=\"0374562\" data-element_type=\"widget\" data-widget_type=\"heading.default\">\n<div class=\"elementor-widget-container\"> <\/div>\n<\/div>\n<\/div>\n<\/div>\n<\/div>\n<\/div>\n<\/div>\n<\/section>\n<\/div>\n<\/div>\n<\/main><\/div>\n<\/div>\n<\/div>\n<\/div>\n<\/div>\n<\/div>\n<\/div>\n<\/div>\n<\/div>\n<\/div>\n<\/div>\n<\/div>\n<\/div>\n<\/div>\n<\/div>\n<\/div>\n<\/div>\n<\/div>\n<\/div>\n<\/div>\t\t\t\t\t\t\t\t<\/div>\n\t\t\t\t<\/div>\n\t\t\t\t<\/div>\n\t\t<div data-particle_enable=\"false\" data-particle-mobile-disabled=\"false\" class=\"elementor-element elementor-element-d605640 e-con-full e-flex e-con e-child\" data-id=\"d605640\" data-element_type=\"container\">\n\t\t\t\t<div class=\"elementor-element elementor-element-987e6e1 elementor-widget elementor-widget-heading\" data-id=\"987e6e1\" data-element_type=\"widget\" data-widget_type=\"heading.default\">\n\t\t\t\t<div class=\"elementor-widget-container\">\n\t\t\t\t\t<h2 class=\"elementor-heading-title elementor-size-default\">2. O QUE S\u00c3O COOKIES?\n<\/h2>\t\t\t\t<\/div>\n\t\t\t\t<\/div>\n\t\t\t\t<div class=\"elementor-element elementor-element-5469583 elementor-widget elementor-widget-text-editor\" data-id=\"5469583\" data-element_type=\"widget\" data-widget_type=\"text-editor.default\">\n\t\t\t\t<div class=\"elementor-widget-container\">\n\t\t\t\t\t\t\t\t\t<div class=\"elementor-element elementor-element-76c5cff elementor-widget elementor-widget-text-editor\" data-id=\"76c5cff\" data-element_type=\"widget\" data-widget_type=\"text-editor.default\">\n<div class=\"elementor-widget-container\">\n<div class=\"elementor-element elementor-element-a56cc9a elementor-widget elementor-widget-text-editor\" data-id=\"a56cc9a\" data-element_type=\"widget\" data-widget_type=\"text-editor.default\">\n<div class=\"elementor-widget-container\">\n<div class=\"elementor-element elementor-element-853604e elementor-widget elementor-widget-text-editor\" data-id=\"853604e\" data-element_type=\"widget\" data-widget_type=\"text-editor.default\">\n<div class=\"elementor-widget-container\">\n<div class=\"elementor-element elementor-element-50da7f4 elementor-widget elementor-widget-text-editor\" data-id=\"50da7f4\" data-element_type=\"widget\" data-widget_type=\"text-editor.default\">\n<div class=\"elementor-widget-container\">\n<div class=\"elementor-element elementor-element-ff922e9 elementor-widget elementor-widget-text-editor\" data-id=\"ff922e9\" data-element_type=\"widget\" data-widget_type=\"text-editor.default\">\n<div class=\"elementor-widget-container\">\n<div class=\"elementor-element elementor-element-70aab54 elementor-widget elementor-widget-text-editor\" data-id=\"70aab54\" data-element_type=\"widget\" data-widget_type=\"text-editor.default\">\n<div class=\"elementor-widget-container\">\n<div class=\"elementor-element elementor-element-1463618 elementor-widget elementor-widget-text-editor\" data-id=\"1463618\" data-element_type=\"widget\" data-widget_type=\"text-editor.default\">\n<div class=\"elementor-widget-container\">\n<div class=\"elementor-element elementor-element-8fa207a elementor-widget elementor-widget-text-editor\" data-id=\"8fa207a\" data-element_type=\"widget\" data-widget_type=\"text-editor.default\">\n<div class=\"elementor-widget-container\">\n<div class=\"elementor-element elementor-element-bcbc7a9 elementor-widget elementor-widget-text-editor\" data-id=\"bcbc7a9\" data-element_type=\"widget\" data-widget_type=\"text-editor.default\">\n<div class=\"elementor-widget-container\">\n<div class=\"elementor-element elementor-element-8168b7f elementor-widget elementor-widget-text-editor\" data-id=\"8168b7f\" data-element_type=\"widget\" data-widget_type=\"text-editor.default\">\n<div class=\"elementor-widget-container\"><main id=\"content\" class=\"site-main post-14126 page type-page status-publish hentry\">\n<div class=\"page-content\">\n<div class=\"elementor elementor-14126\" data-elementor-type=\"wp-page\" data-elementor-id=\"14126\" data-elementor-post-type=\"page\">\n<section class=\"elementor-section elementor-top-section elementor-element elementor-element-dfeccb4 elementor-section-boxed elementor-section-height-default elementor-section-height-default\" data-particle_enable=\"false\" data-particle-mobile-disabled=\"false\" data-id=\"dfeccb4\" data-element_type=\"section\">\n<div class=\"elementor-container elementor-column-gap-default\">\n<div class=\"elementor-column elementor-col-100 elementor-top-column elementor-element elementor-element-33a56db\" data-id=\"33a56db\" data-element_type=\"column\">\n<div class=\"elementor-widget-wrap elementor-element-populated\">\n<div class=\"elementor-element elementor-element-84b9b67 elementor-widget elementor-widget-text-editor\" data-id=\"84b9b67\" data-element_type=\"widget\" data-widget_type=\"text-editor.default\">\n<div class=\"elementor-widget-container\">\n<div class=\"elementor-element elementor-element-4fc628c elementor-widget elementor-widget-text-editor\" data-id=\"4fc628c\" data-element_type=\"widget\" data-widget_type=\"text-editor.default\">\n<div class=\"elementor-widget-container\">\n<div class=\"elementor-element elementor-element-76c5cff elementor-widget elementor-widget-text-editor\" data-id=\"76c5cff\" data-element_type=\"widget\" data-widget_type=\"text-editor.default\">\n<div class=\"elementor-widget-container\">\n<p>Um cookie \u00e9 um ficheiro que \u00e9 descarregado no seu computador ao aceder a determinadas p\u00e1ginas Web. Os cookies permitem a uma p\u00e1gina Web, entre outras coisas, guardar e recuperar informa\u00e7\u00f5es sobre os h\u00e1bitos de navega\u00e7\u00e3o de um utilizador ou do seu equipamento e, dependendo das informa\u00e7\u00f5es que contenham e de como o equipamento \u00e9 utilizado, podem ser usados para reconhecer o utilizador. Os cookies est\u00e3o apenas associados a um utilizador an\u00f3nimo e ao seu computador ou dispositivo e n\u00e3o fornecem informa\u00e7\u00f5es que permitam conhecer os seus dados pessoais.  <\/p>\n<\/div>\n<\/div>\n<div class=\"elementor-element elementor-element-2997835 elementor-widget elementor-widget-heading\" data-id=\"2997835\" data-element_type=\"widget\" data-widget_type=\"heading.default\">\n<div class=\"elementor-widget-container\"> <\/div>\n<\/div>\n<\/div>\n<\/div>\n<\/div>\n<\/div>\n<\/div>\n<\/div>\n<\/div>\n<\/section>\n<\/div>\n<\/div>\n<\/main><\/div>\n<\/div>\n<\/div>\n<\/div>\n<\/div>\n<\/div>\n<\/div>\n<\/div>\n<\/div>\n<\/div>\n<\/div>\n<\/div>\n<\/div>\n<\/div>\n<\/div>\n<\/div>\n<\/div>\n<\/div>\n<\/div>\n<\/div>\t\t\t\t\t\t\t\t<\/div>\n\t\t\t\t<\/div>\n\t\t\t\t<\/div>\n\t\t<div data-particle_enable=\"false\" data-particle-mobile-disabled=\"false\" class=\"elementor-element elementor-element-44f0931 e-con-full e-flex e-con e-child\" data-id=\"44f0931\" data-element_type=\"container\">\n\t\t\t\t<div class=\"elementor-element elementor-element-769743c elementor-widget elementor-widget-heading\" data-id=\"769743c\" data-element_type=\"widget\" data-widget_type=\"heading.default\">\n\t\t\t\t<div class=\"elementor-widget-container\">\n\t\t\t\t\t<h2 class=\"elementor-heading-title elementor-size-default\">3. TIPOS DE COOKIES\n<\/h2>\t\t\t\t<\/div>\n\t\t\t\t<\/div>\n\t\t\t\t<div class=\"elementor-element elementor-element-70c3d28 elementor-widget elementor-widget-text-editor\" data-id=\"70c3d28\" data-element_type=\"widget\" data-widget_type=\"text-editor.default\">\n\t\t\t\t<div class=\"elementor-widget-container\">\n\t\t\t\t\t\t\t\t\t<div class=\"elementor-element elementor-element-76c5cff elementor-widget elementor-widget-text-editor\" data-id=\"76c5cff\" data-element_type=\"widget\" data-widget_type=\"text-editor.default\">\n<div class=\"elementor-widget-container\">\n<div class=\"elementor-element elementor-element-a56cc9a elementor-widget elementor-widget-text-editor\" data-id=\"a56cc9a\" data-element_type=\"widget\" data-widget_type=\"text-editor.default\">\n<div class=\"elementor-widget-container\">\n<div class=\"elementor-element elementor-element-853604e elementor-widget elementor-widget-text-editor\" data-id=\"853604e\" data-element_type=\"widget\" data-widget_type=\"text-editor.default\">\n<div class=\"elementor-widget-container\">\n<div class=\"elementor-element elementor-element-50da7f4 elementor-widget elementor-widget-text-editor\" data-id=\"50da7f4\" data-element_type=\"widget\" data-widget_type=\"text-editor.default\">\n<div class=\"elementor-widget-container\">\n<div class=\"elementor-element elementor-element-ff922e9 elementor-widget elementor-widget-text-editor\" data-id=\"ff922e9\" data-element_type=\"widget\" data-widget_type=\"text-editor.default\">\n<div class=\"elementor-widget-container\">\n<div class=\"elementor-element elementor-element-70aab54 elementor-widget elementor-widget-text-editor\" data-id=\"70aab54\" data-element_type=\"widget\" data-widget_type=\"text-editor.default\">\n<div class=\"elementor-widget-container\">\n<div class=\"elementor-element elementor-element-1463618 elementor-widget elementor-widget-text-editor\" data-id=\"1463618\" data-element_type=\"widget\" data-widget_type=\"text-editor.default\">\n<div class=\"elementor-widget-container\">\n<div class=\"elementor-element elementor-element-8fa207a elementor-widget elementor-widget-text-editor\" data-id=\"8fa207a\" data-element_type=\"widget\" data-widget_type=\"text-editor.default\">\n<div class=\"elementor-widget-container\">\n<div class=\"elementor-element elementor-element-bcbc7a9 elementor-widget elementor-widget-text-editor\" data-id=\"bcbc7a9\" data-element_type=\"widget\" data-widget_type=\"text-editor.default\">\n<div class=\"elementor-widget-container\">\n<div class=\"elementor-element elementor-element-8168b7f elementor-widget elementor-widget-text-editor\" data-id=\"8168b7f\" data-element_type=\"widget\" data-widget_type=\"text-editor.default\">\n<div class=\"elementor-widget-container\"><main id=\"content\" class=\"site-main post-14126 page type-page status-publish hentry\">\n<div class=\"page-content\">\n<div class=\"elementor elementor-14126\" data-elementor-type=\"wp-page\" data-elementor-id=\"14126\" data-elementor-post-type=\"page\">\n<section class=\"elementor-section elementor-top-section elementor-element elementor-element-dfeccb4 elementor-section-boxed elementor-section-height-default elementor-section-height-default\" data-particle_enable=\"false\" data-particle-mobile-disabled=\"false\" data-id=\"dfeccb4\" data-element_type=\"section\">\n<div class=\"elementor-container elementor-column-gap-default\">\n<div class=\"elementor-column elementor-col-100 elementor-top-column elementor-element elementor-element-33a56db\" data-id=\"33a56db\" data-element_type=\"column\">\n<div class=\"elementor-widget-wrap elementor-element-populated\">\n<div class=\"elementor-element elementor-element-84b9b67 elementor-widget elementor-widget-text-editor\" data-id=\"84b9b67\" data-element_type=\"widget\" data-widget_type=\"text-editor.default\">\n<div class=\"elementor-widget-container\">\n<div class=\"elementor-element elementor-element-4fc628c elementor-widget elementor-widget-text-editor\" data-id=\"4fc628c\" data-element_type=\"widget\" data-widget_type=\"text-editor.default\">\n<div class=\"elementor-widget-container\">\n<div class=\"elementor-element elementor-element-76c5cff elementor-widget elementor-widget-text-editor\" data-id=\"76c5cff\" data-element_type=\"widget\" data-widget_type=\"text-editor.default\">\n<div class=\"elementor-widget-container\">\n<p align=\"justify\"><strong>Cookies pr\u00f3prias:<\/strong> S\u00e3o aquelas que s\u00e3o enviadas para o equipamento terminal do utilizador a partir de um equipamento ou dom\u00ednio gerido pelo pr\u00f3prio editor e a partir do qual \u00e9 prestado o servi\u00e7o solicitado pelo utilizador.<\/p>\n<p align=\"justify\"><strong>Cookies de terceiros:<\/strong> S\u00e3o aquelas que s\u00e3o enviadas para o equipamento terminal do utilizador a partir de um equipamento ou dom\u00ednio que n\u00e3o \u00e9 gerido pelo editor, mas por outra entidade que trata os dados obtidos atrav\u00e9s dos cookies.<\/p>\n<p align=\"justify\"><strong>Cookies de sess\u00e3o:<\/strong> S\u00e3o um tipo de cookies concebidas para recolher e armazenar dados enquanto o utilizador acede a uma p\u00e1gina Web.<\/p>\n<p align=\"justify\"><strong>Cookies persistentes:<\/strong> S\u00e3o um tipo de cookies em que os dados permanecem armazenados no terminal e podem ser acedidos e tratados durante um per\u00edodo definido pelo respons\u00e1vel pelo cookie, e que pode ir de alguns minutos a v\u00e1rios anos.<\/p>\n<p align=\"justify\"><strong>Cookies de an\u00e1lise:<\/strong> S\u00e3o aquelas que, bem tratadas por n\u00f3s ou por terceiros, nos permitem quantificar o n\u00famero de utilizadores e, assim, realizar a medi\u00e7\u00e3o e an\u00e1lise estat\u00edstica da utiliza\u00e7\u00e3o que os utilizadores fazem do servi\u00e7o oferecido. Para tal, analisa-se a sua navega\u00e7\u00e3o na nossa p\u00e1gina Web, a fim de melhorar a oferta de produtos ou servi\u00e7os que lhe oferecemos. <\/p>\n<p align=\"justify\"><strong>Cookies publicit\u00e1rias:<\/strong> S\u00e3o aquelas que permitem a gest\u00e3o, da forma mais eficaz poss\u00edvel, dos espa\u00e7os publicit\u00e1rios que, caso o editor tenha inclu\u00eddo numa p\u00e1gina Web, aplica\u00e7\u00e3o ou plataforma a partir da qual presta o servi\u00e7o solicitado com base em crit\u00e9rios como o conte\u00fado editado ou a frequ\u00eancia com que os an\u00fancios s\u00e3o mostrados.<\/p>\n<p align=\"justify\"><strong>Cookies de publicidade comportamental:<\/strong> S\u00e3o aquelas que permitem a gest\u00e3o, da forma mais eficaz poss\u00edvel, dos espa\u00e7os publicit\u00e1rios que, caso o editor tenha inclu\u00eddo numa p\u00e1gina Web, aplica\u00e7\u00e3o ou plataforma a partir da qual presta o servi\u00e7o solicitado. Estes cookies armazenam informa\u00e7\u00f5es sobre o comportamento dos utilizadores obtidas atrav\u00e9s da observa\u00e7\u00e3o continuada dos seus h\u00e1bitos de navega\u00e7\u00e3o, o que permite desenvolver um perfil espec\u00edfico para mostrar publicidade em fun\u00e7\u00e3o do mesmo. Al\u00e9m disso, \u00e9 poss\u00edvel que, ao visitar alguma p\u00e1gina Web ou ao abrir algum e-mail onde seja publicado algum an\u00fancio ou alguma promo\u00e7\u00e3o sobre os nossos produtos ou servi\u00e7os, seja instalado no seu navegador algum cookie que nos serve para lhe mostrar posteriormente publicidade relacionada com a pesquisa que tenha realizado, desenvolver um controlo dos nossos an\u00fancios em rela\u00e7\u00e3o, por exemplo, com o n\u00famero de vezes que s\u00e3o vistos, onde aparecem, a que horas s\u00e3o vistos, etc.  <\/p>\n<\/div>\n<\/div>\n<\/div>\n<\/div>\n<\/div>\n<\/div>\n<\/div>\n<\/div>\n<\/div>\n<\/section>\n<\/div>\n<\/div>\n<\/main><\/div>\n<\/div>\n<\/div>\n<\/div>\n<\/div>\n<\/div>\n<\/div>\n<\/div>\n<\/div>\n<\/div>\n<\/div>\n<\/div>\n<\/div>\n<\/div>\n<\/div>\n<\/div>\n<\/div>\n<\/div>\n<\/div>\n<\/div>\t\t\t\t\t\t\t\t<\/div>\n\t\t\t\t<\/div>\n\t\t\t\t<\/div>\n\t\t<div data-particle_enable=\"false\" data-particle-mobile-disabled=\"false\" class=\"elementor-element elementor-element-0c80199 e-con-full e-flex e-con e-child\" data-id=\"0c80199\" data-element_type=\"container\">\n\t\t\t\t<div class=\"elementor-element elementor-element-802b3c7 elementor-widget elementor-widget-heading\" data-id=\"802b3c7\" data-element_type=\"widget\" data-widget_type=\"heading.default\">\n\t\t\t\t<div class=\"elementor-widget-container\">\n\t\t\t\t\t<h2 class=\"elementor-heading-title elementor-size-default\">4. REVOGA\u00c7\u00c3O E ELIMINA\u00c7\u00c3O DE COOKIES\n<\/h2>\t\t\t\t<\/div>\n\t\t\t\t<\/div>\n\t\t\t\t<div class=\"elementor-element elementor-element-73d571f elementor-widget elementor-widget-text-editor\" data-id=\"73d571f\" data-element_type=\"widget\" data-widget_type=\"text-editor.default\">\n\t\t\t\t<div class=\"elementor-widget-container\">\n\t\t\t\t\t\t\t\t\t<main id=\"content\" class=\"site-main post-14132 page type-page status-publish hentry\">\n<div class=\"page-content\">\n<div class=\"elementor elementor-14132\" data-elementor-type=\"wp-page\" data-elementor-id=\"14132\" data-elementor-post-type=\"page\">\n<section class=\"elementor-section elementor-top-section elementor-element elementor-element-dfeccb4 elementor-section-boxed elementor-section-height-default elementor-section-height-default\" data-particle_enable=\"false\" data-particle-mobile-disabled=\"false\" data-id=\"dfeccb4\" data-element_type=\"section\">\n<div class=\"elementor-container elementor-column-gap-default\">\n<div class=\"elementor-column elementor-col-100 elementor-top-column elementor-element elementor-element-33a56db\" data-id=\"33a56db\" data-element_type=\"column\">\n<div class=\"elementor-widget-wrap elementor-element-populated\">\n<div class=\"elementor-element elementor-element-853604e elementor-widget elementor-widget-text-editor\" data-id=\"853604e\" data-element_type=\"widget\" data-widget_type=\"text-editor.default\">\n<div class=\"elementor-widget-container\">\n<p>Em qualquer momento, poder\u00e1 aceder \u00e0 configura\u00e7\u00e3o do seu navegador aceitando ou rejeitando todos os cookies, ou ent\u00e3o selecionar aqueles cuja instala\u00e7\u00e3o admite e quais n\u00e3o.<\/p>\n<\/div>\n<\/div>\n<\/div>\n<\/div>\n<\/div>\n<\/section>\n<\/div>\n<\/div>\n<\/main>\n<div class=\"elementor elementor-14080 elementor-location-footer\" data-elementor-type=\"footer\" data-elementor-id=\"14080\" data-elementor-post-type=\"elementor_library\"> <\/div>\t\t\t\t\t\t\t\t<\/div>\n\t\t\t\t<\/div>\n\t\t\t\t<\/div>\n\t\t\t\t\t<\/div>\n\t\t\t\t<\/div>\n\t\t\t\t<\/div>\n\t\t","protected":false},"excerpt":{"rendered":"<p>1. ANTECEDENTES Em conformidade com a legisla\u00e7\u00e3o espanhola que regula o uso de cookies em rela\u00e7\u00e3o \u00e0 presta\u00e7\u00e3o de servi\u00e7os de comunica\u00e7\u00f5es eletr\u00f3nicas, constante do Real Decreto-Lei 13\/2012, de 30 de mar\u00e7o, informamos sobre os cookies utilizados no s\u00edtio Web da Mystikus Tienda e o motivo da sua utiliza\u00e7\u00e3o. Al\u00e9m disso, informamos que, ao navegar [&hellip;]<\/p>\n","protected":false},"author":1,"featured_media":0,"parent":0,"menu_order":0,"comment_status":"closed","ping_status":"closed","template":"","meta":{"footnotes":""},"class_list":["post-24554","page","type-page","status-publish","hentry"],"_links":{"self":[{"href":"https:\/\/mystikus.dsignpoint.com\/pt-pt\/wp-json\/wp\/v2\/pages\/24554","targetHints":{"allow":["GET"]}}],"collection":[{"href":"https:\/\/mystikus.dsignpoint.com\/pt-pt\/wp-json\/wp\/v2\/pages"}],"about":[{"href":"https:\/\/mystikus.dsignpoint.com\/pt-pt\/wp-json\/wp\/v2\/types\/page"}],"author":[{"embeddable":true,"href":"https:\/\/mystikus.dsignpoint.com\/pt-pt\/wp-json\/wp\/v2\/users\/1"}],"replies":[{"embeddable":true,"href":"https:\/\/mystikus.dsignpoint.com\/pt-pt\/wp-json\/wp\/v2\/comments?post=24554"}],"version-history":[{"count":1,"href":"https:\/\/mystikus.dsignpoint.com\/pt-pt\/wp-json\/wp\/v2\/pages\/24554\/revisions"}],"predecessor-version":[{"id":24555,"href":"https:\/\/mystikus.dsignpoint.com\/pt-pt\/wp-json\/wp\/v2\/pages\/24554\/revisions\/24555"}],"wp:attachment":[{"href":"https:\/\/mystikus.dsignpoint.com\/pt-pt\/wp-json\/wp\/v2\/media?parent=24554"}],"curies":[{"name":"wp","href":"https:\/\/api.w.org\/{rel}","templated":true}]}}