{"id":24568,"date":"2025-04-23T19:33:01","date_gmt":"2025-04-23T17:33:01","guid":{"rendered":"https:\/\/mystikus.dsignpoint.com\/politica-de-privacidade\/"},"modified":"2025-09-16T13:00:40","modified_gmt":"2025-09-16T11:00:40","slug":"politica-de-privacidade","status":"publish","type":"page","link":"https:\/\/mystikus.dsignpoint.com\/pt-pt\/politica-de-privacidade\/","title":{"rendered":"Pol\u00edtica de privacidade"},"content":{"rendered":"\t\t<div data-elementor-type=\"wp-page\" data-elementor-id=\"24568\" class=\"elementor elementor-24568 elementor-385\" data-elementor-post-type=\"page\">\n\t\t\t\t<div data-particle_enable=\"false\" data-particle-mobile-disabled=\"false\" class=\"elementor-element elementor-element-bd39296 e-flex e-con-boxed e-con e-parent\" data-id=\"bd39296\" data-element_type=\"container\" data-settings=\"{&quot;background_background&quot;:&quot;classic&quot;,&quot;shape_divider_bottom&quot;:&quot;pyramids&quot;,&quot;shape_divider_bottom_negative&quot;:&quot;yes&quot;}\">\n\t\t\t\t\t<div class=\"e-con-inner\">\n\t\t\t\t<div class=\"elementor-shape elementor-shape-bottom\" aria-hidden=\"true\" data-negative=\"true\">\n\t\t\t<svg xmlns=\"http:\/\/www.w3.org\/2000\/svg\" viewBox=\"0 0 1000 100\" preserveAspectRatio=\"none\">\n\t<path class=\"elementor-shape-fill\" d=\"M761.9,40.6L643.1,24L333.9,93.8L0.1,1H0v99h1000V1\"\/>\n<\/svg>\t\t<\/div>\n\t\t\t\t<div class=\"elementor-element elementor-element-97a74ef elementor-widget elementor-widget-heading\" data-id=\"97a74ef\" data-element_type=\"widget\" data-widget_type=\"heading.default\">\n\t\t\t\t<div class=\"elementor-widget-container\">\n\t\t\t\t\t<h2 class=\"elementor-heading-title elementor-size-default\">Pol\u00edtica de privacidade<\/h2>\t\t\t\t<\/div>\n\t\t\t\t<\/div>\n\t\t\t\t\t<\/div>\n\t\t\t\t<\/div>\n\t\t<div data-particle_enable=\"false\" data-particle-mobile-disabled=\"false\" class=\"elementor-element elementor-element-58568f44 e-flex e-con-boxed e-con e-parent\" data-id=\"58568f44\" data-element_type=\"container\">\n\t\t\t\t\t<div class=\"e-con-inner\">\n\t\t<div data-particle_enable=\"false\" data-particle-mobile-disabled=\"false\" class=\"elementor-element elementor-element-c1cb4f8 e-con-full e-flex e-con e-child\" data-id=\"c1cb4f8\" data-element_type=\"container\">\n\t\t\t\t<div class=\"elementor-element elementor-element-0b1454f elementor-widget elementor-widget-heading\" data-id=\"0b1454f\" data-element_type=\"widget\" data-widget_type=\"heading.default\">\n\t\t\t\t<div class=\"elementor-widget-container\">\n\t\t\t\t\t<h2 class=\"elementor-heading-title elementor-size-default\">DECLARA\u00c7\u00c3O DE PRIVACIDADE<\/h2>\t\t\t\t<\/div>\n\t\t\t\t<\/div>\n\t\t\t\t<div class=\"elementor-element elementor-element-2799307 elementor-widget elementor-widget-text-editor\" data-id=\"2799307\" data-element_type=\"widget\" data-widget_type=\"text-editor.default\">\n\t\t\t\t<div class=\"elementor-widget-container\">\n\t\t\t\t\t\t\t\t\t<p>Neste site, os dados pessoais dos utilizadores s\u00e3o respeitados e protegidos, e os teus direitos est\u00e3o garantidos, pois cumpre-se a lei em vigor: a Lei Org\u00e2nica 3\/2018, de 5 de dezembro, de Prote\u00e7\u00e3o de Dados Pessoais e garantia dos direitos digitais. Cumpre tamb\u00e9m o Regulamento (UE) 2016\/679 do Parlamento Europeu e do Conselho, de 27 de abril de 2016, relativo \u00e0 prote\u00e7\u00e3o das pessoas singulares (RGPD), bem como a Lei 34\/2002, de 11 de julho, de Servi\u00e7os da Sociedade da Informa\u00e7\u00e3o e Com\u00e9rcio Eletr\u00f3nico (LSSICE ou LSSI).<\/p>\t\t\t\t\t\t\t\t<\/div>\n\t\t\t\t<\/div>\n\t\t\t\t<\/div>\n\t\t<div data-particle_enable=\"false\" data-particle-mobile-disabled=\"false\" class=\"elementor-element elementor-element-4642459 e-con-full e-flex e-con e-child\" data-id=\"4642459\" data-element_type=\"container\">\n\t\t\t\t<div class=\"elementor-element elementor-element-481cf80 elementor-widget elementor-widget-heading\" data-id=\"481cf80\" data-element_type=\"widget\" data-widget_type=\"heading.default\">\n\t\t\t\t<div class=\"elementor-widget-container\">\n\t\t\t\t\t<h2 class=\"elementor-heading-title elementor-size-default\">O QUE FAZEMOS COM A TUA INFORMA\u00c7\u00c3O?\n<\/h2>\t\t\t\t<\/div>\n\t\t\t\t<\/div>\n\t\t\t\t<div class=\"elementor-element elementor-element-73c348f elementor-widget elementor-widget-text-editor\" data-id=\"73c348f\" data-element_type=\"widget\" data-widget_type=\"text-editor.default\">\n\t\t\t\t<div class=\"elementor-widget-container\">\n\t\t\t\t\t\t\t\t\t<p>Quando compras algo na nossa loja, como parte do processo de compra e venda, recolhemos informa\u00e7\u00f5es pessoais que nos forneces, como o teu nome, endere\u00e7o e e-mail.<\/p>\n<p>Quando navegas na nossa loja, tamb\u00e9m recebemos automaticamente o endere\u00e7o de protocolo de internet (IP) do teu computador, com o objetivo de nos fornecer informa\u00e7\u00f5es que nos ajudam a conhecer o teu navegador e sistema operativo.<\/p>\n<p>Marketing por e-mail: Com a tua permiss\u00e3o, poderemos enviar-te e-mails sobre a nossa loja, novos produtos e outras atualiza\u00e7\u00f5es.<\/p>\n<p> <\/p>\n<p>Os dados e consultas que nos envias a partir das nossas redes sociais e meios de comunica\u00e7\u00e3o, como Facebook, Instagram e WhatsApp, s\u00e3o guardados como hist\u00f3rico de consulta durante 2 anos. Ap\u00f3s os 2 anos, apagaremos todos esses dados. Tem em conta que essas plataformas t\u00eam as suas pr\u00f3prias pol\u00edticas de privacidade, pelas quais n\u00e3o somos respons\u00e1veis. Por favor, rev\u00ea essas pol\u00edticas antes de nos enviares qualquer informa\u00e7\u00e3o sens\u00edvel.<\/p>\t\t\t\t\t\t\t\t<\/div>\n\t\t\t\t<\/div>\n\t\t\t\t<\/div>\n\t\t<div data-particle_enable=\"false\" data-particle-mobile-disabled=\"false\" class=\"elementor-element elementor-element-d5f07c1 e-con-full e-flex e-con e-child\" data-id=\"d5f07c1\" data-element_type=\"container\">\n\t\t\t\t<div class=\"elementor-element elementor-element-891daf7 elementor-widget elementor-widget-heading\" data-id=\"891daf7\" data-element_type=\"widget\" data-widget_type=\"heading.default\">\n\t\t\t\t<div class=\"elementor-widget-container\">\n\t\t\t\t\t<h2 class=\"elementor-heading-title elementor-size-default\">CONSENTIMENTO<\/h2>\t\t\t\t<\/div>\n\t\t\t\t<\/div>\n\t\t\t\t<div class=\"elementor-element elementor-element-b401989 elementor-widget elementor-widget-text-editor\" data-id=\"b401989\" data-element_type=\"widget\" data-widget_type=\"text-editor.default\">\n\t\t\t\t<div class=\"elementor-widget-container\">\n\t\t\t\t\t\t\t\t\t<p>Como obt\u00eam o meu consentimento?<\/p>\n<p> <\/p>\n<p>Quando nos forneces a tua informa\u00e7\u00e3o pessoal para completar uma transa\u00e7\u00e3o, verificar o teu cart\u00e3o de cr\u00e9dito, criar um pedido ou fazer uma devolu\u00e7\u00e3o, aceitas a recolha e utiliza\u00e7\u00e3o dos teus dados unicamente para os fins mencionados anteriormente.<\/p>\n<p>Se te solicitarmos a tua informa\u00e7\u00e3o pessoal por alguma outra raz\u00e3o, pediremos o teu expresso consentimento ou dar-te-emos a op\u00e7\u00e3o de negares.<\/p>\n<p> <\/p>\n<p><b>Como posso revogar o meu consentimento?<\/b><\/p>\n<p>Se mudares de opini\u00e3o depois de teres aceite, podes revogar o teu consentimento para a recolha, utiliza\u00e7\u00e3o ou divulga\u00e7\u00e3o da tua informa\u00e7\u00e3o em qualquer momento, contactando-nos atrav\u00e9s de <a href=\"mailto:info@mystikus.com\" target=\"_new\">info@mystikus.com<\/a>.<\/p>\t\t\t\t\t\t\t\t<\/div>\n\t\t\t\t<\/div>\n\t\t\t\t<\/div>\n\t\t<div data-particle_enable=\"false\" data-particle-mobile-disabled=\"false\" class=\"elementor-element elementor-element-0175fe9 e-con-full e-flex e-con e-child\" data-id=\"0175fe9\" data-element_type=\"container\">\n\t\t\t\t<div class=\"elementor-element elementor-element-e753dd1 elementor-widget elementor-widget-heading\" data-id=\"e753dd1\" data-element_type=\"widget\" data-widget_type=\"heading.default\">\n\t\t\t\t<div class=\"elementor-widget-container\">\n\t\t\t\t\t<h2 class=\"elementor-heading-title elementor-size-default\">DIVULGA\u00c7\u00c3O<\/h2>\t\t\t\t<\/div>\n\t\t\t\t<\/div>\n\t\t\t\t<div class=\"elementor-element elementor-element-e416fc0 elementor-widget elementor-widget-text-editor\" data-id=\"e416fc0\" data-element_type=\"widget\" data-widget_type=\"text-editor.default\">\n\t\t\t\t<div class=\"elementor-widget-container\">\n\t\t\t\t\t\t\t\t\t<p>Podemos divulgar a tua informa\u00e7\u00e3o pessoal se formos obrigados por lei ou se violares os nossos Termos de Servi\u00e7o.<\/p>\t\t\t\t\t\t\t\t<\/div>\n\t\t\t\t<\/div>\n\t\t\t\t<\/div>\n\t\t<div data-particle_enable=\"false\" data-particle-mobile-disabled=\"false\" class=\"elementor-element elementor-element-efab1a0 e-con-full e-flex e-con e-child\" data-id=\"efab1a0\" data-element_type=\"container\">\n\t\t\t\t<div class=\"elementor-element elementor-element-2a95139 elementor-widget elementor-widget-heading\" data-id=\"2a95139\" data-element_type=\"widget\" data-widget_type=\"heading.default\">\n\t\t\t\t<div class=\"elementor-widget-container\">\n\t\t\t\t\t<h2 class=\"elementor-heading-title elementor-size-default\">Alojamento de dados<\/h2>\t\t\t\t<\/div>\n\t\t\t\t<\/div>\n\t\t\t\t<div class=\"elementor-element elementor-element-5621a12 elementor-widget elementor-widget-text-editor\" data-id=\"5621a12\" data-element_type=\"widget\" data-widget_type=\"text-editor.default\">\n\t\t\t\t<div class=\"elementor-widget-container\">\n\t\t\t\t\t\t\t\t\t<p>A nossa loja est\u00e1 alojada no nosso servidor da Infomaniak. Eles fornecem-nos a base de dados e o alojamento web que nos permite vender-te os nossos produtos e servi\u00e7os.<\/p>\n<p>Os teus dados s\u00e3o armazenados nos servidores encriptados da Infomaniak.<\/p>\n<p> <\/p>\n<p><b>PAGAMENTOS<\/b><\/p>\n<p>Ao completar a tua compra, os dados do teu cart\u00e3o de cr\u00e9dito s\u00e3o armazenados. Estes dados s\u00e3o encriptados atrav\u00e9s do Est\u00e1ndar de Seguran\u00e7a de Dados para a Ind\u00fastria de Cart\u00e3o de Pagamento (Payment Card Industry Data Security Standard ou PCI-DSS) al\u00e9m disso, essa informa\u00e7\u00e3o est\u00e1 encriptada mediante a tecnologia Secure Socket Layer (SSL) e armazena-se com uma encripta\u00e7\u00e3o AES-256.<\/p>\n<p>Os teus dados de transa\u00e7\u00e3o de compra s\u00e3o armazenados apenas na medida necess\u00e1ria para completar a transa\u00e7\u00e3o. Uma vez finalizada, toda a informa\u00e7\u00e3o relacionada com ela \u00e9 eliminada.<\/p>\n<p>Todas as gateways de pagamento utilizadas cumprem os padr\u00f5es estabelecidos pelo PCI-DSS, bem como o indicado pelo Conselho de Normas de Seguran\u00e7a de PCI, que \u00e9 um esfor\u00e7o conjunto de marcas como Visa, MasterCard, American Express e Discover.<\/p>\n<p> <\/p>\n<p>Os requisitos de PCI-DSS ajudam a garantir o manuseamento seguro da informa\u00e7\u00e3o de cart\u00f5es de cr\u00e9dito das lojas e seus fornecedores de servi\u00e7os.<\/p>\t\t\t\t\t\t\t\t<\/div>\n\t\t\t\t<\/div>\n\t\t\t\t<\/div>\n\t\t<div data-particle_enable=\"false\" data-particle-mobile-disabled=\"false\" class=\"elementor-element elementor-element-a0bf556 e-con-full e-flex e-con e-child\" data-id=\"a0bf556\" data-element_type=\"container\">\n\t\t\t\t<div class=\"elementor-element elementor-element-810f74c elementor-widget elementor-widget-heading\" data-id=\"810f74c\" data-element_type=\"widget\" data-widget_type=\"heading.default\">\n\t\t\t\t<div class=\"elementor-widget-container\">\n\t\t\t\t\t<h2 class=\"elementor-heading-title elementor-size-default\">SEGURAN\u00c7A<\/h2>\t\t\t\t<\/div>\n\t\t\t\t<\/div>\n\t\t\t\t<div class=\"elementor-element elementor-element-4c59a4d elementor-widget elementor-widget-text-editor\" data-id=\"4c59a4d\" data-element_type=\"widget\" data-widget_type=\"text-editor.default\">\n\t\t\t\t<div class=\"elementor-widget-container\">\n\t\t\t\t\t\t\t\t\t<p>Para proteger a tua informa\u00e7\u00e3o pessoal, tomamos todas as precau\u00e7\u00f5es razo\u00e1veis e seguimos as melhores pr\u00e1ticas da ind\u00fastria para garantir que n\u00e3o haja um mau uso, acesso, divulga\u00e7\u00e3o, altera\u00e7\u00e3o ou destrui\u00e7\u00e3o da mesma<\/p>\t\t\t\t\t\t\t\t<\/div>\n\t\t\t\t<\/div>\n\t\t\t\t<\/div>\n\t\t<div data-particle_enable=\"false\" data-particle-mobile-disabled=\"false\" class=\"elementor-element elementor-element-52574a4 e-con-full e-flex e-con e-child\" data-id=\"52574a4\" data-element_type=\"container\">\n\t\t\t\t<div class=\"elementor-element elementor-element-141daab elementor-widget elementor-widget-heading\" data-id=\"141daab\" data-element_type=\"widget\" data-widget_type=\"heading.default\">\n\t\t\t\t<div class=\"elementor-widget-container\">\n\t\t\t\t\t<h2 class=\"elementor-heading-title elementor-size-default\">IDADE DE CONSENTIMENTO<\/h2>\t\t\t\t<\/div>\n\t\t\t\t<\/div>\n\t\t\t\t<div class=\"elementor-element elementor-element-1c328ab elementor-widget elementor-widget-text-editor\" data-id=\"1c328ab\" data-element_type=\"widget\" data-widget_type=\"text-editor.default\">\n\t\t\t\t<div class=\"elementor-widget-container\">\n\t\t\t\t\t\t\t\t\t<p>Ao utilizar este site, declaras que \u00e9s maior de idade.<\/p>\t\t\t\t\t\t\t\t<\/div>\n\t\t\t\t<\/div>\n\t\t\t\t<\/div>\n\t\t<div data-particle_enable=\"false\" data-particle-mobile-disabled=\"false\" class=\"elementor-element elementor-element-9367b80 e-con-full e-flex e-con e-child\" data-id=\"9367b80\" data-element_type=\"container\">\n\t\t\t\t<div class=\"elementor-element elementor-element-91533f1 elementor-widget elementor-widget-heading\" data-id=\"91533f1\" data-element_type=\"widget\" data-widget_type=\"heading.default\">\n\t\t\t\t<div class=\"elementor-widget-container\">\n\t\t\t\t\t<h2 class=\"elementor-heading-title elementor-size-default\">ALTERA\u00c7\u00d5ES NA POL\u00cdTICA DE PRIVACIDADE<\/h2>\t\t\t\t<\/div>\n\t\t\t\t<\/div>\n\t\t\t\t<div class=\"elementor-element elementor-element-7d415af elementor-widget elementor-widget-text-editor\" data-id=\"7d415af\" data-element_type=\"widget\" data-widget_type=\"text-editor.default\">\n\t\t\t\t<div class=\"elementor-widget-container\">\n\t\t\t\t\t\t\t\t\t<p>Reservamo-nos o direito de modificar esta pol\u00edtica de privacidade em qualquer momento, por isso, por favor, rev\u00ea-la frequentemente.<br>Todas as altera\u00e7\u00f5es e esclarecimentos entrar\u00e3o em vigor imediatamente ap\u00f3s a sua publica\u00e7\u00e3o. <\/p>\t\t\t\t\t\t\t\t<\/div>\n\t\t\t\t<\/div>\n\t\t\t\t<\/div>\n\t\t\t\t\t<\/div>\n\t\t\t\t<\/div>\n\t\t\t\t<\/div>\n\t\t","protected":false},"excerpt":{"rendered":"<p>DECLARA\u00c7\u00c3O DE PRIVACIDADE Neste site, os dados pessoais dos utilizadores s\u00e3o respeitados e protegidos, e os teus direitos est\u00e3o garantidos, pois cumpre-se a lei em vigor: a Lei Org\u00e2nica 3\/2018, de 5 de dezembro, de Prote\u00e7\u00e3o de Dados Pessoais e garantia dos direitos digitais. Cumpre tamb\u00e9m o Regulamento (UE) 2016\/679 do Parlamento Europeu e do [&hellip;]<\/p>\n","protected":false},"author":1,"featured_media":0,"parent":0,"menu_order":0,"comment_status":"closed","ping_status":"closed","template":"","meta":{"footnotes":""},"class_list":["post-24568","page","type-page","status-publish","hentry"],"_links":{"self":[{"href":"https:\/\/mystikus.dsignpoint.com\/pt-pt\/wp-json\/wp\/v2\/pages\/24568","targetHints":{"allow":["GET"]}}],"collection":[{"href":"https:\/\/mystikus.dsignpoint.com\/pt-pt\/wp-json\/wp\/v2\/pages"}],"about":[{"href":"https:\/\/mystikus.dsignpoint.com\/pt-pt\/wp-json\/wp\/v2\/types\/page"}],"author":[{"embeddable":true,"href":"https:\/\/mystikus.dsignpoint.com\/pt-pt\/wp-json\/wp\/v2\/users\/1"}],"replies":[{"embeddable":true,"href":"https:\/\/mystikus.dsignpoint.com\/pt-pt\/wp-json\/wp\/v2\/comments?post=24568"}],"version-history":[{"count":1,"href":"https:\/\/mystikus.dsignpoint.com\/pt-pt\/wp-json\/wp\/v2\/pages\/24568\/revisions"}],"predecessor-version":[{"id":24570,"href":"https:\/\/mystikus.dsignpoint.com\/pt-pt\/wp-json\/wp\/v2\/pages\/24568\/revisions\/24570"}],"wp:attachment":[{"href":"https:\/\/mystikus.dsignpoint.com\/pt-pt\/wp-json\/wp\/v2\/media?parent=24568"}],"curies":[{"name":"wp","href":"https:\/\/api.w.org\/{rel}","templated":true}]}}