{"id":24577,"date":"2025-04-23T19:40:23","date_gmt":"2025-04-23T17:40:23","guid":{"rendered":"https:\/\/mystikus.dsignpoint.com\/promocoes\/"},"modified":"2025-09-16T13:00:41","modified_gmt":"2025-09-16T11:00:41","slug":"promocoes","status":"publish","type":"page","link":"https:\/\/mystikus.dsignpoint.com\/pt-pt\/promocoes\/","title":{"rendered":"Promo\u00e7\u00f5es"},"content":{"rendered":"\t\t<div data-elementor-type=\"wp-page\" data-elementor-id=\"24577\" class=\"elementor elementor-24577 elementor-335\" data-elementor-post-type=\"page\">\n\t\t\t\t<div data-particle_enable=\"false\" data-particle-mobile-disabled=\"false\" class=\"elementor-element elementor-element-8d6225f e-flex e-con-boxed e-con e-parent\" data-id=\"8d6225f\" data-element_type=\"container\" data-settings=\"{&quot;background_background&quot;:&quot;classic&quot;,&quot;shape_divider_bottom&quot;:&quot;pyramids&quot;,&quot;shape_divider_bottom_negative&quot;:&quot;yes&quot;}\">\n\t\t\t\t\t<div class=\"e-con-inner\">\n\t\t\t\t<div class=\"elementor-shape elementor-shape-bottom\" aria-hidden=\"true\" data-negative=\"true\">\n\t\t\t<svg xmlns=\"http:\/\/www.w3.org\/2000\/svg\" viewBox=\"0 0 1000 100\" preserveAspectRatio=\"none\">\n\t<path class=\"elementor-shape-fill\" d=\"M761.9,40.6L643.1,24L333.9,93.8L0.1,1H0v99h1000V1\"\/>\n<\/svg>\t\t<\/div>\n\t\t\t\t<div class=\"elementor-element elementor-element-d489ebf elementor-widget elementor-widget-heading\" data-id=\"d489ebf\" data-element_type=\"widget\" data-widget_type=\"heading.default\">\n\t\t\t\t<div class=\"elementor-widget-container\">\n\t\t\t\t\t<h2 class=\"elementor-heading-title elementor-size-default\">Promo\u00e7\u00f5es<\/h2>\t\t\t\t<\/div>\n\t\t\t\t<\/div>\n\t\t\t\t\t<\/div>\n\t\t\t\t<\/div>\n\t\t<div data-particle_enable=\"false\" data-particle-mobile-disabled=\"false\" class=\"elementor-element elementor-element-a14074f e-flex e-con-boxed e-con e-parent\" data-id=\"a14074f\" data-element_type=\"container\">\n\t\t\t\t\t<div class=\"e-con-inner\">\n\t\t<div data-particle_enable=\"false\" data-particle-mobile-disabled=\"false\" class=\"elementor-element elementor-element-0f6b446 e-con-full e-flex e-con e-child\" data-id=\"0f6b446\" data-element_type=\"container\">\n\t\t\t\t<div class=\"elementor-element elementor-element-81e3e9d elementor-product-loop-item--align-center elementor-grid-4 elementor-grid-tablet-3 elementor-grid-mobile-2 elementor-products-grid elementor-wc-products elementor-widget elementor-widget-woocommerce-products\" data-id=\"81e3e9d\" data-element_type=\"widget\" data-widget_type=\"woocommerce-products.default\">\n\t\t\t\t<div class=\"elementor-widget-container\">\n\t\t\t\t\t<div class=\"woocommerce columns-4 \"><div class=\"woocommerce-notices-wrapper\"><\/div><ul class=\"products elementor-grid columns-4\">\n<li class=\"product type-product post-24837 status-publish first instock product_cat-incensos-de-proposito product_cat-incensos-e-aromas product_cat-mystikus-collection has-post-thumbnail sale shipping-taxable purchasable product-type-simple\">\n\t<a href=\"https:\/\/mystikus.dsignpoint.com\/pt-pt\/producto\/incenso-em-cone-espanta-almas\/\" class=\"woocommerce-LoopProduct-link woocommerce-loop-product__link\">\n\t<span class=\"onsale\">Promo\u00e7\u00e3o!<\/span>\n\t<img fetchpriority=\"high\" decoding=\"async\" width=\"300\" height=\"300\" src=\"https:\/\/mystikus.dsignpoint.com\/wp-content\/uploads\/2025\/05\/inc-cone-Espanta-Almas-300x300.jpg\" class=\"attachment-woocommerce_thumbnail size-woocommerce_thumbnail\" alt=\"Incenso em Cone Espanta Almas\" srcset=\"https:\/\/mystikus.dsignpoint.com\/wp-content\/uploads\/2025\/05\/inc-cone-Espanta-Almas-300x300.jpg 300w, https:\/\/mystikus.dsignpoint.com\/wp-content\/uploads\/2025\/05\/inc-cone-Espanta-Almas-100x100.jpg 100w, https:\/\/mystikus.dsignpoint.com\/wp-content\/uploads\/2025\/05\/inc-cone-Espanta-Almas-150x150.jpg 150w\" sizes=\"(max-width: 300px) 100vw, 300px\" \/><h2 class=\"woocommerce-loop-product__title\">Incenso em Cone Espanta Almas<\/h2>\n\t<span class=\"price\"><del aria-hidden=\"true\"><span class=\"woocommerce-Price-amount amount\"><bdi>5,50&nbsp;<span class=\"woocommerce-Price-currencySymbol\">&euro;<\/span><\/bdi><\/span><\/del> <span class=\"screen-reader-text\">O pre\u00e7o original era: 5,50&nbsp;&euro;.<\/span><ins aria-hidden=\"true\"><span class=\"woocommerce-Price-amount amount\"><bdi>4,00&nbsp;<span class=\"woocommerce-Price-currencySymbol\">&euro;<\/span><\/bdi><\/span><\/ins><span class=\"screen-reader-text\">O pre\u00e7o atual \u00e9: 4,00&nbsp;&euro;.<\/span><\/span>\n<\/a><div class=\"woocommerce-loop-product__buttons\"><a href=\"\/pt-pt\/wp-json\/wp\/v2\/pages\/24577?add-to-cart=24837\" aria-describedby=\"woocommerce_loop_add_to_cart_link_describedby_24837\" data-quantity=\"1\" class=\"button product_type_simple add_to_cart_button ajax_add_to_cart\" data-product_id=\"24837\" data-product_sku=\"\" aria-label=\"Adiciona ao carrinho: &ldquo;Incenso em Cone Espanta Almas&rdquo;\" rel=\"nofollow\" data-success_message=\"&ldquo;Incenso em Cone Espanta Almas&rdquo; foi adicionado ao seu carrinho\" role=\"button\">Adicionar<\/a><\/div>\t<span id=\"woocommerce_loop_add_to_cart_link_describedby_24837\" class=\"screen-reader-text\">\n\t\t\t<\/span>\n<\/li>\n<li class=\"product type-product post-24800 status-publish instock product_cat-esotericos product_cat-mystikus-collection product_cat-vela-ritualizada product_cat-velas-ritualizadas has-post-thumbnail sale shipping-taxable purchasable product-type-simple\">\n\t<a href=\"https:\/\/mystikus.dsignpoint.com\/pt-pt\/producto\/vela-ritualizada-contra-a-inveja\/\" class=\"woocommerce-LoopProduct-link woocommerce-loop-product__link\">\n\t<span class=\"onsale\">Promo\u00e7\u00e3o!<\/span>\n\t<img decoding=\"async\" width=\"300\" height=\"300\" src=\"https:\/\/mystikus.dsignpoint.com\/wp-content\/uploads\/2025\/05\/Vela-Rit-Contra-Envidia-300x300.jpg\" class=\"attachment-woocommerce_thumbnail size-woocommerce_thumbnail\" alt=\"Vela Ritualizada Contra a Inveja\" srcset=\"https:\/\/mystikus.dsignpoint.com\/wp-content\/uploads\/2025\/05\/Vela-Rit-Contra-Envidia-300x300.jpg 300w, https:\/\/mystikus.dsignpoint.com\/wp-content\/uploads\/2025\/05\/Vela-Rit-Contra-Envidia-100x100.jpg 100w, https:\/\/mystikus.dsignpoint.com\/wp-content\/uploads\/2025\/05\/Vela-Rit-Contra-Envidia-150x150.jpg 150w\" sizes=\"(max-width: 300px) 100vw, 300px\" \/><h2 class=\"woocommerce-loop-product__title\">Vela Ritualizada Contra a Inveja<\/h2>\n\t<span class=\"price\"><del aria-hidden=\"true\"><span class=\"woocommerce-Price-amount amount\"><bdi>32,00&nbsp;<span class=\"woocommerce-Price-currencySymbol\">&euro;<\/span><\/bdi><\/span><\/del> <span class=\"screen-reader-text\">O pre\u00e7o original era: 32,00&nbsp;&euro;.<\/span><ins aria-hidden=\"true\"><span class=\"woocommerce-Price-amount amount\"><bdi>27,00&nbsp;<span class=\"woocommerce-Price-currencySymbol\">&euro;<\/span><\/bdi><\/span><\/ins><span class=\"screen-reader-text\">O pre\u00e7o atual \u00e9: 27,00&nbsp;&euro;.<\/span><\/span>\n<\/a><div class=\"woocommerce-loop-product__buttons\"><a href=\"\/pt-pt\/wp-json\/wp\/v2\/pages\/24577?add-to-cart=24800\" aria-describedby=\"woocommerce_loop_add_to_cart_link_describedby_24800\" data-quantity=\"1\" class=\"button product_type_simple add_to_cart_button ajax_add_to_cart\" data-product_id=\"24800\" data-product_sku=\"\" aria-label=\"Adiciona ao carrinho: &ldquo;Vela Ritualizada Contra a Inveja&rdquo;\" rel=\"nofollow\" data-success_message=\"&ldquo;Vela Ritualizada Contra a Inveja&rdquo; foi adicionado ao seu carrinho\" role=\"button\">Adicionar<\/a><\/div>\t<span id=\"woocommerce_loop_add_to_cart_link_describedby_24800\" class=\"screen-reader-text\">\n\t\t\t<\/span>\n<\/li>\n<li class=\"product type-product post-24697 status-publish instock product_cat-jardim-encantado product_cat-piramides-orgonite has-post-thumbnail sale shipping-taxable purchasable product-type-simple\">\n\t<a href=\"https:\/\/mystikus.dsignpoint.com\/pt-pt\/producto\/piramide-de-orgonite-com-quartzo-cristal\/\" class=\"woocommerce-LoopProduct-link woocommerce-loop-product__link\">\n\t<span class=\"onsale\">Promo\u00e7\u00e3o!<\/span>\n\t<img decoding=\"async\" width=\"300\" height=\"300\" src=\"https:\/\/mystikus.dsignpoint.com\/wp-content\/uploads\/2025\/03\/orgonita-3-300x300.jpg\" class=\"attachment-woocommerce_thumbnail size-woocommerce_thumbnail\" alt=\"Pir\u00e2mide de Orgonite com Quartzo Cristal\" srcset=\"https:\/\/mystikus.dsignpoint.com\/wp-content\/uploads\/2025\/03\/orgonita-3-300x300.jpg 300w, https:\/\/mystikus.dsignpoint.com\/wp-content\/uploads\/2025\/03\/orgonita-3-150x150.jpg 150w, https:\/\/mystikus.dsignpoint.com\/wp-content\/uploads\/2025\/03\/orgonita-3-100x100.jpg 100w\" sizes=\"(max-width: 300px) 100vw, 300px\" \/><h2 class=\"woocommerce-loop-product__title\">Pir\u00e2mide de Orgonite com Quartzo Cristal<\/h2>\n\t<span class=\"price\"><del aria-hidden=\"true\"><span class=\"woocommerce-Price-amount amount\"><bdi>18,00&nbsp;<span class=\"woocommerce-Price-currencySymbol\">&euro;<\/span><\/bdi><\/span><\/del> <span class=\"screen-reader-text\">O pre\u00e7o original era: 18,00&nbsp;&euro;.<\/span><ins aria-hidden=\"true\"><span class=\"woocommerce-Price-amount amount\"><bdi>12,00&nbsp;<span class=\"woocommerce-Price-currencySymbol\">&euro;<\/span><\/bdi><\/span><\/ins><span class=\"screen-reader-text\">O pre\u00e7o atual \u00e9: 12,00&nbsp;&euro;.<\/span><\/span>\n<\/a><div class=\"woocommerce-loop-product__buttons\"><a href=\"\/pt-pt\/wp-json\/wp\/v2\/pages\/24577?add-to-cart=24697\" aria-describedby=\"woocommerce_loop_add_to_cart_link_describedby_24697\" data-quantity=\"1\" class=\"button product_type_simple add_to_cart_button ajax_add_to_cart\" data-product_id=\"24697\" data-product_sku=\"\" aria-label=\"Adiciona ao carrinho: &ldquo;Pir\u00e2mide de Orgonite com Quartzo Cristal&rdquo;\" rel=\"nofollow\" data-success_message=\"&ldquo;Pir\u00e2mide de Orgonite com Quartzo Cristal&rdquo; foi adicionado ao seu carrinho\" role=\"button\">Adicionar<\/a><\/div>\t<span id=\"woocommerce_loop_add_to_cart_link_describedby_24697\" class=\"screen-reader-text\">\n\t\t\t<\/span>\n<\/li>\n<li class=\"product type-product post-24135 status-publish last instock product_cat-decoracao product_cat-jardim-encantado has-post-thumbnail sale shipping-taxable purchasable product-type-simple\">\n\t<a href=\"https:\/\/mystikus.dsignpoint.com\/pt-pt\/producto\/buda-em-meditacao-tailandia\/\" class=\"woocommerce-LoopProduct-link woocommerce-loop-product__link\">\n\t<span class=\"onsale\">Promo\u00e7\u00e3o!<\/span>\n\t<img loading=\"lazy\" decoding=\"async\" width=\"300\" height=\"300\" src=\"https:\/\/mystikus.dsignpoint.com\/wp-content\/uploads\/2025\/03\/18101-300x300.jpeg\" class=\"attachment-woocommerce_thumbnail size-woocommerce_thumbnail\" alt=\"Buda em medita\u00e7\u00e3o Tail\u00e2ndia\" srcset=\"https:\/\/mystikus.dsignpoint.com\/wp-content\/uploads\/2025\/03\/18101-300x300.jpeg 300w, https:\/\/mystikus.dsignpoint.com\/wp-content\/uploads\/2025\/03\/18101-100x100.jpeg 100w, https:\/\/mystikus.dsignpoint.com\/wp-content\/uploads\/2025\/03\/18101-600x600.jpeg 600w, https:\/\/mystikus.dsignpoint.com\/wp-content\/uploads\/2025\/03\/18101-150x150.jpeg 150w, https:\/\/mystikus.dsignpoint.com\/wp-content\/uploads\/2025\/03\/18101-768x768.jpeg 768w, https:\/\/mystikus.dsignpoint.com\/wp-content\/uploads\/2025\/03\/18101.jpeg 800w\" sizes=\"(max-width: 300px) 100vw, 300px\" \/><h2 class=\"woocommerce-loop-product__title\">Buda em medita\u00e7\u00e3o Tail\u00e2ndia<\/h2>\n\t<span class=\"price\"><del aria-hidden=\"true\"><span class=\"woocommerce-Price-amount amount\"><bdi>37,00&nbsp;<span class=\"woocommerce-Price-currencySymbol\">&euro;<\/span><\/bdi><\/span><\/del> <span class=\"screen-reader-text\">O pre\u00e7o original era: 37,00&nbsp;&euro;.<\/span><ins aria-hidden=\"true\"><span class=\"woocommerce-Price-amount amount\"><bdi>25,00&nbsp;<span class=\"woocommerce-Price-currencySymbol\">&euro;<\/span><\/bdi><\/span><\/ins><span class=\"screen-reader-text\">O pre\u00e7o atual \u00e9: 25,00&nbsp;&euro;.<\/span><\/span>\n<\/a><div class=\"woocommerce-loop-product__buttons\"><a href=\"\/pt-pt\/wp-json\/wp\/v2\/pages\/24577?add-to-cart=24135\" aria-describedby=\"woocommerce_loop_add_to_cart_link_describedby_24135\" data-quantity=\"1\" class=\"button product_type_simple add_to_cart_button ajax_add_to_cart\" data-product_id=\"24135\" data-product_sku=\"\" aria-label=\"Adiciona ao carrinho: &ldquo;Buda em medita\u00e7\u00e3o Tail\u00e2ndia&rdquo;\" rel=\"nofollow\" data-success_message=\"&ldquo;Buda em medita\u00e7\u00e3o Tail\u00e2ndia&rdquo; foi adicionado ao seu carrinho\" role=\"button\">Adicionar<\/a><\/div>\t<span id=\"woocommerce_loop_add_to_cart_link_describedby_24135\" class=\"screen-reader-text\">\n\t\t\t<\/span>\n<\/li>\n<\/ul>\n<\/div>\t\t\t\t<\/div>\n\t\t\t\t<\/div>\n\t\t\t\t<\/div>\n\t\t\t\t\t<\/div>\n\t\t\t\t<\/div>\n\t\t\t\t<\/div>\n\t\t","protected":false},"excerpt":{"rendered":"","protected":false},"author":1,"featured_media":0,"parent":0,"menu_order":0,"comment_status":"closed","ping_status":"closed","template":"","meta":{"footnotes":""},"class_list":["post-24577","page","type-page","status-publish","hentry"],"_links":{"self":[{"href":"https:\/\/mystikus.dsignpoint.com\/pt-pt\/wp-json\/wp\/v2\/pages\/24577","targetHints":{"allow":["GET"]}}],"collection":[{"href":"https:\/\/mystikus.dsignpoint.com\/pt-pt\/wp-json\/wp\/v2\/pages"}],"about":[{"href":"https:\/\/mystikus.dsignpoint.com\/pt-pt\/wp-json\/wp\/v2\/types\/page"}],"author":[{"embeddable":true,"href":"https:\/\/mystikus.dsignpoint.com\/pt-pt\/wp-json\/wp\/v2\/users\/1"}],"replies":[{"embeddable":true,"href":"https:\/\/mystikus.dsignpoint.com\/pt-pt\/wp-json\/wp\/v2\/comments?post=24577"}],"version-history":[{"count":1,"href":"https:\/\/mystikus.dsignpoint.com\/pt-pt\/wp-json\/wp\/v2\/pages\/24577\/revisions"}],"predecessor-version":[{"id":24578,"href":"https:\/\/mystikus.dsignpoint.com\/pt-pt\/wp-json\/wp\/v2\/pages\/24577\/revisions\/24578"}],"wp:attachment":[{"href":"https:\/\/mystikus.dsignpoint.com\/pt-pt\/wp-json\/wp\/v2\/media?parent=24577"}],"curies":[{"name":"wp","href":"https:\/\/api.w.org\/{rel}","templated":true}]}}