{"id":24022,"date":"2025-03-25T18:40:11","date_gmt":"2025-03-25T17:40:11","guid":{"rendered":"https:\/\/mystikus.dsignpoint.com\/producto\/pedras-de-lapis-lazuli-polidas\/"},"modified":"2025-03-25T18:40:11","modified_gmt":"2025-03-25T17:40:11","slug":"pedras-de-lapis-lazuli-polidas","status":"publish","type":"product","link":"https:\/\/mystikus.dsignpoint.com\/pt-pt\/producto\/pedras-de-lapis-lazuli-polidas\/","title":{"rendered":"Pedras de l\u00e1pis-laz\u00fali polidas"},"content":{"rendered":"<pre>Pedras de l\u00e1pis-laz\u00fali polidas<\/pre>\n<div class=\"spec-desc\">Medida cm \u00b13-4<\/div>\n<div>\n<p><strong>L\u00e1pis-laz\u00fali<\/strong>: Uma pedra de cor azul intensa com fios de pirite dourada que durante muito tempo foi elogiada pelo seu poder pelos sacerdotes, reis e guerreiros eg\u00edpcios. O rei do brilho do l\u00e1pis-laz\u00fali \u00e9 o Buda da Medicina. O l\u00e1pis-laz\u00fali tem sido associado durante muito tempo ao poder de equilibrar e curar. Em muitas tradi\u00e7\u00f5es, acredita-se que o l\u00e1pis-laz\u00fali oferece prote\u00e7\u00e3o contra as influ\u00eancias negativas.*   <\/p>\n<p><em>Este \u00e9 um produto natural, o tamanho e a cor podem variar e diferir da imagem mostrada.<\/em><\/p>\n<p><em>*As caracter\u00edsticas de todas as pedras minerais no nosso s\u00edtio Web n\u00e3o est\u00e3o cientificamente comprovadas; baseiam-se em experi\u00eancias de utilizadores e terapeutas de pedras preciosas. As propriedades curativas descritas de forma alguma pretendem substituir o diagn\u00f3stico ou o tratamento por parte de um terapeuta ou m\u00e9dico qualificado. Se tiver d\u00favidas sobre a sua sa\u00fade, consulte um m\u00e9dico.  <\/em><\/p>\n<\/div>\n","protected":false},"excerpt":{"rendered":"<pre>Pedras de l\u00e1pis-laz\u00fali polidas<\/pre>\n<div class=\"spec-desc\">Medida cm \u00b13-4<\/div>\n<div>\n<p><strong>L\u00e1pis-laz\u00fali<\/strong>: Uma pedra de cor azul intensa com fios de pirite dourada que durante muito tempo foi elogiada pelo seu poder pelos sacerdotes, reis e guerreiros eg\u00edpcios. O rei do brilho do l\u00e1pis-laz\u00fali \u00e9 o Buda da Medicina. O l\u00e1pis-laz\u00fali tem sido associado durante muito tempo ao poder de equilibrar e curar. Em muitas tradi\u00e7\u00f5es, acredita-se que o l\u00e1pis-laz\u00fali oferece prote\u00e7\u00e3o contra as influ\u00eancias negativas.*   <\/p>\n<\/div>\n","protected":false},"featured_media":244,"comment_status":"closed","ping_status":"closed","template":"","meta":[],"product_brand":[],"product_cat":[112,111,113],"product_tag":[],"class_list":{"0":"post-24022","1":"product","2":"type-product","3":"status-publish","4":"has-post-thumbnail","6":"product_cat-minerais","7":"product_cat-minerais-e-joias","8":"product_cat-rolados","10":"first","11":"instock","12":"shipping-taxable","13":"purchasable","14":"product-type-simple"},"_links":{"self":[{"href":"https:\/\/mystikus.dsignpoint.com\/pt-pt\/wp-json\/wp\/v2\/product\/24022","targetHints":{"allow":["GET"]}}],"collection":[{"href":"https:\/\/mystikus.dsignpoint.com\/pt-pt\/wp-json\/wp\/v2\/product"}],"about":[{"href":"https:\/\/mystikus.dsignpoint.com\/pt-pt\/wp-json\/wp\/v2\/types\/product"}],"replies":[{"embeddable":true,"href":"https:\/\/mystikus.dsignpoint.com\/pt-pt\/wp-json\/wp\/v2\/comments?post=24022"}],"wp:featuredmedia":[{"embeddable":true,"href":"https:\/\/mystikus.dsignpoint.com\/pt-pt\/wp-json\/wp\/v2\/media\/244"}],"wp:attachment":[{"href":"https:\/\/mystikus.dsignpoint.com\/pt-pt\/wp-json\/wp\/v2\/media?parent=24022"}],"wp:term":[{"taxonomy":"product_brand","embeddable":true,"href":"https:\/\/mystikus.dsignpoint.com\/pt-pt\/wp-json\/wp\/v2\/product_brand?post=24022"},{"taxonomy":"product_cat","embeddable":true,"href":"https:\/\/mystikus.dsignpoint.com\/pt-pt\/wp-json\/wp\/v2\/product_cat?post=24022"},{"taxonomy":"product_tag","embeddable":true,"href":"https:\/\/mystikus.dsignpoint.com\/pt-pt\/wp-json\/wp\/v2\/product_tag?post=24022"}],"curies":[{"name":"wp","href":"https:\/\/api.w.org\/{rel}","templated":true}]}}