{"id":24090,"date":"2025-03-25T17:49:46","date_gmt":"2025-03-25T16:49:46","guid":{"rendered":"https:\/\/mystikus.dsignpoint.com\/producto\/incenso-celestial-magic-feitico-po-de-lua-porta-incenso\/"},"modified":"2025-03-25T17:49:46","modified_gmt":"2025-03-25T16:49:46","slug":"incenso-celestial-magic-feitico-po-de-lua-porta-incenso","status":"publish","type":"product","link":"https:\/\/mystikus.dsignpoint.com\/pt-pt\/producto\/incenso-celestial-magic-feitico-po-de-lua-porta-incenso\/","title":{"rendered":"Incenso Celestial Magic Feiti\u00e7o p\u00f3 de Lua + porta-incenso"},"content":{"rendered":"<pre>Incenso Celestial Magic Feiti\u00e7o p\u00f3 de Lua + porta-incenso<\/pre>\n<p>Deixa que a energia m\u00edstica da lua preencha o teu espa\u00e7o com este incenso m\u00e1gico.<\/p>\n<p>Inclui um belo porta-incenso.<\/p>\n<p><strong>Perfil olfativo<br \/>\n<\/strong><em>\u00c2mbar b\u00e1ltico e oud.<\/em><\/p>\n<p><strong>Celestial Magic<br \/>\n<\/strong>A gama de fragr\u00e2ncias para o lar Celestial Magic traz energia m\u00edstica ao teu espa\u00e7o. Desde aromas encantadores a designs m\u00e1gicos, cada produto \u00e9 perfeito para adicionar um toque de magia \u00e0 tua casa. <\/p>\n<p><strong>Modo de emprego<br \/>\n<\/strong>Acende a ponta de uma vareta de incenso e apaga a chama. Coloca a vareta num porta-incenso seguro sobre uma superf\u00edcie resistente ao calor. Nunca deixes o incenso aceso sem vigil\u00e2ncia.  <\/p>\n<p><strong>Advert\u00eancias<br \/>\n<\/strong>Nunca deixes o incenso aceso sem vigil\u00e2ncia.<br \/>\nManter afastado de cortinas e materiais inflam\u00e1veis.<br \/>\nUtilizar sobre uma superf\u00edcie resistente ao calor.<br \/>\nManter fora do alcance de crian\u00e7as e animais de estima\u00e7\u00e3o.<br \/>\nVentilar ap\u00f3s o uso.<br \/>\nEvita inalar o fumo diretamente.<\/p>\n","protected":false},"excerpt":{"rendered":"<pre>Incenso Celestial Magic Feiti\u00e7o p\u00f3 de Lua + porta-incenso<\/pre>\n<p>Deixa que a energia m\u00edstica da lua preencha o teu espa\u00e7o com este incenso m\u00e1gico.<\/p>\n<p>Inclui um belo porta-incenso.<\/p>\n<p><strong>Perfil olfativo<br \/>\n<\/strong><em>\u00c2mbar b\u00e1ltico e oud.<\/em><\/p>\n","protected":false},"featured_media":24091,"comment_status":"closed","ping_status":"closed","template":"","meta":[],"product_brand":[],"product_cat":[121,114],"product_tag":[],"class_list":{"0":"post-24090","1":"product","2":"type-product","3":"status-publish","4":"has-post-thumbnail","6":"product_cat-incensos","7":"product_cat-incensos-e-aromas","9":"first","10":"instock","11":"shipping-taxable","12":"purchasable","13":"product-type-simple"},"_links":{"self":[{"href":"https:\/\/mystikus.dsignpoint.com\/pt-pt\/wp-json\/wp\/v2\/product\/24090","targetHints":{"allow":["GET"]}}],"collection":[{"href":"https:\/\/mystikus.dsignpoint.com\/pt-pt\/wp-json\/wp\/v2\/product"}],"about":[{"href":"https:\/\/mystikus.dsignpoint.com\/pt-pt\/wp-json\/wp\/v2\/types\/product"}],"replies":[{"embeddable":true,"href":"https:\/\/mystikus.dsignpoint.com\/pt-pt\/wp-json\/wp\/v2\/comments?post=24090"}],"wp:featuredmedia":[{"embeddable":true,"href":"https:\/\/mystikus.dsignpoint.com\/pt-pt\/wp-json\/wp\/v2\/media\/24091"}],"wp:attachment":[{"href":"https:\/\/mystikus.dsignpoint.com\/pt-pt\/wp-json\/wp\/v2\/media?parent=24090"}],"wp:term":[{"taxonomy":"product_brand","embeddable":true,"href":"https:\/\/mystikus.dsignpoint.com\/pt-pt\/wp-json\/wp\/v2\/product_brand?post=24090"},{"taxonomy":"product_cat","embeddable":true,"href":"https:\/\/mystikus.dsignpoint.com\/pt-pt\/wp-json\/wp\/v2\/product_cat?post=24090"},{"taxonomy":"product_tag","embeddable":true,"href":"https:\/\/mystikus.dsignpoint.com\/pt-pt\/wp-json\/wp\/v2\/product_tag?post=24090"}],"curies":[{"name":"wp","href":"https:\/\/api.w.org\/{rel}","templated":true}]}}