{"id":24099,"date":"2025-03-25T17:44:27","date_gmt":"2025-03-25T16:44:27","guid":{"rendered":"https:\/\/mystikus.dsignpoint.com\/producto\/incenso-celestial-magic-protecao-contra-o-mau-olhado-porta-incenso\/"},"modified":"2025-03-25T17:44:27","modified_gmt":"2025-03-25T16:44:27","slug":"incenso-celestial-magic-protecao-contra-o-mau-olhado-porta-incenso","status":"publish","type":"product","link":"https:\/\/mystikus.dsignpoint.com\/pt-pt\/producto\/incenso-celestial-magic-protecao-contra-o-mau-olhado-porta-incenso\/","title":{"rendered":"Incenso Celestial Magic Prote\u00e7\u00e3o contra o Mau-Olhado + porta-incenso"},"content":{"rendered":"<pre>Incenso Celestial Magic Prote\u00e7\u00e3o contra o Mau-Olhado + porta-incenso<\/pre>\n<p>Protege o teu espa\u00e7o das energias negativas com este incenso, inspirado na simbologia m\u00edstica e aromas poderosos.<\/p>\n<p>Inclui um belo porta-incenso.<\/p>\n<p><strong>Perfil olfativo<br \/>\n<\/strong><em>Palo santo e patchouli.<\/em><\/p>\n<p><strong>Celestial Magic<br \/>\n<\/strong>A gama de fragr\u00e2ncias para o lar Celestial Magic traz energia m\u00edstica ao teu espa\u00e7o. Desde aromas encantadores a designs m\u00e1gicos, cada produto \u00e9 perfeito para adicionar um toque de magia \u00e0 tua casa. <\/p>\n<p><strong>Modo de emprego<br \/>\n<\/strong>Acende a ponta de uma vareta de incenso e apaga a chama. Coloca a vareta num porta-incenso seguro sobre uma superf\u00edcie resistente ao calor. Nunca deixes o incenso aceso sem vigil\u00e2ncia.  <\/p>\n<p><strong>Advert\u00eancias<br \/>\n<\/strong>Nunca deixes o incenso aceso sem vigil\u00e2ncia.<br \/>\nManter afastado de cortinas e materiais inflam\u00e1veis.<br \/>\nUtilizar sobre uma superf\u00edcie resistente ao calor.<br \/>\nManter fora do alcance de crian\u00e7as e animais de estima\u00e7\u00e3o.<br \/>\nVentilar ap\u00f3s o uso.<br \/>\nEvita inalar o fumo diretamente.<\/p>\n","protected":false},"excerpt":{"rendered":"<pre>Incenso Celestial Magic Prote\u00e7\u00e3o contra o Mau-Olhado + porta-incenso<\/pre>\n<p>Protege o teu espa\u00e7o das energias negativas com este incenso, inspirado na simbologia m\u00edstica e aromas poderosos.<\/p>\n<p>Inclui um belo porta-incenso.<\/p>\n","protected":false},"featured_media":24100,"comment_status":"closed","ping_status":"closed","template":"","meta":[],"product_brand":[],"product_cat":[121,114],"product_tag":[],"class_list":{"0":"post-24099","1":"product","2":"type-product","3":"status-publish","4":"has-post-thumbnail","6":"product_cat-incensos","7":"product_cat-incensos-e-aromas","9":"first","10":"instock","11":"shipping-taxable","12":"purchasable","13":"product-type-simple"},"_links":{"self":[{"href":"https:\/\/mystikus.dsignpoint.com\/pt-pt\/wp-json\/wp\/v2\/product\/24099","targetHints":{"allow":["GET"]}}],"collection":[{"href":"https:\/\/mystikus.dsignpoint.com\/pt-pt\/wp-json\/wp\/v2\/product"}],"about":[{"href":"https:\/\/mystikus.dsignpoint.com\/pt-pt\/wp-json\/wp\/v2\/types\/product"}],"replies":[{"embeddable":true,"href":"https:\/\/mystikus.dsignpoint.com\/pt-pt\/wp-json\/wp\/v2\/comments?post=24099"}],"wp:featuredmedia":[{"embeddable":true,"href":"https:\/\/mystikus.dsignpoint.com\/pt-pt\/wp-json\/wp\/v2\/media\/24100"}],"wp:attachment":[{"href":"https:\/\/mystikus.dsignpoint.com\/pt-pt\/wp-json\/wp\/v2\/media?parent=24099"}],"wp:term":[{"taxonomy":"product_brand","embeddable":true,"href":"https:\/\/mystikus.dsignpoint.com\/pt-pt\/wp-json\/wp\/v2\/product_brand?post=24099"},{"taxonomy":"product_cat","embeddable":true,"href":"https:\/\/mystikus.dsignpoint.com\/pt-pt\/wp-json\/wp\/v2\/product_cat?post=24099"},{"taxonomy":"product_tag","embeddable":true,"href":"https:\/\/mystikus.dsignpoint.com\/pt-pt\/wp-json\/wp\/v2\/product_tag?post=24099"}],"curies":[{"name":"wp","href":"https:\/\/api.w.org\/{rel}","templated":true}]}}