{"id":24118,"date":"2025-03-25T17:17:41","date_gmt":"2025-03-25T16:17:41","guid":{"rendered":"https:\/\/mystikus.dsignpoint.com\/producto\/vela-perfumada-protecao-contra-o-mau-olhado\/"},"modified":"2025-03-25T17:17:41","modified_gmt":"2025-03-25T16:17:41","slug":"vela-perfumada-protecao-contra-o-mau-olhado","status":"publish","type":"product","link":"https:\/\/mystikus.dsignpoint.com\/pt-pt\/producto\/vela-perfumada-protecao-contra-o-mau-olhado\/","title":{"rendered":"Vela Perfumada Prote\u00e7\u00e3o contra o mau-olhado"},"content":{"rendered":"<pre><strong>Vela Perfumada Prote\u00e7\u00e3o contra o mau-olhado<\/strong><\/pre>\n<p>Vela arom\u00e1tica m\u00edstica e protetora que adiciona um toque de magia ao teu espa\u00e7o. A cole\u00e7\u00e3o Celestial Magic \u00e9 perfeita para rituais espirituais e para criar uma atmosfera m\u00e1gica em casa. <\/p>\n<div class=\"spec-item\">\n<div class=\"spec-desc\">Mat\u00e9ria-prima Cera de soja<\/div>\n<\/div>\n<div class=\"spec-item\">\n<div class=\"spec-desc\">Tempo de combust\u00e3o (horas) \u00b1 20<\/div>\n<\/div>\n<div class=\"spec-item\">\n<div class=\"spec-desc\">Medida cm 7&#215;8<\/div>\n<\/div>\n<div class=\"spec-item\">\n<div class=\"spec-desc\">Peso gr 120<\/div>\n<\/div>\n<p><strong>Sobre o produto<\/strong><br \/>\nVela de cera de soja.<br \/>\nPerfumada com \u00f3leos essenciais naturais.<br \/>\nDura\u00e7\u00e3o de combust\u00e3o: \u00b120 horas.<br \/>\nMecha de algod\u00e3o puro.<\/p>\n<p><strong>Instru\u00e7\u00f5es de uso<\/strong><br \/>\nAcenda durante pelo menos uma hora por cada 2,5 cm de di\u00e2metro da vela para garantir uma efici\u00eancia \u00f3tima.<br \/>\nN\u00e3o deixe acesa por mais de 4 horas seguidas.<br \/>\nCorte a mecha para 0,5 cm antes de cada utiliza\u00e7\u00e3o.<br \/>\nSuspenda o uso quando restarem 1,3 cm de cera no fundo.<\/p>\n<p><strong>Aten\u00e7\u00e3o!<\/strong><br \/>\nNunca deixe uma vela acesa sem supervis\u00e3o.<br \/>\nMantenha-a fora do alcance de crian\u00e7as e animais de estima\u00e7\u00e3o.<br \/>\nUse a vela sobre uma superf\u00edcie resistente ao calor ou num suporte adequado.<br \/>\nQueime numa \u00e1rea ventilada, mas longe de correntes de ar.<br \/>\nN\u00e3o a mova enquanto estiver acesa ou antes que a cera tenha endurecido.<\/p>\n","protected":false},"excerpt":{"rendered":"<pre><strong>Vela Perfumada Prote\u00e7\u00e3o contra o mau-olhado<\/strong><\/pre>\n<p>Vela arom\u00e1tica m\u00edstica e protetora que adiciona um toque de magia ao teu espa\u00e7o. A cole\u00e7\u00e3o Celestial Magic \u00e9 perfeita para rituais espirituais e para criar uma atmosfera m\u00e1gica em casa. <\/p>\n<div class=\"spec-item\">\n<div class=\"spec-desc\">Mat\u00e9ria-prima Cera de soja<\/div>\n<\/div>\n<div class=\"spec-item\">\n<div class=\"spec-desc\">Tempo de combust\u00e3o (horas) \u00b1 20<\/div>\n<\/div>\n<div class=\"spec-item\">\n<div class=\"spec-desc\">Medida cm 7&#215;8<\/div>\n<\/div>\n<div class=\"spec-item\">\n<div class=\"spec-desc\">Peso gr 120<\/div>\n<\/div>\n<p><strong>Sobre o produto<\/strong><br \/>\nVela de cera de soja.<br \/>\nPerfumada com \u00f3leos essenciais naturais.<br \/>\nDura\u00e7\u00e3o de combust\u00e3o: \u00b120 horas.<br \/>\nMecha de algod\u00e3o puro.<\/p>\n","protected":false},"featured_media":220,"comment_status":"closed","ping_status":"closed","template":"","meta":[],"product_brand":[],"product_cat":[126,127],"product_tag":[],"class_list":{"0":"post-24118","1":"product","2":"type-product","3":"status-publish","4":"has-post-thumbnail","6":"product_cat-jardim-encantado","7":"product_cat-velas-aromaticas","9":"first","10":"instock","11":"shipping-taxable","12":"purchasable","13":"product-type-simple"},"_links":{"self":[{"href":"https:\/\/mystikus.dsignpoint.com\/pt-pt\/wp-json\/wp\/v2\/product\/24118","targetHints":{"allow":["GET"]}}],"collection":[{"href":"https:\/\/mystikus.dsignpoint.com\/pt-pt\/wp-json\/wp\/v2\/product"}],"about":[{"href":"https:\/\/mystikus.dsignpoint.com\/pt-pt\/wp-json\/wp\/v2\/types\/product"}],"replies":[{"embeddable":true,"href":"https:\/\/mystikus.dsignpoint.com\/pt-pt\/wp-json\/wp\/v2\/comments?post=24118"}],"wp:featuredmedia":[{"embeddable":true,"href":"https:\/\/mystikus.dsignpoint.com\/pt-pt\/wp-json\/wp\/v2\/media\/220"}],"wp:attachment":[{"href":"https:\/\/mystikus.dsignpoint.com\/pt-pt\/wp-json\/wp\/v2\/media?parent=24118"}],"wp:term":[{"taxonomy":"product_brand","embeddable":true,"href":"https:\/\/mystikus.dsignpoint.com\/pt-pt\/wp-json\/wp\/v2\/product_brand?post=24118"},{"taxonomy":"product_cat","embeddable":true,"href":"https:\/\/mystikus.dsignpoint.com\/pt-pt\/wp-json\/wp\/v2\/product_cat?post=24118"},{"taxonomy":"product_tag","embeddable":true,"href":"https:\/\/mystikus.dsignpoint.com\/pt-pt\/wp-json\/wp\/v2\/product_tag?post=24118"}],"curies":[{"name":"wp","href":"https:\/\/api.w.org\/{rel}","templated":true}]}}