{"id":24131,"date":"2025-03-25T17:11:28","date_gmt":"2025-03-25T16:11:28","guid":{"rendered":"https:\/\/mystikus.dsignpoint.com\/producto\/vela-de-soja-perfumada-sleep-em-lata\/"},"modified":"2025-03-25T17:11:28","modified_gmt":"2025-03-25T16:11:28","slug":"vela-de-soja-perfumada-sleep-em-lata","status":"publish","type":"product","link":"https:\/\/mystikus.dsignpoint.com\/pt-pt\/producto\/vela-de-soja-perfumada-sleep-em-lata\/","title":{"rendered":"Vela de soja perfumada Sleep em lata"},"content":{"rendered":"<pre>Vela de soja perfumada Sleep em lata<\/pre>\n<p>Vela perfumada relaxante em lata decorativa. Para criar uma atmosfera serena que garanta um sono reparador. A sua embalagem torna-a um magn\u00edfico complemento para qualquer set de presente.  <\/p>\n<p>Perfumada com \u00f3leos essenciais de Bergamota, Laranja doce, Lavanda, Ger\u00e2nio, Toranja, Cravo e Cardamomo.<\/p>\n<div class=\"spec-item\">\n<div class=\"spec-desc\">Mat\u00e9ria-prima Cera de soja<\/div>\n<\/div>\n<div class=\"spec-item\">\n<div class=\"spec-desc\">Tempo de combust\u00e3o (horas) \u00b110<\/div>\n<\/div>\n<div class=\"spec-item\">\n<div class=\"spec-desc\">Medida cm 4x7x7<\/div>\n<\/div>\n<div class=\"spec-item\">\n<div class=\"spec-desc\">Peso l\u00edquido em gramas 80<\/div>\n<\/div>\n<p><strong>Acerca do produto<\/strong><br \/>\nVela de cera de soja com cera de palma RSPO sustent\u00e1vel<br \/>\nPerfumada com \u00f3leos essenciais naturais<br \/>\nTempo de combust\u00e3o: \u00b110 horas<br \/>\nMecha de algod\u00e3o puro<\/p>\n<p><strong>Instru\u00e7\u00f5es de uso<\/strong><br \/>\nQueime pelo menos uma hora por cada polegada (2,5 cm) de di\u00e2metro da vela<br \/>\nsempre que a acender para garantir uma combust\u00e3o ideal.<br \/>\nN\u00e3o queime mais de 4 horas seguidas.<br \/>\nApare a mecha para \u00bc&#8221; (0,5 cm) sempre que acender a vela.<br \/>\nDeixe de usar quando restar \u00bd&#8221; (1,3 cm) de cera no fundo.<\/p>\n<p><strong>Aten\u00e7\u00e3o.<\/strong><br \/>\nNunca deixe uma vela acesa sem vigil\u00e2ncia.<br \/>\nMantenha-a fora do alcance de crian\u00e7as e animais de estima\u00e7\u00e3o.<br \/>\nQueime a vela numa superf\u00edcie resistente ao calor ou num suporte adequado.<br \/>\nQueime numa zona ventilada, mas afastada de correntes de ar.<br \/>\nN\u00e3o a mova enquanto estiver acesa ou at\u00e9 que a cera endure\u00e7a.<\/p>\n","protected":false},"excerpt":{"rendered":"<pre>Vela de soja perfumada Sleep em lata<\/pre>\n<p>Vela perfumada relaxante em lata decorativa. Para criar uma atmosfera serena que garanta um sono reparador. A sua embalagem torna-a um magn\u00edfico complemento para qualquer set de presente.  <\/p>\n<p>Perfumada com \u00f3leos essenciais de Bergamota, Laranja doce, Lavanda, Ger\u00e2nio, Toranja, Cravo e Cardamomo.<\/p>\n<p><strong>Acerca do produto<\/strong><br \/>\nVela de cera de soja com cera de palma RSPO sustent\u00e1vel<br \/>\nPerfumada com \u00f3leos essenciais naturais<br \/>\nTempo de combust\u00e3o: \u00b110 horas<br \/>\nMecha de algod\u00e3o puro<\/p>\n","protected":false},"featured_media":215,"comment_status":"closed","ping_status":"closed","template":"","meta":[],"product_brand":[],"product_cat":[126,127],"product_tag":[],"class_list":{"0":"post-24131","1":"product","2":"type-product","3":"status-publish","4":"has-post-thumbnail","6":"product_cat-jardim-encantado","7":"product_cat-velas-aromaticas","9":"first","10":"instock","11":"shipping-taxable","12":"purchasable","13":"product-type-simple"},"_links":{"self":[{"href":"https:\/\/mystikus.dsignpoint.com\/pt-pt\/wp-json\/wp\/v2\/product\/24131","targetHints":{"allow":["GET"]}}],"collection":[{"href":"https:\/\/mystikus.dsignpoint.com\/pt-pt\/wp-json\/wp\/v2\/product"}],"about":[{"href":"https:\/\/mystikus.dsignpoint.com\/pt-pt\/wp-json\/wp\/v2\/types\/product"}],"replies":[{"embeddable":true,"href":"https:\/\/mystikus.dsignpoint.com\/pt-pt\/wp-json\/wp\/v2\/comments?post=24131"}],"wp:featuredmedia":[{"embeddable":true,"href":"https:\/\/mystikus.dsignpoint.com\/pt-pt\/wp-json\/wp\/v2\/media\/215"}],"wp:attachment":[{"href":"https:\/\/mystikus.dsignpoint.com\/pt-pt\/wp-json\/wp\/v2\/media?parent=24131"}],"wp:term":[{"taxonomy":"product_brand","embeddable":true,"href":"https:\/\/mystikus.dsignpoint.com\/pt-pt\/wp-json\/wp\/v2\/product_brand?post=24131"},{"taxonomy":"product_cat","embeddable":true,"href":"https:\/\/mystikus.dsignpoint.com\/pt-pt\/wp-json\/wp\/v2\/product_cat?post=24131"},{"taxonomy":"product_tag","embeddable":true,"href":"https:\/\/mystikus.dsignpoint.com\/pt-pt\/wp-json\/wp\/v2\/product_tag?post=24131"}],"curies":[{"name":"wp","href":"https:\/\/api.w.org\/{rel}","templated":true}]}}