{"id":24135,"date":"2025-03-25T16:54:53","date_gmt":"2025-03-25T15:54:53","guid":{"rendered":"https:\/\/mystikus.dsignpoint.com\/producto\/buda-em-meditacao-tailandia\/"},"modified":"2025-03-25T16:54:53","modified_gmt":"2025-03-25T15:54:53","slug":"buda-em-meditacao-tailandia","status":"publish","type":"product","link":"https:\/\/mystikus.dsignpoint.com\/pt-pt\/producto\/buda-em-meditacao-tailandia\/","title":{"rendered":"Buda em medita\u00e7\u00e3o Tail\u00e2ndia"},"content":{"rendered":"<p>Buda em medita\u00e7\u00e3o Tail\u00e2ndia<\/p>\n<div class=\"spec-desc\">Medida cm 20x11x27.5<\/div>\n<div>\n<div class=\"spec-item\">\n<div class=\"spec-desc\">Material Poliresina<\/div>\n<\/div>\n<div class=\"spec-item\">\n<div class=\"spec-value\">Peso gr 694<\/div>\n<\/div>\n<div class=\"spec-item\">\n<div class=\"spec-desc\">Cor Branco<\/div>\n<div>\n<p>Buda de estilo tailand\u00eas com mudra (gesto da m\u00e3o) da medita\u00e7\u00e3o.<\/p>\n<p>Adequado para uso em interiores e exteriores.<\/p>\n<\/div>\n<\/div>\n<\/div>\n","protected":false},"excerpt":{"rendered":"<p>Buda em medita\u00e7\u00e3o Tail\u00e2ndia<\/p>\n<div class=\"spec-desc\">Medida cm 20x11x27.5<\/div>\n<div>\n<div class=\"spec-item\">\n<div class=\"spec-desc\">Material Poliresina<\/div>\n<\/div>\n<div class=\"spec-item\">\n<div class=\"spec-value\">Peso gr 694<\/div>\n<\/div>\n<div class=\"spec-item\">\n<div class=\"spec-desc\">Cor Branco<\/div>\n<div>\n<p>Buda de estilo tailand\u00eas com mudra (gesto da m\u00e3o) da medita\u00e7\u00e3o.<\/p>\n<p>Adequado para uso em interiores e exteriores.<\/p>\n<\/div>\n<\/div>\n<\/div>\n","protected":false},"featured_media":26439,"comment_status":"closed","ping_status":"closed","template":"","meta":[],"product_brand":[],"product_cat":[131,126],"product_tag":[],"class_list":{"0":"post-24135","1":"product","2":"type-product","3":"status-publish","4":"has-post-thumbnail","6":"product_cat-decoracao","7":"product_cat-jardim-encantado","9":"first","10":"instock","11":"sale","12":"shipping-taxable","13":"purchasable","14":"product-type-simple"},"_links":{"self":[{"href":"https:\/\/mystikus.dsignpoint.com\/pt-pt\/wp-json\/wp\/v2\/product\/24135","targetHints":{"allow":["GET"]}}],"collection":[{"href":"https:\/\/mystikus.dsignpoint.com\/pt-pt\/wp-json\/wp\/v2\/product"}],"about":[{"href":"https:\/\/mystikus.dsignpoint.com\/pt-pt\/wp-json\/wp\/v2\/types\/product"}],"replies":[{"embeddable":true,"href":"https:\/\/mystikus.dsignpoint.com\/pt-pt\/wp-json\/wp\/v2\/comments?post=24135"}],"wp:featuredmedia":[{"embeddable":true,"href":"https:\/\/mystikus.dsignpoint.com\/pt-pt\/wp-json\/wp\/v2\/media\/26439"}],"wp:attachment":[{"href":"https:\/\/mystikus.dsignpoint.com\/pt-pt\/wp-json\/wp\/v2\/media?parent=24135"}],"wp:term":[{"taxonomy":"product_brand","embeddable":true,"href":"https:\/\/mystikus.dsignpoint.com\/pt-pt\/wp-json\/wp\/v2\/product_brand?post=24135"},{"taxonomy":"product_cat","embeddable":true,"href":"https:\/\/mystikus.dsignpoint.com\/pt-pt\/wp-json\/wp\/v2\/product_cat?post=24135"},{"taxonomy":"product_tag","embeddable":true,"href":"https:\/\/mystikus.dsignpoint.com\/pt-pt\/wp-json\/wp\/v2\/product_tag?post=24135"}],"curies":[{"name":"wp","href":"https:\/\/api.w.org\/{rel}","templated":true}]}}