{"id":24150,"date":"2025-03-25T17:03:30","date_gmt":"2025-03-25T16:03:30","guid":{"rendered":"https:\/\/mystikus.dsignpoint.com\/producto\/buda-da-meditacao-tailandia\/"},"modified":"2025-03-25T17:03:30","modified_gmt":"2025-03-25T16:03:30","slug":"buda-da-meditacao-tailandia","status":"publish","type":"product","link":"https:\/\/mystikus.dsignpoint.com\/pt-pt\/producto\/buda-da-meditacao-tailandia\/","title":{"rendered":"Buda da medita\u00e7\u00e3o Tail\u00e2ndia"},"content":{"rendered":"<pre>Buda da medita\u00e7\u00e3o Tail\u00e2ndia\nBuda de estilo tailand\u00eas com o mudra (gesto da m\u00e3o) da medita\u00e7\u00e3o.\nEst\u00e1tua pintada \u00e0 m\u00e3o com mosaico de espelho.<\/pre>\n<div class=\"spec-item\">\n<div class=\"spec-desc\">Material Poliresina<\/div>\n<\/div>\n<div class=\"spec-item\">\n<div class=\"spec-desc\">Medida cm 18x11x29<\/div>\n<\/div>\n<div class=\"spec-item\">\n<div class=\"spec-desc\">Peso gr 960<\/div>\n<\/div>\n<div class=\"spec-item\">\n<div class=\"spec-desc\">Cor Creme<\/div>\n<\/div>\n","protected":false},"excerpt":{"rendered":"<pre>Buda da medita\u00e7\u00e3o Tail\u00e2ndia\nBuda de estilo tailand\u00eas com o mudra (gesto da m\u00e3o) da medita\u00e7\u00e3o.\nEst\u00e1tua pintada \u00e0 m\u00e3o com mosaico de espelho.<\/pre>\n<div class=\"spec-item\">\n<div class=\"spec-desc\">Material Poliresina<\/div>\n<\/div>\n<div class=\"spec-item\">\n<div class=\"spec-desc\">Medida cm 18x11x29<\/div>\n<\/div>\n<div class=\"spec-item\">\n<div class=\"spec-desc\">Peso gr 960<\/div>\n<\/div>\n<div class=\"spec-item\">\n<div class=\"spec-desc\">Cor Creme<\/div>\n<\/div>\n","protected":false},"featured_media":24153,"comment_status":"closed","ping_status":"closed","template":"","meta":[],"product_brand":[],"product_cat":[131,126],"product_tag":[],"class_list":{"0":"post-24150","1":"product","2":"type-product","3":"status-publish","4":"has-post-thumbnail","6":"product_cat-decoracao","7":"product_cat-jardim-encantado","9":"first","10":"instock","11":"shipping-taxable","12":"purchasable","13":"product-type-simple"},"_links":{"self":[{"href":"https:\/\/mystikus.dsignpoint.com\/pt-pt\/wp-json\/wp\/v2\/product\/24150","targetHints":{"allow":["GET"]}}],"collection":[{"href":"https:\/\/mystikus.dsignpoint.com\/pt-pt\/wp-json\/wp\/v2\/product"}],"about":[{"href":"https:\/\/mystikus.dsignpoint.com\/pt-pt\/wp-json\/wp\/v2\/types\/product"}],"replies":[{"embeddable":true,"href":"https:\/\/mystikus.dsignpoint.com\/pt-pt\/wp-json\/wp\/v2\/comments?post=24150"}],"wp:featuredmedia":[{"embeddable":true,"href":"https:\/\/mystikus.dsignpoint.com\/pt-pt\/wp-json\/wp\/v2\/media\/24153"}],"wp:attachment":[{"href":"https:\/\/mystikus.dsignpoint.com\/pt-pt\/wp-json\/wp\/v2\/media?parent=24150"}],"wp:term":[{"taxonomy":"product_brand","embeddable":true,"href":"https:\/\/mystikus.dsignpoint.com\/pt-pt\/wp-json\/wp\/v2\/product_brand?post=24150"},{"taxonomy":"product_cat","embeddable":true,"href":"https:\/\/mystikus.dsignpoint.com\/pt-pt\/wp-json\/wp\/v2\/product_cat?post=24150"},{"taxonomy":"product_tag","embeddable":true,"href":"https:\/\/mystikus.dsignpoint.com\/pt-pt\/wp-json\/wp\/v2\/product_tag?post=24150"}],"curies":[{"name":"wp","href":"https:\/\/api.w.org\/{rel}","templated":true}]}}