{"id":24160,"date":"2025-03-25T16:28:49","date_gmt":"2025-03-25T15:28:49","guid":{"rendered":"https:\/\/mystikus.dsignpoint.com\/producto\/mala-pulseira-de-madeira-de-sandalo-elastica\/"},"modified":"2025-03-25T16:28:49","modified_gmt":"2025-03-25T15:28:49","slug":"mala-pulseira-de-madeira-de-sandalo-elastica","status":"publish","type":"product","link":"https:\/\/mystikus.dsignpoint.com\/pt-pt\/producto\/mala-pulseira-de-madeira-de-sandalo-elastica\/","title":{"rendered":"Mala\/pulseira de madeira de s\u00e2ndalo \u2013 el\u00e1stica"},"content":{"rendered":"<pre>Mala\/pulseira de madeira de s\u00e2ndalo - el\u00e1stica<\/pre>\n<p style=\"font-weight: 400;\">Mala\/pulseira com 21 contas em madeira de s\u00e2ndalo<br \/>\nCom cord\u00e3o el\u00e1stico.<\/p>\n<p><b><strong>Caracter\u00edsticas do produto<br \/>\nO s\u00e2ndalo<\/strong><\/b> \u00e9 naturalmente fragrante e extraordinariamente suave. O s\u00e2ndalo tem sido tradicionalmente considerado uma das subst\u00e2ncias mais puras e \u00e9 apreciado pelas suas propriedades refrescantes e o seu valor medicinal.<br \/>\nAcredita-se que d\u00e1 tranquilidade durante a medita\u00e7\u00e3o.<br \/>\nSup\u00f5e-se que girar as contas de s\u00e2ndalo durante as ora\u00e7\u00f5es tem propriedades terap\u00eauticas que melhoram a calma e geram um estado de esp\u00edrito positivo. <\/p>\n<p style=\"font-weight: 400;\"><b><strong>Mala<\/strong><\/b><br \/>\nUm mala \u00e9 originalmente uma ferramenta hindu\u00edsta e budista para a ora\u00e7\u00e3o e a medita\u00e7\u00e3o. \u00c9 usado para contar mantras durante a medita\u00e7\u00e3o. Um mantra \u00e9 uma cole\u00e7\u00e3o de palavras, muitas vezes do s\u00e2nscrito, que se repete v\u00e1rias vezes, tradicionalmente 108 vezes. Enquanto o repetes, focas-te no significado e na vibra\u00e7\u00e3o das palavras, possivelmente combinado com a visualiza\u00e7\u00e3o que o acompanha. Ao treinar numa pr\u00e1tica de medita\u00e7\u00e3o como esta, os teus pensamentos descansam e o teu corpo relaxa. Hoje em dia, um mala tamb\u00e9m \u00e9 usado como acess\u00f3rio de moda.     <\/p>\n<p style=\"font-weight: 400;\"><b><strong>Porqu\u00ea 108?<\/strong><\/b><b><strong><br \/>\n<\/strong><\/b>Os malas t\u00eam 108 contas porque este n\u00famero tem um grande significado cient\u00edfico nas tradi\u00e7\u00f5es hindu e budista. A circunfer\u00eancia do sol multiplicada por 108 \u00e9 a dist\u00e2ncia entre o sol e a Terra e o mesmo acontece com a lua e a Terra. Al\u00e9m disso, existem 108 nadis ou canais de energia no corpo. H\u00e1 54 letras s\u00e2nscritas, tanto masculinas como femininas, para um total de 108. H\u00e1 108 Puranas e 108 Upanishads. A lista continua!! Ent\u00e3o esse mesmo n\u00famero sagrado \u00e9 usado em malas.      <\/p>\n<p style=\"font-weight: 400;\">\n","protected":false},"excerpt":{"rendered":"<pre>Mala\/pulseira de madeira de s\u00e2ndalo - el\u00e1stica<\/pre>\n<p style=\"font-weight: 400;\">Mala\/pulseira com 21 contas em madeira de s\u00e2ndalo<br \/>\nCom cord\u00e3o el\u00e1stico.<\/p>\n<p><b><strong>Caracter\u00edsticas do produto<br \/>\nO s\u00e2ndalo<\/strong><\/b> \u00e9 naturalmente fragrante e extraordinariamente suave. O s\u00e2ndalo tem sido tradicionalmente considerado uma das subst\u00e2ncias mais puras e \u00e9 apreciado pelas suas propriedades refrescantes e o seu valor medicinal.<br \/>\nAcredita-se que d\u00e1 tranquilidade durante a medita\u00e7\u00e3o.<br \/>\nSup\u00f5e-se que girar as contas de s\u00e2ndalo durante as ora\u00e7\u00f5es tem propriedades terap\u00eauticas que melhoram a calma e geram um estado de esp\u00edrito positivo. <\/p>\n<p style=\"font-weight: 400;\"><b><strong>Mala<\/strong><\/b><br \/>\nUm mala \u00e9 originalmente uma ferramenta hindu\u00edsta e budista para a ora\u00e7\u00e3o e a medita\u00e7\u00e3o. \u00c9 usado para contar mantras durante a medita\u00e7\u00e3o. Um mantra \u00e9 uma cole\u00e7\u00e3o de palavras, muitas vezes do s\u00e2nscrito, que se repete v\u00e1rias vezes, tradicionalmente 108 vezes. Enquanto o repetes, focas-te no significado e na vibra\u00e7\u00e3o das palavras, possivelmente combinado com a visualiza\u00e7\u00e3o que o acompanha. Ao treinar numa pr\u00e1tica de medita\u00e7\u00e3o como esta, os teus pensamentos descansam e o teu corpo relaxa. Hoje em dia, um mala tamb\u00e9m \u00e9 usado como acess\u00f3rio de moda.     <\/p>\n<p style=\"font-weight: 400;\"><b><strong>Porqu\u00ea 108?<\/strong><\/b><b><strong><br \/>\n<\/strong><\/b>Os malas t\u00eam 108 contas porque este n\u00famero tem um grande significado cient\u00edfico nas tradi\u00e7\u00f5es hindu e budista. A circunfer\u00eancia do sol multiplicada por 108 \u00e9 a dist\u00e2ncia entre o sol e a Terra e o mesmo acontece com a lua e a Terra. Al\u00e9m disso, existem 108 nadis ou canais de energia no corpo. H\u00e1 54 letras s\u00e2nscritas, tanto masculinas como femininas, para um total de 108. H\u00e1 108 Puranas e 108 Upanishads. A lista continua!! Ent\u00e3o esse mesmo n\u00famero sagrado \u00e9 usado em malas.      <\/p>\n","protected":false},"featured_media":198,"comment_status":"closed","ping_status":"closed","template":"","meta":[],"product_brand":[],"product_cat":[111,133],"product_tag":[],"class_list":{"0":"post-24160","1":"product","2":"type-product","3":"status-publish","4":"has-post-thumbnail","6":"product_cat-minerais-e-joias","7":"product_cat-pulseiras","9":"first","10":"instock","11":"shipping-taxable","12":"purchasable","13":"product-type-simple"},"_links":{"self":[{"href":"https:\/\/mystikus.dsignpoint.com\/pt-pt\/wp-json\/wp\/v2\/product\/24160","targetHints":{"allow":["GET"]}}],"collection":[{"href":"https:\/\/mystikus.dsignpoint.com\/pt-pt\/wp-json\/wp\/v2\/product"}],"about":[{"href":"https:\/\/mystikus.dsignpoint.com\/pt-pt\/wp-json\/wp\/v2\/types\/product"}],"replies":[{"embeddable":true,"href":"https:\/\/mystikus.dsignpoint.com\/pt-pt\/wp-json\/wp\/v2\/comments?post=24160"}],"wp:featuredmedia":[{"embeddable":true,"href":"https:\/\/mystikus.dsignpoint.com\/pt-pt\/wp-json\/wp\/v2\/media\/198"}],"wp:attachment":[{"href":"https:\/\/mystikus.dsignpoint.com\/pt-pt\/wp-json\/wp\/v2\/media?parent=24160"}],"wp:term":[{"taxonomy":"product_brand","embeddable":true,"href":"https:\/\/mystikus.dsignpoint.com\/pt-pt\/wp-json\/wp\/v2\/product_brand?post=24160"},{"taxonomy":"product_cat","embeddable":true,"href":"https:\/\/mystikus.dsignpoint.com\/pt-pt\/wp-json\/wp\/v2\/product_cat?post=24160"},{"taxonomy":"product_tag","embeddable":true,"href":"https:\/\/mystikus.dsignpoint.com\/pt-pt\/wp-json\/wp\/v2\/product_tag?post=24160"}],"curies":[{"name":"wp","href":"https:\/\/api.w.org\/{rel}","templated":true}]}}