{"id":24169,"date":"2025-03-25T16:39:56","date_gmt":"2025-03-25T15:39:56","guid":{"rendered":"https:\/\/mystikus.dsignpoint.com\/producto\/sprays-para-a-consciencia-espiritual\/"},"modified":"2025-03-25T16:39:56","modified_gmt":"2025-03-25T15:39:56","slug":"sprays-para-a-consciencia-espiritual","status":"publish","type":"product","link":"https:\/\/mystikus.dsignpoint.com\/pt-pt\/producto\/sprays-para-a-consciencia-espiritual\/","title":{"rendered":"Sprays para a Consci\u00eancia Espiritual"},"content":{"rendered":"<p>Sprays para a Consci\u00eancia Espiritual<\/p>\n<p>Spray de nebuliza\u00e7\u00e3o natural Aromafume Spiritual Awareness (consci\u00eancia espiritual), para purificar a sua casa de qualquer energia negativa estagnada e refrescar o ar com apenas algumas pulveriza\u00e7\u00f5es. Leva-o a um estado de medita\u00e7\u00e3o mais profundo e deixa um aroma agrad\u00e1vel e leve que se dispersa suavemente no espa\u00e7o, deixando-o tranquilo e cheio de energia. <\/p>\n<p><strong>Aromas: <\/strong><br \/>\nSpray ambientador de Copal<br \/>\nSpray ambientador de Mirra<br \/>\nSpray ambientador de Franquincienso (Olibano)<br \/>\nSpray ambientador de Benju\u00ed<br \/>\nSpray ambientador de Franquincienso y Mirra<\/p>\n<div class=\"spec-desc\">Conte\u00fado 50ml<\/div>\n","protected":false},"excerpt":{"rendered":"<p>Sprays para a Consci\u00eancia Espiritual<\/p>\n<p>Spray de nebuliza\u00e7\u00e3o natural Aromafume Spiritual Awareness (consci\u00eancia espiritual), para purificar a sua casa de qualquer energia negativa estagnada e refrescar o ar com apenas algumas pulveriza\u00e7\u00f5es. Leva-o a um estado de medita\u00e7\u00e3o mais profundo e deixa um aroma agrad\u00e1vel e leve que se dispersa suavemente no espa\u00e7o, deixando-o tranquilo e cheio de energia. <\/p>\n<p><strong>Aromas: <\/strong><br \/>\nSpray ambientador de Copal<br \/>\nSpray ambientador de Mirra<br \/>\nSpray ambientador de Franquincienso (Olibano)<br \/>\nSpray ambientador de Benju\u00ed<br \/>\nSpray ambientador de Franquincienso y Mirra<\/p>\n<div class=\"spec-desc\">Conte\u00fado 50ml<\/div>\n","protected":false},"featured_media":205,"comment_status":"closed","ping_status":"closed","template":"","meta":[],"product_brand":[],"product_cat":[136,135],"product_tag":[],"class_list":{"0":"post-24169","1":"product","2":"type-product","3":"status-publish","4":"has-post-thumbnail","6":"product_cat-ambientadores","7":"product_cat-esotericos","9":"first","10":"instock","11":"shipping-taxable","12":"purchasable","13":"product-type-variable"},"_links":{"self":[{"href":"https:\/\/mystikus.dsignpoint.com\/pt-pt\/wp-json\/wp\/v2\/product\/24169","targetHints":{"allow":["GET"]}}],"collection":[{"href":"https:\/\/mystikus.dsignpoint.com\/pt-pt\/wp-json\/wp\/v2\/product"}],"about":[{"href":"https:\/\/mystikus.dsignpoint.com\/pt-pt\/wp-json\/wp\/v2\/types\/product"}],"replies":[{"embeddable":true,"href":"https:\/\/mystikus.dsignpoint.com\/pt-pt\/wp-json\/wp\/v2\/comments?post=24169"}],"wp:featuredmedia":[{"embeddable":true,"href":"https:\/\/mystikus.dsignpoint.com\/pt-pt\/wp-json\/wp\/v2\/media\/205"}],"wp:attachment":[{"href":"https:\/\/mystikus.dsignpoint.com\/pt-pt\/wp-json\/wp\/v2\/media?parent=24169"}],"wp:term":[{"taxonomy":"product_brand","embeddable":true,"href":"https:\/\/mystikus.dsignpoint.com\/pt-pt\/wp-json\/wp\/v2\/product_brand?post=24169"},{"taxonomy":"product_cat","embeddable":true,"href":"https:\/\/mystikus.dsignpoint.com\/pt-pt\/wp-json\/wp\/v2\/product_cat?post=24169"},{"taxonomy":"product_tag","embeddable":true,"href":"https:\/\/mystikus.dsignpoint.com\/pt-pt\/wp-json\/wp\/v2\/product_tag?post=24169"}],"curies":[{"name":"wp","href":"https:\/\/api.w.org\/{rel}","templated":true}]}}