{"id":24178,"date":"2025-03-25T16:21:49","date_gmt":"2025-03-25T15:21:49","guid":{"rendered":"https:\/\/mystikus.dsignpoint.com\/producto\/turmalina-negra-em-bruto\/"},"modified":"2025-03-25T16:21:49","modified_gmt":"2025-03-25T15:21:49","slug":"turmalina-negra-em-bruto","status":"publish","type":"product","link":"https:\/\/mystikus.dsignpoint.com\/pt-pt\/producto\/turmalina-negra-em-bruto\/","title":{"rendered":"Turmalina negra em bruto"},"content":{"rendered":"<pre>Turmalina negra em bruto<\/pre>\n<div class=\"spec-desc\">Medida cm \u00b11.5-3.5<\/div>\n<div>\n<p><strong>A turmalina<\/strong> ajuda a purificar e a sentir-se enraizado na Terra e protege contra as energias negativas e a radia\u00e7\u00e3o.<br \/>\n Pode ser utilizada, por exemplo, em sess\u00f5es de cura ou como decora\u00e7\u00e3o, ou colocada perto de um computador ou televisor ou num altar.*<br \/>\n<em>Trata-se de um produto natural, pelo que a cor, a forma e o tamanho podem variar e diferir da imagem mostrada.<\/em><\/p>\n<p><em>*As caracter\u00edsticas de todas as pedras e minerais do nosso site n\u00e3o est\u00e3o demonstradas cientificamente; baseiam-se nas experi\u00eancias de utilizadores e terapeutas de pedras semipreciosas. As propriedades curativas indicadas n\u00e3o pretendem em caso algum substituir o diagn\u00f3stico ou tratamento de um terapeuta ou m\u00e9dico qualificado. Em caso de d\u00favida sobre a sua sa\u00fade, consulte um m\u00e9dico.  <\/em><\/p>\n<\/div>\n","protected":false},"excerpt":{"rendered":"<pre>Turmalina negra em bruto<\/pre>\n<div class=\"spec-desc\">Medida cm \u00b11.5-3.5<\/div>\n<div>\n<p><strong>A turmalina<\/strong> ajuda a purificar e a sentir-se enraizado na Terra e protege contra as energias negativas e a radia\u00e7\u00e3o.<br \/>\n Pode ser utilizada, por exemplo, em sess\u00f5es de cura ou como decora\u00e7\u00e3o, ou colocada perto de um computador ou televisor ou num altar.*<br \/>\n<em>Trata-se de um produto natural, pelo que a cor, a forma e o tamanho podem variar e diferir da imagem mostrada.<\/em><\/p>\n<p><em>*As caracter\u00edsticas de todas as pedras e minerais do nosso site n\u00e3o est\u00e3o demonstradas cientificamente; baseiam-se nas experi\u00eancias de utilizadores e terapeutas de pedras semipreciosas. As propriedades curativas indicadas n\u00e3o pretendem em caso algum substituir o diagn\u00f3stico ou tratamento de um terapeuta ou m\u00e9dico qualificado. Em caso de d\u00favida sobre a sua sa\u00fade, consulte um m\u00e9dico.  <\/em><\/p>\n<\/div>\n","protected":false},"featured_media":196,"comment_status":"closed","ping_status":"closed","template":"","meta":[],"product_brand":[],"product_cat":[138,112,111],"product_tag":[],"class_list":{"0":"post-24178","1":"product","2":"type-product","3":"status-publish","4":"has-post-thumbnail","6":"product_cat-brutos","7":"product_cat-minerais","8":"product_cat-minerais-e-joias","10":"first","11":"instock","12":"shipping-taxable","13":"purchasable","14":"product-type-simple"},"_links":{"self":[{"href":"https:\/\/mystikus.dsignpoint.com\/pt-pt\/wp-json\/wp\/v2\/product\/24178","targetHints":{"allow":["GET"]}}],"collection":[{"href":"https:\/\/mystikus.dsignpoint.com\/pt-pt\/wp-json\/wp\/v2\/product"}],"about":[{"href":"https:\/\/mystikus.dsignpoint.com\/pt-pt\/wp-json\/wp\/v2\/types\/product"}],"replies":[{"embeddable":true,"href":"https:\/\/mystikus.dsignpoint.com\/pt-pt\/wp-json\/wp\/v2\/comments?post=24178"}],"wp:featuredmedia":[{"embeddable":true,"href":"https:\/\/mystikus.dsignpoint.com\/pt-pt\/wp-json\/wp\/v2\/media\/196"}],"wp:attachment":[{"href":"https:\/\/mystikus.dsignpoint.com\/pt-pt\/wp-json\/wp\/v2\/media?parent=24178"}],"wp:term":[{"taxonomy":"product_brand","embeddable":true,"href":"https:\/\/mystikus.dsignpoint.com\/pt-pt\/wp-json\/wp\/v2\/product_brand?post=24178"},{"taxonomy":"product_cat","embeddable":true,"href":"https:\/\/mystikus.dsignpoint.com\/pt-pt\/wp-json\/wp\/v2\/product_cat?post=24178"},{"taxonomy":"product_tag","embeddable":true,"href":"https:\/\/mystikus.dsignpoint.com\/pt-pt\/wp-json\/wp\/v2\/product_tag?post=24178"}],"curies":[{"name":"wp","href":"https:\/\/api.w.org\/{rel}","templated":true}]}}