{"id":24202,"date":"2025-03-25T16:18:56","date_gmt":"2025-03-25T15:18:56","guid":{"rendered":"https:\/\/mystikus.dsignpoint.com\/producto\/pedras-de-pirite-polidas\/"},"modified":"2025-03-25T16:18:56","modified_gmt":"2025-03-25T15:18:56","slug":"pedras-de-pirite-polidas","status":"publish","type":"product","link":"https:\/\/mystikus.dsignpoint.com\/pt-pt\/producto\/pedras-de-pirite-polidas\/","title":{"rendered":"Pedras de pirite polidas"},"content":{"rendered":"<pre>Pedras de pirite polidas<\/pre>\n<div class=\"spec-desc\">Medida cm \u00b11.5-3.5<\/div>\n<div>\n<p><strong>A pirite<\/strong> representa a riqueza, o dinheiro, a abund\u00e2ncia e a prosperidade. \u00c9 uma excelente pedra para atrair energia positiva aos neg\u00f3cios, bastando colocar uma pirite na secret\u00e1ria, no local de trabalho ou no escrit\u00f3rio. A pirite fortalece a mente, estimulando a destreza mental, o intelecto e a mem\u00f3ria. Tamb\u00e9m estimula os n\u00edveis de energia, vitalidade, motiva\u00e7\u00e3o e perseveran\u00e7a.*   <\/p>\n<p><em>Este \u00e9 um produto natural, pelo que a cor, a forma e o tamanho podem variar e diferir da imagem mostrada.<\/em><\/p>\n<p><em>* As caracter\u00edsticas de todas as pedras minerais do nosso s\u00edtio Web n\u00e3o est\u00e3o cientificamente comprovadas; baseiam-se em experi\u00eancias de utilizadores e terapeutas de pedras preciosas. As propriedades curativas descritas n\u00e3o pretendem, em caso algum, substituir o diagn\u00f3stico ou tratamento de um terapeuta ou m\u00e9dico qualificado. Em caso de d\u00favida sobre a sua sa\u00fade, consulte um m\u00e9dico.  <\/em><\/p>\n<\/div>\n","protected":false},"excerpt":{"rendered":"<pre>Pedras de pirite polidas<\/pre>\n<div class=\"spec-desc\">Medida cm \u00b11.5-3.5<\/div>\n<div>\n<p><strong>A pirite<\/strong> representa a riqueza, o dinheiro, a abund\u00e2ncia e a prosperidade. \u00c9 uma excelente pedra para atrair energia positiva aos neg\u00f3cios, bastando colocar uma pirite na secret\u00e1ria, no local de trabalho ou no escrit\u00f3rio. A pirite fortalece a mente, estimulando a destreza mental, o intelecto e a mem\u00f3ria. Tamb\u00e9m estimula os n\u00edveis de energia, vitalidade, motiva\u00e7\u00e3o e perseveran\u00e7a.*   <\/p>\n<p><em>Este \u00e9 um produto natural, pelo que a cor, a forma e o tamanho podem variar e diferir da imagem mostrada.<\/em><\/p>\n<p><em>* As caracter\u00edsticas de todas as pedras minerais do nosso s\u00edtio Web n\u00e3o est\u00e3o cientificamente comprovadas; baseiam-se em experi\u00eancias de utilizadores e terapeutas de pedras preciosas. As propriedades curativas descritas n\u00e3o pretendem, em caso algum, substituir o diagn\u00f3stico ou tratamento de um terapeuta ou m\u00e9dico qualificado. Em caso de d\u00favida sobre a sua sa\u00fade, consulte um m\u00e9dico.  <\/em><\/p>\n<\/div>\n","protected":false},"featured_media":194,"comment_status":"closed","ping_status":"closed","template":"","meta":[],"product_brand":[],"product_cat":[112,111,113],"product_tag":[],"class_list":{"0":"post-24202","1":"product","2":"type-product","3":"status-publish","4":"has-post-thumbnail","6":"product_cat-minerais","7":"product_cat-minerais-e-joias","8":"product_cat-rolados","10":"first","11":"instock","12":"shipping-taxable","13":"purchasable","14":"product-type-simple"},"_links":{"self":[{"href":"https:\/\/mystikus.dsignpoint.com\/pt-pt\/wp-json\/wp\/v2\/product\/24202","targetHints":{"allow":["GET"]}}],"collection":[{"href":"https:\/\/mystikus.dsignpoint.com\/pt-pt\/wp-json\/wp\/v2\/product"}],"about":[{"href":"https:\/\/mystikus.dsignpoint.com\/pt-pt\/wp-json\/wp\/v2\/types\/product"}],"replies":[{"embeddable":true,"href":"https:\/\/mystikus.dsignpoint.com\/pt-pt\/wp-json\/wp\/v2\/comments?post=24202"}],"wp:featuredmedia":[{"embeddable":true,"href":"https:\/\/mystikus.dsignpoint.com\/pt-pt\/wp-json\/wp\/v2\/media\/194"}],"wp:attachment":[{"href":"https:\/\/mystikus.dsignpoint.com\/pt-pt\/wp-json\/wp\/v2\/media?parent=24202"}],"wp:term":[{"taxonomy":"product_brand","embeddable":true,"href":"https:\/\/mystikus.dsignpoint.com\/pt-pt\/wp-json\/wp\/v2\/product_brand?post=24202"},{"taxonomy":"product_cat","embeddable":true,"href":"https:\/\/mystikus.dsignpoint.com\/pt-pt\/wp-json\/wp\/v2\/product_cat?post=24202"},{"taxonomy":"product_tag","embeddable":true,"href":"https:\/\/mystikus.dsignpoint.com\/pt-pt\/wp-json\/wp\/v2\/product_tag?post=24202"}],"curies":[{"name":"wp","href":"https:\/\/api.w.org\/{rel}","templated":true}]}}