{"id":24206,"date":"2025-03-25T16:12:14","date_gmt":"2025-03-25T15:12:14","guid":{"rendered":"https:\/\/mystikus.dsignpoint.com\/producto\/pedras-de-onix-preto-polidas\/"},"modified":"2025-03-25T16:12:14","modified_gmt":"2025-03-25T15:12:14","slug":"pedras-de-onix-preto-polidas","status":"publish","type":"product","link":"https:\/\/mystikus.dsignpoint.com\/pt-pt\/producto\/pedras-de-onix-preto-polidas\/","title":{"rendered":"Pedras de \u00d3nix preto polidas"},"content":{"rendered":"<p>Pedras de \u00d3nix preto polidas<\/p>\n<div class=\"spec-desc\">Medida cm \u00b13-8<\/div>\n<div>\n<p>Caracter\u00edsticas do <strong>\u00d3nix Negro<\/strong>: centra e alinha as suas energias, d\u00e1 for\u00e7a e aumenta a resist\u00eancia. O \u00f3nix negro \u00e9 uma pedra poderosa para facilitar a cura de antigas m\u00e1goas e de dor.*<br \/>\n<em><br \/>\nEste \u00e9 um produto natural, pelo que a cor, a forma e o tamanho podem variar e diferir da imagem mostrada.<\/em><br \/>\n<em>*As caracter\u00edsticas de todas as pedras minerais no nosso s\u00edtio Web n\u00e3o est\u00e3o cientificamente comprovadas; baseiam-se em experi\u00eancias de utilizadores e terapeutas de pedras preciosas. As propriedades curativas descritas de forma alguma pretendem substituir o diagn\u00f3stico ou o tratamento por parte de um terapeuta ou m\u00e9dico qualificado. Se tiver d\u00favidas sobre a sua sa\u00fade, consulte um m\u00e9dico.  <\/em><\/p>\n<\/div>\n","protected":false},"excerpt":{"rendered":"<p>Pedras de \u00d3nix preto polidas<\/p>\n<div class=\"spec-desc\">Medida cm \u00b13-8<\/div>\n<div>\n<p>Caracter\u00edsticas do <strong>\u00d3nix Negro<\/strong>: centra e alinha as suas energias, d\u00e1 for\u00e7a e aumenta a resist\u00eancia. O \u00f3nix negro \u00e9 uma pedra poderosa para facilitar a cura de antigas m\u00e1goas e de dor.*<br \/>\n<em><br \/>\nEste \u00e9 um produto natural, pelo que a cor, a forma e o tamanho podem variar e diferir da imagem mostrada.<\/em><br \/>\n<em>*As caracter\u00edsticas de todas as pedras minerais no nosso s\u00edtio Web n\u00e3o est\u00e3o cientificamente comprovadas; baseiam-se em experi\u00eancias de utilizadores e terapeutas de pedras preciosas. As propriedades curativas descritas de forma alguma pretendem substituir o diagn\u00f3stico ou o tratamento por parte de um terapeuta ou m\u00e9dico qualificado. Se tiver d\u00favidas sobre a sua sa\u00fade, consulte um m\u00e9dico.  <\/em><\/p>\n<\/div>\n","protected":false},"featured_media":189,"comment_status":"closed","ping_status":"closed","template":"","meta":[],"product_brand":[],"product_cat":[112,111,113],"product_tag":[],"class_list":{"0":"post-24206","1":"product","2":"type-product","3":"status-publish","4":"has-post-thumbnail","6":"product_cat-minerais","7":"product_cat-minerais-e-joias","8":"product_cat-rolados","10":"first","11":"instock","12":"shipping-taxable","13":"purchasable","14":"product-type-simple"},"_links":{"self":[{"href":"https:\/\/mystikus.dsignpoint.com\/pt-pt\/wp-json\/wp\/v2\/product\/24206","targetHints":{"allow":["GET"]}}],"collection":[{"href":"https:\/\/mystikus.dsignpoint.com\/pt-pt\/wp-json\/wp\/v2\/product"}],"about":[{"href":"https:\/\/mystikus.dsignpoint.com\/pt-pt\/wp-json\/wp\/v2\/types\/product"}],"replies":[{"embeddable":true,"href":"https:\/\/mystikus.dsignpoint.com\/pt-pt\/wp-json\/wp\/v2\/comments?post=24206"}],"wp:featuredmedia":[{"embeddable":true,"href":"https:\/\/mystikus.dsignpoint.com\/pt-pt\/wp-json\/wp\/v2\/media\/189"}],"wp:attachment":[{"href":"https:\/\/mystikus.dsignpoint.com\/pt-pt\/wp-json\/wp\/v2\/media?parent=24206"}],"wp:term":[{"taxonomy":"product_brand","embeddable":true,"href":"https:\/\/mystikus.dsignpoint.com\/pt-pt\/wp-json\/wp\/v2\/product_brand?post=24206"},{"taxonomy":"product_cat","embeddable":true,"href":"https:\/\/mystikus.dsignpoint.com\/pt-pt\/wp-json\/wp\/v2\/product_cat?post=24206"},{"taxonomy":"product_tag","embeddable":true,"href":"https:\/\/mystikus.dsignpoint.com\/pt-pt\/wp-json\/wp\/v2\/product_tag?post=24206"}],"curies":[{"name":"wp","href":"https:\/\/api.w.org\/{rel}","templated":true}]}}