{"id":24214,"date":"2025-03-25T16:15:36","date_gmt":"2025-03-25T15:15:36","guid":{"rendered":"https:\/\/mystikus.dsignpoint.com\/producto\/pedras-de-amazonite-polida\/"},"modified":"2025-03-25T16:15:36","modified_gmt":"2025-03-25T15:15:36","slug":"pedras-de-amazonite-polida","status":"publish","type":"product","link":"https:\/\/mystikus.dsignpoint.com\/pt-pt\/producto\/pedras-de-amazonite-polida\/","title":{"rendered":"Pedras de Amazonite polida"},"content":{"rendered":"<pre>Pedras de Amazonite polida<\/pre>\n<div class=\"spec-desc\">Medida cm \u00b12-4<\/div>\n<div>\n<p><strong>A Amazonite<\/strong> do Brasil, um poderoso protetor contra a energia negativa e a radia\u00e7\u00e3o eletromagn\u00e9tica. Proporciona equil\u00edbrio entre os pensamentos e a sabedoria intuitiva.*<br \/>\n<em><strong>Nota: <\/strong>Este \u00e9 um produto natural, pelo que o tamanho, a cor e a forma variam e podem diferir da imagem mostrada.<\/em><\/p>\n<p><em>*As caracter\u00edsticas de todas as pedras minerais no nosso s\u00edtio Web n\u00e3o est\u00e3o cientificamente comprovadas; baseiam-se em experi\u00eancias de utilizadores e terapeutas de pedras preciosas. As propriedades curativas descritas de forma alguma pretendem substituir o diagn\u00f3stico ou o tratamento por parte de um terapeuta ou m\u00e9dico qualificado. Se tiver d\u00favidas sobre a sua sa\u00fade, consulte um m\u00e9dico.  <\/em><\/p>\n<\/div>\n","protected":false},"excerpt":{"rendered":"<pre>Pedras de Amazonite polida<\/pre>\n<div class=\"spec-desc\">Medida cm \u00b12-4<\/div>\n<div>\n<p><strong>A Amazonite<\/strong> do Brasil, um poderoso protetor contra a energia negativa e a radia\u00e7\u00e3o eletromagn\u00e9tica. Proporciona equil\u00edbrio entre os pensamentos e a sabedoria intuitiva.*<br \/>\n<em><strong>Nota: <\/strong>Este \u00e9 um produto natural, pelo que o tamanho, a cor e a forma variam e podem diferir da imagem mostrada.<\/em><\/p>\n<p><em>*As caracter\u00edsticas de todas as pedras minerais no nosso s\u00edtio Web n\u00e3o est\u00e3o cientificamente comprovadas; baseiam-se em experi\u00eancias de utilizadores e terapeutas de pedras preciosas. As propriedades curativas descritas de forma alguma pretendem substituir o diagn\u00f3stico ou o tratamento por parte de um terapeuta ou m\u00e9dico qualificado. Se tiver d\u00favidas sobre a sua sa\u00fade, consulte um m\u00e9dico.  <\/em><\/p>\n<\/div>\n","protected":false},"featured_media":191,"comment_status":"closed","ping_status":"closed","template":"","meta":[],"product_brand":[],"product_cat":[112,111,113],"product_tag":[],"class_list":{"0":"post-24214","1":"product","2":"type-product","3":"status-publish","4":"has-post-thumbnail","6":"product_cat-minerais","7":"product_cat-minerais-e-joias","8":"product_cat-rolados","10":"first","11":"instock","12":"shipping-taxable","13":"purchasable","14":"product-type-simple"},"_links":{"self":[{"href":"https:\/\/mystikus.dsignpoint.com\/pt-pt\/wp-json\/wp\/v2\/product\/24214","targetHints":{"allow":["GET"]}}],"collection":[{"href":"https:\/\/mystikus.dsignpoint.com\/pt-pt\/wp-json\/wp\/v2\/product"}],"about":[{"href":"https:\/\/mystikus.dsignpoint.com\/pt-pt\/wp-json\/wp\/v2\/types\/product"}],"replies":[{"embeddable":true,"href":"https:\/\/mystikus.dsignpoint.com\/pt-pt\/wp-json\/wp\/v2\/comments?post=24214"}],"wp:featuredmedia":[{"embeddable":true,"href":"https:\/\/mystikus.dsignpoint.com\/pt-pt\/wp-json\/wp\/v2\/media\/191"}],"wp:attachment":[{"href":"https:\/\/mystikus.dsignpoint.com\/pt-pt\/wp-json\/wp\/v2\/media?parent=24214"}],"wp:term":[{"taxonomy":"product_brand","embeddable":true,"href":"https:\/\/mystikus.dsignpoint.com\/pt-pt\/wp-json\/wp\/v2\/product_brand?post=24214"},{"taxonomy":"product_cat","embeddable":true,"href":"https:\/\/mystikus.dsignpoint.com\/pt-pt\/wp-json\/wp\/v2\/product_cat?post=24214"},{"taxonomy":"product_tag","embeddable":true,"href":"https:\/\/mystikus.dsignpoint.com\/pt-pt\/wp-json\/wp\/v2\/product_tag?post=24214"}],"curies":[{"name":"wp","href":"https:\/\/api.w.org\/{rel}","templated":true}]}}