{"id":24220,"date":"2025-03-25T16:07:39","date_gmt":"2025-03-25T15:07:39","guid":{"rendered":"https:\/\/mystikus.dsignpoint.com\/producto\/pedras-de-granada-polidas\/"},"modified":"2025-03-25T16:07:39","modified_gmt":"2025-03-25T15:07:39","slug":"pedras-de-granada-polidas","status":"publish","type":"product","link":"https:\/\/mystikus.dsignpoint.com\/pt-pt\/producto\/pedras-de-granada-polidas\/","title":{"rendered":"Pedras de Granada polidas"},"content":{"rendered":"<p>Pedras de Granada polidas<\/p>\n<div class=\"spec-desc\">Medida cm \u00b15-8<\/div>\n<div>\n<p><strong>Caracter\u00edsticas da granada:<\/strong> Uma pedra de amor e compaix\u00e3o. Fortalece e purifica, equilibra o campo energ\u00e9tico do corpo e aumenta a imagina\u00e7\u00e3o. A manifesta\u00e7\u00e3o natural da granada e a sua capacidade de liga\u00e7\u00e3o \u00e0 terra fazem desta uma verdadeira pedra de poder. Est\u00e1 aqui para te inspirar a assumir o controlo do caminho da tua vida e da tua evolu\u00e7\u00e3o espiritual.*<br \/>\n<em>Este \u00e9 um produto natural, pelo que a cor, a forma e o tamanho podem variar e diferir da imagem apresentada.<\/em><\/p>\n<p><em>*As caracter\u00edsticas de todas as pedras minerais no nosso site n\u00e3o s\u00e3o cientificamente comprovadas; baseiam-se nas experi\u00eancias dos utilizadores e dos terapeutas de pedras preciosas. As propriedades curativas descritas n\u00e3o pretendem substituir o diagn\u00f3stico ou o tratamento de um terapeuta ou m\u00e9dico qualificado. Se tiver d\u00favidas sobre a sua sa\u00fade, consulte um m\u00e9dico.  <\/em><\/p>\n<\/div>\n","protected":false},"excerpt":{"rendered":"<p>Pedras de Granada polidas<\/p>\n<div class=\"spec-desc\">Medida cm \u00b15-8<\/div>\n<div>\n<p><strong>Caracter\u00edsticas da granada:<\/strong> Uma pedra de amor e compaix\u00e3o. Fortalece e purifica, equilibra o campo energ\u00e9tico do corpo e aumenta a imagina\u00e7\u00e3o. A manifesta\u00e7\u00e3o natural da granada e a sua capacidade de liga\u00e7\u00e3o \u00e0 terra fazem desta uma verdadeira pedra de poder. Est\u00e1 aqui para te inspirar a assumir o controlo do caminho da tua vida e da tua evolu\u00e7\u00e3o espiritual.*<br \/>\n<em>Este \u00e9 um produto natural, pelo que a cor, a forma e o tamanho podem variar e diferir da imagem apresentada.<\/em><\/p>\n<p><em>*As caracter\u00edsticas de todas as pedras minerais no nosso site n\u00e3o s\u00e3o cientificamente comprovadas; baseiam-se nas experi\u00eancias dos utilizadores e dos terapeutas de pedras preciosas. As propriedades curativas descritas n\u00e3o pretendem substituir o diagn\u00f3stico ou o tratamento de um terapeuta ou m\u00e9dico qualificado. Se tiver d\u00favidas sobre a sua sa\u00fade, consulte um m\u00e9dico.  <\/em><\/p>\n<\/div>\n","protected":false},"featured_media":187,"comment_status":"closed","ping_status":"closed","template":"","meta":[],"product_brand":[],"product_cat":[112,111,113],"product_tag":[],"class_list":{"0":"post-24220","1":"product","2":"type-product","3":"status-publish","4":"has-post-thumbnail","6":"product_cat-minerais","7":"product_cat-minerais-e-joias","8":"product_cat-rolados","10":"first","11":"instock","12":"shipping-taxable","13":"purchasable","14":"product-type-simple"},"_links":{"self":[{"href":"https:\/\/mystikus.dsignpoint.com\/pt-pt\/wp-json\/wp\/v2\/product\/24220","targetHints":{"allow":["GET"]}}],"collection":[{"href":"https:\/\/mystikus.dsignpoint.com\/pt-pt\/wp-json\/wp\/v2\/product"}],"about":[{"href":"https:\/\/mystikus.dsignpoint.com\/pt-pt\/wp-json\/wp\/v2\/types\/product"}],"replies":[{"embeddable":true,"href":"https:\/\/mystikus.dsignpoint.com\/pt-pt\/wp-json\/wp\/v2\/comments?post=24220"}],"wp:featuredmedia":[{"embeddable":true,"href":"https:\/\/mystikus.dsignpoint.com\/pt-pt\/wp-json\/wp\/v2\/media\/187"}],"wp:attachment":[{"href":"https:\/\/mystikus.dsignpoint.com\/pt-pt\/wp-json\/wp\/v2\/media?parent=24220"}],"wp:term":[{"taxonomy":"product_brand","embeddable":true,"href":"https:\/\/mystikus.dsignpoint.com\/pt-pt\/wp-json\/wp\/v2\/product_brand?post=24220"},{"taxonomy":"product_cat","embeddable":true,"href":"https:\/\/mystikus.dsignpoint.com\/pt-pt\/wp-json\/wp\/v2\/product_cat?post=24220"},{"taxonomy":"product_tag","embeddable":true,"href":"https:\/\/mystikus.dsignpoint.com\/pt-pt\/wp-json\/wp\/v2\/product_tag?post=24220"}],"curies":[{"name":"wp","href":"https:\/\/api.w.org\/{rel}","templated":true}]}}