{"id":24223,"date":"2025-03-25T15:54:42","date_gmt":"2025-03-25T14:54:42","guid":{"rendered":"https:\/\/mystikus.dsignpoint.com\/producto\/pedras-de-quartzo-rosa-polido\/"},"modified":"2025-03-25T15:54:42","modified_gmt":"2025-03-25T14:54:42","slug":"pedras-de-quartzo-rosa-polido","status":"publish","type":"product","link":"https:\/\/mystikus.dsignpoint.com\/pt-pt\/producto\/pedras-de-quartzo-rosa-polido\/","title":{"rendered":"Pedras de Quartzo Rosa polido"},"content":{"rendered":"<div>Pedras de Quartzo Rosa polido<\/div>\n<div class=\"spec-desc\">Medida cm<\/div>\n<div class=\"spec-value\">\u00b14-6<\/div>\n<div>\n<p>Caracter\u00edsticas do Quartzo Rosa: A pedra do amor.*<\/p>\n<p>Equilibra, cura e rejuvenesce as emo\u00e7\u00f5es.<br \/>\nAcalma os \u00e2nimos, elimina a ira, a culpa e os ci\u00fames.<br \/>\nFomenta a compaix\u00e3o, o amor-pr\u00f3prio e a harmonia.<br \/>\n<em>Este \u00e9 um produto natural, pelo que a cor, a forma e o tamanho podem variar e diferir da imagem mostrada.<\/em><\/p>\n<p><em>*As caracter\u00edsticas de todas as pedras minerais do nosso s\u00edtio Web n\u00e3o est\u00e3o cientificamente comprovadas; baseiam-se em experi\u00eancias de utilizadores e terapeutas de pedras preciosas. As propriedades curativas descritas n\u00e3o pretendem, em caso algum, substituir o diagn\u00f3stico ou tratamento de um terapeuta ou m\u00e9dico qualificado. Em caso de d\u00favida sobre a sua sa\u00fade, consulte um m\u00e9dico.  <\/em><\/p>\n<\/div>\n","protected":false},"excerpt":{"rendered":"<div>Pedras de Quartzo Rosa polido<\/div>\n<div class=\"spec-desc\">Medida cm<\/div>\n<div class=\"spec-value\">\u00b14-6<\/div>\n<div>\n<p>Caracter\u00edsticas do Quartzo Rosa: A pedra do amor.*<\/p>\n<p>Equilibra, cura e rejuvenesce as emo\u00e7\u00f5es.<br \/>\nAcalma os \u00e2nimos, elimina a ira, a culpa e os ci\u00fames.<br \/>\nFomenta a compaix\u00e3o, o amor-pr\u00f3prio e a harmonia.<br \/>\n<em>Este \u00e9 um produto natural, pelo que a cor, a forma e o tamanho podem variar e diferir da imagem mostrada.<\/em><\/p>\n<p><em>*As caracter\u00edsticas de todas as pedras minerais do nosso s\u00edtio Web n\u00e3o est\u00e3o cientificamente comprovadas; baseiam-se em experi\u00eancias de utilizadores e terapeutas de pedras preciosas. As propriedades curativas descritas n\u00e3o pretendem, em caso algum, substituir o diagn\u00f3stico ou tratamento de um terapeuta ou m\u00e9dico qualificado. Em caso de d\u00favida sobre a sua sa\u00fade, consulte um m\u00e9dico.  <\/em><\/p>\n<\/div>\n","protected":false},"featured_media":183,"comment_status":"closed","ping_status":"closed","template":"","meta":[],"product_brand":[],"product_cat":[112,111,113],"product_tag":[],"class_list":{"0":"post-24223","1":"product","2":"type-product","3":"status-publish","4":"has-post-thumbnail","6":"product_cat-minerais","7":"product_cat-minerais-e-joias","8":"product_cat-rolados","10":"first","11":"instock","12":"shipping-taxable","13":"purchasable","14":"product-type-simple"},"_links":{"self":[{"href":"https:\/\/mystikus.dsignpoint.com\/pt-pt\/wp-json\/wp\/v2\/product\/24223","targetHints":{"allow":["GET"]}}],"collection":[{"href":"https:\/\/mystikus.dsignpoint.com\/pt-pt\/wp-json\/wp\/v2\/product"}],"about":[{"href":"https:\/\/mystikus.dsignpoint.com\/pt-pt\/wp-json\/wp\/v2\/types\/product"}],"replies":[{"embeddable":true,"href":"https:\/\/mystikus.dsignpoint.com\/pt-pt\/wp-json\/wp\/v2\/comments?post=24223"}],"wp:featuredmedia":[{"embeddable":true,"href":"https:\/\/mystikus.dsignpoint.com\/pt-pt\/wp-json\/wp\/v2\/media\/183"}],"wp:attachment":[{"href":"https:\/\/mystikus.dsignpoint.com\/pt-pt\/wp-json\/wp\/v2\/media?parent=24223"}],"wp:term":[{"taxonomy":"product_brand","embeddable":true,"href":"https:\/\/mystikus.dsignpoint.com\/pt-pt\/wp-json\/wp\/v2\/product_brand?post=24223"},{"taxonomy":"product_cat","embeddable":true,"href":"https:\/\/mystikus.dsignpoint.com\/pt-pt\/wp-json\/wp\/v2\/product_cat?post=24223"},{"taxonomy":"product_tag","embeddable":true,"href":"https:\/\/mystikus.dsignpoint.com\/pt-pt\/wp-json\/wp\/v2\/product_tag?post=24223"}],"curies":[{"name":"wp","href":"https:\/\/api.w.org\/{rel}","templated":true}]}}