{"id":24231,"date":"2025-03-25T16:00:49","date_gmt":"2025-03-25T15:00:49","guid":{"rendered":"https:\/\/mystikus.dsignpoint.com\/producto\/pedras-de-cristal-de-rocha-polidas\/"},"modified":"2025-03-25T16:00:49","modified_gmt":"2025-03-25T15:00:49","slug":"pedras-de-cristal-de-rocha-polidas","status":"publish","type":"product","link":"https:\/\/mystikus.dsignpoint.com\/pt-pt\/producto\/pedras-de-cristal-de-rocha-polidas\/","title":{"rendered":"Pedras de Cristal de Rocha Polidas"},"content":{"rendered":"<p><strong>Pedras de Cristal de Rocha Polidas 3-4cm<\/strong><\/p>\n<p>Propriedades do Quartzo Claro (Cristal de Rocha): A Pedra da Energia. Excelente para a medita\u00e7\u00e3o. Amplifica a energia e o pensamento. Dissipa a negatividade. Recebe, armazena e transmite energia. Ajuda na comunica\u00e7\u00e3o com todas as dimens\u00f5es.*<br \/>\n<em>Este \u00e9 um produto natural, pelo que a cor, a forma e o tamanho podem variar e diferir da imagem apresentada.<\/em><\/p>\n<p><em>*As caracter\u00edsticas de todas as pedras minerais no nosso site n\u00e3o s\u00e3o cientificamente comprovadas; baseiam-se nas experi\u00eancias dos utilizadores e dos terapeutas de pedras preciosas. As propriedades curativas descritas n\u00e3o pretendem substituir o diagn\u00f3stico ou o tratamento de um terapeuta ou m\u00e9dico qualificado. Se tiver d\u00favidas sobre a sua sa\u00fade, consulte um m\u00e9dico.  <\/em><\/p>\n","protected":false},"excerpt":{"rendered":"<p><strong>Pedras de Cristal de Rocha Polidas 3-4cm<\/strong><\/p>\n<p>Propriedades do Quartzo Claro (Cristal de Rocha): A Pedra da Energia. Excelente para a medita\u00e7\u00e3o. Amplifica a energia e o pensamento. Dissipa a negatividade. Recebe, armazena e transmite energia. Ajuda na comunica\u00e7\u00e3o com todas as dimens\u00f5es.*<br \/>\n<em>Este \u00e9 um produto natural, pelo que a cor, a forma e o tamanho podem variar e diferir da imagem apresentada.<\/em><\/p>\n<p><em>*As caracter\u00edsticas de todas as pedras minerais no nosso site n\u00e3o s\u00e3o cientificamente comprovadas; baseiam-se nas experi\u00eancias dos utilizadores e dos terapeutas de pedras preciosas. As propriedades curativas descritas n\u00e3o pretendem substituir o diagn\u00f3stico ou o tratamento de um terapeuta ou m\u00e9dico qualificado. Se tiver d\u00favidas sobre a sua sa\u00fade, consulte um m\u00e9dico.  <\/em><\/p>\n","protected":false},"featured_media":185,"comment_status":"closed","ping_status":"closed","template":"","meta":[],"product_brand":[],"product_cat":[112,111,113],"product_tag":[],"class_list":{"0":"post-24231","1":"product","2":"type-product","3":"status-publish","4":"has-post-thumbnail","6":"product_cat-minerais","7":"product_cat-minerais-e-joias","8":"product_cat-rolados","10":"first","11":"instock","12":"shipping-taxable","13":"purchasable","14":"product-type-simple"},"_links":{"self":[{"href":"https:\/\/mystikus.dsignpoint.com\/pt-pt\/wp-json\/wp\/v2\/product\/24231","targetHints":{"allow":["GET"]}}],"collection":[{"href":"https:\/\/mystikus.dsignpoint.com\/pt-pt\/wp-json\/wp\/v2\/product"}],"about":[{"href":"https:\/\/mystikus.dsignpoint.com\/pt-pt\/wp-json\/wp\/v2\/types\/product"}],"replies":[{"embeddable":true,"href":"https:\/\/mystikus.dsignpoint.com\/pt-pt\/wp-json\/wp\/v2\/comments?post=24231"}],"wp:featuredmedia":[{"embeddable":true,"href":"https:\/\/mystikus.dsignpoint.com\/pt-pt\/wp-json\/wp\/v2\/media\/185"}],"wp:attachment":[{"href":"https:\/\/mystikus.dsignpoint.com\/pt-pt\/wp-json\/wp\/v2\/media?parent=24231"}],"wp:term":[{"taxonomy":"product_brand","embeddable":true,"href":"https:\/\/mystikus.dsignpoint.com\/pt-pt\/wp-json\/wp\/v2\/product_brand?post=24231"},{"taxonomy":"product_cat","embeddable":true,"href":"https:\/\/mystikus.dsignpoint.com\/pt-pt\/wp-json\/wp\/v2\/product_cat?post=24231"},{"taxonomy":"product_tag","embeddable":true,"href":"https:\/\/mystikus.dsignpoint.com\/pt-pt\/wp-json\/wp\/v2\/product_tag?post=24231"}],"curies":[{"name":"wp","href":"https:\/\/api.w.org\/{rel}","templated":true}]}}