{"id":24236,"date":"2025-03-25T15:21:10","date_gmt":"2025-03-25T14:21:10","guid":{"rendered":"https:\/\/mystikus.dsignpoint.com\/producto\/pedras-de-quartzo-turmalina-3-4cm\/"},"modified":"2025-03-25T15:21:10","modified_gmt":"2025-03-25T14:21:10","slug":"pedras-de-quartzo-turmalina-3-4cm","status":"publish","type":"product","link":"https:\/\/mystikus.dsignpoint.com\/pt-pt\/producto\/pedras-de-quartzo-turmalina-3-4cm\/","title":{"rendered":"Pedras de Quartzo Turmalina +\/- 3-4cm"},"content":{"rendered":"<p>Pedras de Quartzo Turmalina +\/- 3-4cm<\/p>\n<p>&nbsp;<\/p>\n","protected":false},"excerpt":{"rendered":"<p><strong>O Quartzo Turmalina<\/strong> combina as propriedades do Cristal de Rocha e da Turmalina. Incorpora os aspetos protetores e o enraizamento \u00e0 terra da Turmalina e as energias purificadoras e claras do Cristal de Rocha. Muito potente.*<br \/>\n<em>Nota: este \u00e9 um produto natural, pelo que a cor, a forma e o tamanho podem variar e diferir da imagem mostrada.<\/em><\/p>\n<p><em>*As caracter\u00edsticas de todas as pedras minerais no nosso s\u00edtio Web n\u00e3o est\u00e3o cientificamente comprovadas; baseiam-se em experi\u00eancias de utilizadores e terapeutas de pedras preciosas. As propriedades curativas descritas de forma alguma pretendem substituir o diagn\u00f3stico ou o tratamento por parte de um terapeuta ou m\u00e9dico qualificado. Se tiver d\u00favidas sobre a sua sa\u00fade, consulte um m\u00e9dico.  <\/em><\/p>\n","protected":false},"featured_media":181,"comment_status":"closed","ping_status":"closed","template":"","meta":[],"product_brand":[],"product_cat":[112,111,113],"product_tag":[],"class_list":{"0":"post-24236","1":"product","2":"type-product","3":"status-publish","4":"has-post-thumbnail","6":"product_cat-minerais","7":"product_cat-minerais-e-joias","8":"product_cat-rolados","10":"first","11":"instock","12":"shipping-taxable","13":"purchasable","14":"product-type-simple"},"_links":{"self":[{"href":"https:\/\/mystikus.dsignpoint.com\/pt-pt\/wp-json\/wp\/v2\/product\/24236","targetHints":{"allow":["GET"]}}],"collection":[{"href":"https:\/\/mystikus.dsignpoint.com\/pt-pt\/wp-json\/wp\/v2\/product"}],"about":[{"href":"https:\/\/mystikus.dsignpoint.com\/pt-pt\/wp-json\/wp\/v2\/types\/product"}],"replies":[{"embeddable":true,"href":"https:\/\/mystikus.dsignpoint.com\/pt-pt\/wp-json\/wp\/v2\/comments?post=24236"}],"wp:featuredmedia":[{"embeddable":true,"href":"https:\/\/mystikus.dsignpoint.com\/pt-pt\/wp-json\/wp\/v2\/media\/181"}],"wp:attachment":[{"href":"https:\/\/mystikus.dsignpoint.com\/pt-pt\/wp-json\/wp\/v2\/media?parent=24236"}],"wp:term":[{"taxonomy":"product_brand","embeddable":true,"href":"https:\/\/mystikus.dsignpoint.com\/pt-pt\/wp-json\/wp\/v2\/product_brand?post=24236"},{"taxonomy":"product_cat","embeddable":true,"href":"https:\/\/mystikus.dsignpoint.com\/pt-pt\/wp-json\/wp\/v2\/product_cat?post=24236"},{"taxonomy":"product_tag","embeddable":true,"href":"https:\/\/mystikus.dsignpoint.com\/pt-pt\/wp-json\/wp\/v2\/product_tag?post=24236"}],"curies":[{"name":"wp","href":"https:\/\/api.w.org\/{rel}","templated":true}]}}