{"id":24263,"date":"2025-03-25T15:12:55","date_gmt":"2025-03-25T14:12:55","guid":{"rendered":"https:\/\/mystikus.dsignpoint.com\/producto\/queimador-de-incenso-de-cones-e-varetas-deusa-da-lua-pedra-da-lua\/"},"modified":"2025-03-25T15:12:55","modified_gmt":"2025-03-25T14:12:55","slug":"queimador-de-incenso-de-cones-e-varetas-deusa-da-lua-pedra-da-lua","status":"publish","type":"product","link":"https:\/\/mystikus.dsignpoint.com\/pt-pt\/producto\/queimador-de-incenso-de-cones-e-varetas-deusa-da-lua-pedra-da-lua\/","title":{"rendered":"Queimador de incenso de cones e varetas Deusa da Lua pedra da lua"},"content":{"rendered":"<p>Queimador de incenso com decora\u00e7\u00e3o de deusa da lua, enriquecido com pedra da lua arco-\u00edris.<\/p>\n<p>Adequado para cones de incenso e varetas de incenso mais finas (por exemplo, incenso em vareta de bambu e incenso japon\u00eas).<\/p>\n<p>Tipo de madeira: manga.<\/p>\n<p><strong>Deusa da lua com pedra da lua arco-\u00edris<br \/>\n<\/strong> O s\u00edmbolo da deusa lua existe em muitas culturas e tradi\u00e7\u00f5es espirituais. Representa o princ\u00edpio feminino, a intui\u00e7\u00e3o e os ritmos naturais da vida. \u00c9 frequentemente associada \u00e0s fases da lua (crescente, cheia e minguante), que refletem as fases naturais da vida: nascimento, maturidade e morte.  <\/p>\n<p>A <strong>pedra da lua<\/strong> arco-\u00edris encaixa na perfei\u00e7\u00e3o com este simbolismo, j\u00e1 que \u00e9 conhecida por potenciar a intui\u00e7\u00e3o e o equil\u00edbrio interior.<\/p>\n","protected":false},"excerpt":{"rendered":"<p>Queimador de incenso com decora\u00e7\u00e3o de deusa da lua, enriquecido com pedra da lua arco-\u00edris.<\/p>\n<p>Adequado para cones de incenso e varetas de incenso mais finas (por exemplo, incenso em vareta de bambu e incenso japon\u00eas).<\/p>\n","protected":false},"featured_media":177,"comment_status":"closed","ping_status":"closed","template":"","meta":[],"product_brand":[],"product_cat":[114,115],"product_tag":[],"class_list":{"0":"post-24263","1":"product","2":"type-product","3":"status-publish","4":"has-post-thumbnail","6":"product_cat-incensos-e-aromas","7":"product_cat-queimadores","9":"first","10":"instock","11":"shipping-taxable","12":"purchasable","13":"product-type-simple"},"_links":{"self":[{"href":"https:\/\/mystikus.dsignpoint.com\/pt-pt\/wp-json\/wp\/v2\/product\/24263","targetHints":{"allow":["GET"]}}],"collection":[{"href":"https:\/\/mystikus.dsignpoint.com\/pt-pt\/wp-json\/wp\/v2\/product"}],"about":[{"href":"https:\/\/mystikus.dsignpoint.com\/pt-pt\/wp-json\/wp\/v2\/types\/product"}],"replies":[{"embeddable":true,"href":"https:\/\/mystikus.dsignpoint.com\/pt-pt\/wp-json\/wp\/v2\/comments?post=24263"}],"wp:featuredmedia":[{"embeddable":true,"href":"https:\/\/mystikus.dsignpoint.com\/pt-pt\/wp-json\/wp\/v2\/media\/177"}],"wp:attachment":[{"href":"https:\/\/mystikus.dsignpoint.com\/pt-pt\/wp-json\/wp\/v2\/media?parent=24263"}],"wp:term":[{"taxonomy":"product_brand","embeddable":true,"href":"https:\/\/mystikus.dsignpoint.com\/pt-pt\/wp-json\/wp\/v2\/product_brand?post=24263"},{"taxonomy":"product_cat","embeddable":true,"href":"https:\/\/mystikus.dsignpoint.com\/pt-pt\/wp-json\/wp\/v2\/product_cat?post=24263"},{"taxonomy":"product_tag","embeddable":true,"href":"https:\/\/mystikus.dsignpoint.com\/pt-pt\/wp-json\/wp\/v2\/product_tag?post=24263"}],"curies":[{"name":"wp","href":"https:\/\/api.w.org\/{rel}","templated":true}]}}