{"id":24291,"date":"2025-03-25T14:41:05","date_gmt":"2025-03-25T13:41:05","guid":{"rendered":"https:\/\/mystikus.dsignpoint.com\/producto\/pedras-da-lua\/"},"modified":"2025-03-25T14:41:05","modified_gmt":"2025-03-25T13:41:05","slug":"pedras-da-lua","status":"publish","type":"product","link":"https:\/\/mystikus.dsignpoint.com\/pt-pt\/producto\/pedras-da-lua\/","title":{"rendered":"Pedras da lua"},"content":{"rendered":"<p><strong>Pedra da lua arco-\u00edris:<\/strong> equil\u00edbrio emocional, intui\u00e7\u00e3o.<br \/>\n<strong>Labradorite:<\/strong> prote\u00e7\u00e3o, transforma\u00e7\u00e3o.<br \/>\n<strong>Pedra da lua negra:<\/strong> novos come\u00e7os, enraizamento<br \/>\n<strong>Pedra da lua p\u00eassego:<\/strong> calmante, cura emocional<\/p>\n","protected":false},"excerpt":{"rendered":"<p><strong>Pedra da lua arco-\u00edris:<\/strong> equil\u00edbrio emocional, intui\u00e7\u00e3o.<br \/>\n<strong>Labradorite:<\/strong> prote\u00e7\u00e3o, transforma\u00e7\u00e3o.<br \/>\n<strong>Pedra da lua negra:<\/strong> novos come\u00e7os, enraizamento<br \/>\n<strong>Pedra da lua p\u00eassego:<\/strong> calmante, cura emocional<\/p>\n","protected":false},"featured_media":160,"comment_status":"closed","ping_status":"closed","template":"","meta":[],"product_brand":[],"product_cat":[138,112,111],"product_tag":[],"class_list":{"0":"post-24291","1":"product","2":"type-product","3":"status-publish","4":"has-post-thumbnail","6":"product_cat-brutos","7":"product_cat-minerais","8":"product_cat-minerais-e-joias","10":"first","11":"instock","12":"shipping-taxable","13":"purchasable","14":"product-type-variable"},"_links":{"self":[{"href":"https:\/\/mystikus.dsignpoint.com\/pt-pt\/wp-json\/wp\/v2\/product\/24291","targetHints":{"allow":["GET"]}}],"collection":[{"href":"https:\/\/mystikus.dsignpoint.com\/pt-pt\/wp-json\/wp\/v2\/product"}],"about":[{"href":"https:\/\/mystikus.dsignpoint.com\/pt-pt\/wp-json\/wp\/v2\/types\/product"}],"replies":[{"embeddable":true,"href":"https:\/\/mystikus.dsignpoint.com\/pt-pt\/wp-json\/wp\/v2\/comments?post=24291"}],"wp:featuredmedia":[{"embeddable":true,"href":"https:\/\/mystikus.dsignpoint.com\/pt-pt\/wp-json\/wp\/v2\/media\/160"}],"wp:attachment":[{"href":"https:\/\/mystikus.dsignpoint.com\/pt-pt\/wp-json\/wp\/v2\/media?parent=24291"}],"wp:term":[{"taxonomy":"product_brand","embeddable":true,"href":"https:\/\/mystikus.dsignpoint.com\/pt-pt\/wp-json\/wp\/v2\/product_brand?post=24291"},{"taxonomy":"product_cat","embeddable":true,"href":"https:\/\/mystikus.dsignpoint.com\/pt-pt\/wp-json\/wp\/v2\/product_cat?post=24291"},{"taxonomy":"product_tag","embeddable":true,"href":"https:\/\/mystikus.dsignpoint.com\/pt-pt\/wp-json\/wp\/v2\/product_tag?post=24291"}],"curies":[{"name":"wp","href":"https:\/\/api.w.org\/{rel}","templated":true}]}}