{"id":24303,"date":"2025-03-25T11:57:24","date_gmt":"2025-03-25T10:57:24","guid":{"rendered":"https:\/\/mystikus.dsignpoint.com\/producto\/ritual-premium-destroi-maleficios\/"},"modified":"2025-03-25T11:57:24","modified_gmt":"2025-03-25T10:57:24","slug":"ritual-premium-destroi-maleficios","status":"publish","type":"product","link":"https:\/\/mystikus.dsignpoint.com\/pt-pt\/producto\/ritual-premium-destroi-maleficios\/","title":{"rendered":"Ritual Premium Destr\u00f3i Malef\u00edcios"},"content":{"rendered":"<p>Destr\u00f3i todo o mal \u2013 Afasta inimigos<br \/>\nLimpa a negatividade \u2013 Contra a bruxaria<\/p>\n<p>Para come\u00e7ar, \u00e9 importante purificar-se antes de fazer um Ritual. Basta tomar um duche. Escolha roupa branca e larga. Recomenda-se roupa de materiais naturais como o algod\u00e3o ou o linho.   <\/p>\n<p>O poderoso Ritual de Magia Branca \u201cDestr\u00f3i Malef\u00edcios\u201d \u00e9 indicado quando se apresentam sinais de um Feiti\u00e7o de Magia Negra ou para se proteger de um poss\u00edvel Feiti\u00e7o de Magia Negra. Este Ritual \u00e9 Especial para Destruir e Desfazer Trabalhos de Magia, Bruxaria, Feiti\u00e7os e Envio Malignos, feitos por Pessoas de M\u00e1 Inten\u00e7\u00e3o. Afastar e desarmar os inimigos, proteger de poss\u00edveis ataques espirituais.  <\/p>\n<p>A A\u00e7\u00e3o deste Ritual permite Proteger-se, mas tamb\u00e9m Proteger Algu\u00e9m, ou Proteger o seu Lar. Esta Solu\u00e7\u00e3o M\u00e1gica utiliza as Energias da Natureza e o Poder da Magia num jogo de For\u00e7as e Manipula\u00e7\u00e3o C\u00f3smica. Invoca o Poder Purificador da Magia Branca, a For\u00e7a da Magia Vermelha e os seus Elementos Carregados de Energias Positivas, Renova o seu Astral Integralmente.  <\/p>\n<p>O efeito deste Ritual \u00e9 r\u00e1pido e eficaz, como a Serpente Negra que morde de forma r\u00e1pida e precisa e o seu veneno \u00e9 mortal e n\u00e3o tarda em fazer efeito. Este Ritual \u201d Destr\u00f3i Malef\u00edcios \u201d \u00e9 tamb\u00e9m muito eficaz para desfazer a pregui\u00e7a e as situa\u00e7\u00f5es que impedem o Feliz Desenvolvimento da nossa vida. Este Ritual \u00e9 de Magia Branca com uma pequena Mistura de Magia Vermelha para Permitir Destruir a Magia Negra, as Pragas, assim como todo o tipo de Maldade.  <\/p>\n<p>Qualquer tentativa de o prejudicar sup\u00f5e o fracasso de qualquer pessoa mal-intencionada ou inimiga para consigo. Sentir-se protegido diariamente \u00e9 uma garantia de sucesso e bem-estar em todos os \u00e2mbitos da vida. <\/p>\n<p>Cada Interven\u00e7\u00e3o n\u00e3o implica nenhum risco nem choque em troca. N\u00e3o tem absolutamente nada a temer, pelo contr\u00e1rio, os Rituais de Magia Branca n\u00e3o apresentam nenhum perigo, s\u00f3 servem para limpar e defender. <\/p>\n<p>No entanto, \u00e9 essencial acreditar no poder da magia antes de pratic\u00e1-la. Se duvida do resultado ou faz um ritual \u201cs\u00f3 para ver se funciona\u201d, o mais prov\u00e1vel \u00e9 que n\u00e3o consiga nenhum efeito. De facto, os feiti\u00e7os invocam muitas energias poderosas, incluindo a sua. Projetar mentalmente o resultado ben\u00e9fico canaliza todas essas energias.   <\/p>\n<p>Portanto, a falta de f\u00e9, a seriedade ou os pensamentos negativos reduzir\u00e3o em grande medida os efeitos. Por outro lado, uma boa Proje\u00e7\u00e3o do Desejado e uma Forte Concentra\u00e7\u00e3o favorecer\u00e3o enormemente os Resultados. <\/p>\n<p>Cont\u00e9m uma explica\u00e7\u00e3o detalhada \u2013 Ingredientes in\u00e9ditos, segundo as f\u00f3rmulas extra\u00eddas dos grandes celeiros.<\/p>\n<p>O nosso Servi\u00e7o de Apoio ao Cliente est\u00e1 \u00e0 sua disposi\u00e7\u00e3o para qualquer esclarecimento ou explica\u00e7\u00e3o adicional.<\/p>\n","protected":false},"excerpt":{"rendered":"<p>Destr\u00f3i todo o mal<br \/>\nAfasta inimigos<br \/>\nLimpa a negatividade<br \/>\nContra a bruxaria<\/p>\n","protected":false},"featured_media":23501,"comment_status":"closed","ping_status":"closed","template":"","meta":[],"product_brand":[31],"product_cat":[135,148,147],"product_tag":[],"class_list":{"0":"post-24303","1":"product","2":"type-product","3":"status-publish","4":"has-post-thumbnail","6":"product_brand-mystikus","7":"product_cat-esotericos","8":"product_cat-mystikus-collection","9":"product_cat-rituais-premium","11":"first","12":"instock","13":"shipping-taxable","14":"purchasable","15":"product-type-simple"},"_links":{"self":[{"href":"https:\/\/mystikus.dsignpoint.com\/pt-pt\/wp-json\/wp\/v2\/product\/24303","targetHints":{"allow":["GET"]}}],"collection":[{"href":"https:\/\/mystikus.dsignpoint.com\/pt-pt\/wp-json\/wp\/v2\/product"}],"about":[{"href":"https:\/\/mystikus.dsignpoint.com\/pt-pt\/wp-json\/wp\/v2\/types\/product"}],"replies":[{"embeddable":true,"href":"https:\/\/mystikus.dsignpoint.com\/pt-pt\/wp-json\/wp\/v2\/comments?post=24303"}],"wp:featuredmedia":[{"embeddable":true,"href":"https:\/\/mystikus.dsignpoint.com\/pt-pt\/wp-json\/wp\/v2\/media\/23501"}],"wp:attachment":[{"href":"https:\/\/mystikus.dsignpoint.com\/pt-pt\/wp-json\/wp\/v2\/media?parent=24303"}],"wp:term":[{"taxonomy":"product_brand","embeddable":true,"href":"https:\/\/mystikus.dsignpoint.com\/pt-pt\/wp-json\/wp\/v2\/product_brand?post=24303"},{"taxonomy":"product_cat","embeddable":true,"href":"https:\/\/mystikus.dsignpoint.com\/pt-pt\/wp-json\/wp\/v2\/product_cat?post=24303"},{"taxonomy":"product_tag","embeddable":true,"href":"https:\/\/mystikus.dsignpoint.com\/pt-pt\/wp-json\/wp\/v2\/product_tag?post=24303"}],"curies":[{"name":"wp","href":"https:\/\/api.w.org\/{rel}","templated":true}]}}