{"id":24334,"date":"2025-03-25T14:09:26","date_gmt":"2025-03-25T13:09:26","guid":{"rendered":"https:\/\/mystikus.dsignpoint.com\/producto\/ritual-premium-cura-astral\/"},"modified":"2025-03-25T14:09:26","modified_gmt":"2025-03-25T13:09:26","slug":"ritual-premium-cura-astral","status":"publish","type":"product","link":"https:\/\/mystikus.dsignpoint.com\/pt-pt\/producto\/ritual-premium-cura-astral\/","title":{"rendered":"Ritual Premium Cura Astral"},"content":{"rendered":"<p>Potente protetor do corpo astral \u2013 Limpa e descarrega a aura<br \/>\nElimina toda a perturba\u00e7\u00e3o e agress\u00e3o mental ou f\u00edsica<\/p>\n<p>Para come\u00e7ar, \u00e9 importante purificar-se antes de fazer um Ritual. Basta tomar um duche. Escolha roupa branca e larga. Recomenda-se roupa de materiais naturais como o algod\u00e3o ou o linho.   <\/p>\n<p>Este Poderoso Ritual de Prote\u00e7\u00e3o \u201cCura Astral\u201d criar\u00e1 um Escudo ou Armadura M\u00e1gica em forma de Campo de For\u00e7as e Vibra\u00e7\u00f5es Ben\u00e9ficas para desfrutar de uma Prote\u00e7\u00e3o Inigual\u00e1vel em todos os Campos da Nossa Vida.<\/p>\n<p>Este Ritual Aut\u00eantico, Elixir da Natureza, Retirado do Melhor da Magia Branca, Oferece Prote\u00e7\u00e3o Contra Todos os Infernos Humanos, Contra as Invas\u00f5es e Assaltos Espirituais, Contra os Esp\u00edritos Malignos, Contra as Almas Perdidas e Atormentadas e Contra Todo o Tormento da Mente. Afasta o azar e o infort\u00fanio. Descarrega a Aura de todas as perturba\u00e7\u00f5es.  <\/p>\n<p>A prote\u00e7\u00e3o do corpo e da alma \u00e9 essencial para uma vida tranquila e harmoniosa, \u00e9 a melhor pr\u00e1tica da magia branca, de facto, as raz\u00f5es da necessidade de se sentir protegido s\u00e3o bastante numerosas. Este Ritual Invoca e Convida os Esp\u00edritos Amigos, os Anjos da Luz, as Entidades Protetoras a Estar Connosco, no Nosso Entorno Astral, a Habitar a Nossa Vida, a Guiar os Nossos Caminhos. <\/p>\n<p>Cada Interven\u00e7\u00e3o n\u00e3o implica nenhum risco nem choque em troca. N\u00e3o tem absolutamente nada a temer, pelo contr\u00e1rio, os Rituais de Magia Branca n\u00e3o apresentam nenhum perigo, s\u00f3 servem para limpar e defender. <\/p>\n<p>No entanto, \u00e9 essencial acreditar no poder da magia antes de pratic\u00e1-la. Se duvida do resultado ou faz um ritual \u201cs\u00f3 para ver se funciona\u201d, o mais prov\u00e1vel \u00e9 que n\u00e3o consiga nenhum efeito. De facto, os feiti\u00e7os invocam muitas energias poderosas, incluindo a sua. Projetar mentalmente o resultado ben\u00e9fico canaliza todas essas energias.   <\/p>\n<p>Portanto, a falta de f\u00e9, a seriedade ou os pensamentos negativos reduzir\u00e3o em grande medida os efeitos. Por outro lado, uma boa Proje\u00e7\u00e3o do Desejado e uma Forte Concentra\u00e7\u00e3o favorecer\u00e3o enormemente os Resultados. <\/p>\n<p>Cont\u00e9m uma explica\u00e7\u00e3o detalhada \u2013 Ingredientes in\u00e9ditos, segundo as f\u00f3rmulas extra\u00eddas dos grandes celeiros.<\/p>\n<p>O nosso Servi\u00e7o de Apoio ao Cliente est\u00e1 \u00e0 sua disposi\u00e7\u00e3o para qualquer esclarecimento ou explica\u00e7\u00e3o adicional.<\/p>\n","protected":false},"excerpt":{"rendered":"<p>Poderoso protetor do corpo astral<br \/>\nLimpeza e descarga da aura<br \/>\nElimina toda a perturba\u00e7\u00e3o e agress\u00e3o mental ou f\u00edsica<\/p>\n","protected":false},"featured_media":23653,"comment_status":"closed","ping_status":"closed","template":"","meta":[],"product_brand":[31],"product_cat":[135,148,147,151],"product_tag":[],"class_list":{"0":"post-24334","1":"product","2":"type-product","3":"status-publish","4":"has-post-thumbnail","6":"product_brand-mystikus","7":"product_cat-esotericos","8":"product_cat-mystikus-collection","9":"product_cat-rituais-premium","12":"first","13":"instock","14":"shipping-taxable","15":"purchasable","16":"product-type-simple"},"_links":{"self":[{"href":"https:\/\/mystikus.dsignpoint.com\/pt-pt\/wp-json\/wp\/v2\/product\/24334","targetHints":{"allow":["GET"]}}],"collection":[{"href":"https:\/\/mystikus.dsignpoint.com\/pt-pt\/wp-json\/wp\/v2\/product"}],"about":[{"href":"https:\/\/mystikus.dsignpoint.com\/pt-pt\/wp-json\/wp\/v2\/types\/product"}],"replies":[{"embeddable":true,"href":"https:\/\/mystikus.dsignpoint.com\/pt-pt\/wp-json\/wp\/v2\/comments?post=24334"}],"wp:featuredmedia":[{"embeddable":true,"href":"https:\/\/mystikus.dsignpoint.com\/pt-pt\/wp-json\/wp\/v2\/media\/23653"}],"wp:attachment":[{"href":"https:\/\/mystikus.dsignpoint.com\/pt-pt\/wp-json\/wp\/v2\/media?parent=24334"}],"wp:term":[{"taxonomy":"product_brand","embeddable":true,"href":"https:\/\/mystikus.dsignpoint.com\/pt-pt\/wp-json\/wp\/v2\/product_brand?post=24334"},{"taxonomy":"product_cat","embeddable":true,"href":"https:\/\/mystikus.dsignpoint.com\/pt-pt\/wp-json\/wp\/v2\/product_cat?post=24334"},{"taxonomy":"product_tag","embeddable":true,"href":"https:\/\/mystikus.dsignpoint.com\/pt-pt\/wp-json\/wp\/v2\/product_tag?post=24334"}],"curies":[{"name":"wp","href":"https:\/\/api.w.org\/{rel}","templated":true}]}}