{"id":24339,"date":"2025-03-21T16:43:57","date_gmt":"2025-03-21T15:43:57","guid":{"rendered":"https:\/\/mystikus.dsignpoint.com\/producto\/pedras-de-jaspe-kambaba-polidas\/"},"modified":"2025-03-21T16:43:57","modified_gmt":"2025-03-21T15:43:57","slug":"pedras-de-jaspe-kambaba-polidas","status":"publish","type":"product","link":"https:\/\/mystikus.dsignpoint.com\/pt-pt\/producto\/pedras-de-jaspe-kambaba-polidas\/","title":{"rendered":"Pedras de Jaspe Kambaba polidas"},"content":{"rendered":"<h3>Pedras de Jaspe Kambaba polidas<\/h3>\n<div class=\"spec-desc\">Medida cm<\/div>\n<div class=\"spec-value\">\u00b14-6<\/div>\n","protected":false},"excerpt":{"rendered":"<h3>Pedras de Jaspe Kambaba polidas<\/h3>\n<div class=\"spec-desc\">Medida cm<\/div>\n<div class=\"spec-value\">\u00b14-6<\/div>\n<div>\n<p><strong>O jaspe Kambaba<\/strong> \u00e9 um jaspe de cor cinza-esverdeada e tem um efeito de liga\u00e7\u00e3o \u00e0 terra e de prote\u00e7\u00e3o. Esta pedra ajuda a superar o medo do conflito e d\u00e1-te poder. Torna-te corajoso, decidido, assertivo e resistente. O jaspe Kambaba absorve a energia negativa e protege contra a radia\u00e7\u00e3o e a polui\u00e7\u00e3o (ambiental).*<br \/>\n<em>Este \u00e9 um produto natural, pelo que a cor, a forma e o tamanho podem variar e diferir da imagem mostrada.<\/em><\/p>\n<p><em>*As caracter\u00edsticas de todas as pedras minerais no nosso s\u00edtio Web n\u00e3o est\u00e3o cientificamente comprovadas; baseiam-se em experi\u00eancias de utilizadores e terapeutas de pedras preciosas. As propriedades curativas descritas de forma alguma pretendem substituir o diagn\u00f3stico ou o tratamento por parte de um terapeuta ou m\u00e9dico qualificado. Se tiver d\u00favidas sobre a sua sa\u00fade, consulte um m\u00e9dico.  <\/em><\/p>\n<\/div>\n","protected":false},"featured_media":130,"comment_status":"closed","ping_status":"closed","template":"","meta":[],"product_brand":[],"product_cat":[112,111,113],"product_tag":[],"class_list":{"0":"post-24339","1":"product","2":"type-product","3":"status-publish","4":"has-post-thumbnail","6":"product_cat-minerais","7":"product_cat-minerais-e-joias","8":"product_cat-rolados","10":"first","11":"instock","12":"shipping-taxable","13":"purchasable","14":"product-type-simple"},"_links":{"self":[{"href":"https:\/\/mystikus.dsignpoint.com\/pt-pt\/wp-json\/wp\/v2\/product\/24339","targetHints":{"allow":["GET"]}}],"collection":[{"href":"https:\/\/mystikus.dsignpoint.com\/pt-pt\/wp-json\/wp\/v2\/product"}],"about":[{"href":"https:\/\/mystikus.dsignpoint.com\/pt-pt\/wp-json\/wp\/v2\/types\/product"}],"replies":[{"embeddable":true,"href":"https:\/\/mystikus.dsignpoint.com\/pt-pt\/wp-json\/wp\/v2\/comments?post=24339"}],"wp:featuredmedia":[{"embeddable":true,"href":"https:\/\/mystikus.dsignpoint.com\/pt-pt\/wp-json\/wp\/v2\/media\/130"}],"wp:attachment":[{"href":"https:\/\/mystikus.dsignpoint.com\/pt-pt\/wp-json\/wp\/v2\/media?parent=24339"}],"wp:term":[{"taxonomy":"product_brand","embeddable":true,"href":"https:\/\/mystikus.dsignpoint.com\/pt-pt\/wp-json\/wp\/v2\/product_brand?post=24339"},{"taxonomy":"product_cat","embeddable":true,"href":"https:\/\/mystikus.dsignpoint.com\/pt-pt\/wp-json\/wp\/v2\/product_cat?post=24339"},{"taxonomy":"product_tag","embeddable":true,"href":"https:\/\/mystikus.dsignpoint.com\/pt-pt\/wp-json\/wp\/v2\/product_tag?post=24339"}],"curies":[{"name":"wp","href":"https:\/\/api.w.org\/{rel}","templated":true}]}}