{"id":24620,"date":"2025-03-25T18:45:17","date_gmt":"2025-03-25T17:45:17","guid":{"rendered":"https:\/\/mystikus.dsignpoint.com\/producto\/pedras-para-o-polegar-7-chakra\/"},"modified":"2025-03-25T18:45:17","modified_gmt":"2025-03-25T17:45:17","slug":"pedras-para-o-polegar-7-chakra","status":"publish","type":"product","link":"https:\/\/mystikus.dsignpoint.com\/pt-pt\/producto\/pedras-para-o-polegar-7-chakra\/","title":{"rendered":"Pedras para o polegar 7 chakra"},"content":{"rendered":"<pre>Pedras para o polegar 7 chakra<\/pre>\n<p><strong>As pedras para o polegar<\/strong> ou pedras da preocupa\u00e7\u00e3o s\u00e3o pedras preciosas lisas e polidas, utilizadas para acalmar o stress e aliviar a ansiedade. Geralmente t\u00eam forma oval com uma fenda do tamanho do polegar. No in\u00edcio, utilizavam-se pedras normais encontradas na \u00e1gua, mas hoje em dia s\u00e3o fabricadas com pedras semipreciosas.  <\/p>\n<div class=\"spec-desc\">Medida cm \u00b12.5&#215;4.5<\/div>\n<div class=\"spec-desc\"><strong>Feito das seguintes pedras: <\/strong><br \/>\nAmetista<br \/>\nAventurina azul<br \/>\nSodalite<br \/>\nAventurina Verde<br \/>\nQuartzo Dourado<br \/>\nAventurina P\u00eassego<br \/>\nJaspe vermelho<\/div>\n<p><strong>Modo de utiliza\u00e7\u00e3o<\/strong><br \/>\nSegure a pedra da preocupa\u00e7\u00e3o entre o indicador e o polegar e mova suavemente o polegar para a frente e para tr\u00e1s sobre a pedra. Esta a\u00e7\u00e3o de mover o polegar para a frente e para tr\u00e1s sobre a pedra estimula os nervos da m\u00e3o que reduzem o stress. \u00c9 uma ajuda natural para se acalmar, a forma mais simples de medicina natural.*  <\/p>\n<p><strong>Hist\u00f3ria<\/strong><br \/>\nA utiliza\u00e7\u00e3o das pedras para o polegar tem muitas origens. Foi documentada a sua utiliza\u00e7\u00e3o no antigo Tibete, Gr\u00e9cia, Irlanda e em muitas tribos da Am\u00e9rica. As pedras da preocupa\u00e7\u00e3o ou worry stones formadas por \u00e1gua do mar eram geralmente utilizadas pelos antigos gregos. As tribos nativas americanas passavam as suas pedras de preocupa\u00e7\u00e3o \u00e0s gera\u00e7\u00f5es mais jovens, criando uma sensa\u00e7\u00e3o de liga\u00e7\u00e3o com os seus antepassados.   <\/p>\n<p><em>*As caracter\u00edsticas de todas as pedras minerais no nosso s\u00edtio Web n\u00e3o est\u00e3o cientificamente comprovadas; baseiam-se em experi\u00eancias de utilizadores e terapeutas de pedras preciosas. As propriedades curativas descritas de forma alguma pretendem substituir o diagn\u00f3stico ou o tratamento por parte de um terapeuta ou m\u00e9dico qualificado. Se tiver d\u00favidas sobre a sua sa\u00fade, consulte um m\u00e9dico.  <\/em><\/p>\n","protected":false},"excerpt":{"rendered":"<pre>Pedras para o polegar 7 chakra<\/pre>\n<p><strong>As pedras para o polegar<\/strong> ou pedras da preocupa\u00e7\u00e3o s\u00e3o pedras preciosas lisas e polidas, utilizadas para acalmar o stress e aliviar a ansiedade. Geralmente t\u00eam forma oval com uma fenda do tamanho do polegar. No in\u00edcio, utilizavam-se pedras normais encontradas na \u00e1gua, mas hoje em dia s\u00e3o fabricadas com pedras semipreciosas.  <\/p>\n<div class=\"spec-desc\">Medida cm \u00b12.5&#215;4.5<\/div>\n<div class=\"spec-desc\"><strong>Feito das seguintes pedras: <\/strong><br \/>\nAmetista<br \/>\nAventurina azul<br \/>\nSodalite<br \/>\nAventurina Verde<br \/>\nQuartzo Dourado<br \/>\nAventurina P\u00eassego<br \/>\nJaspe vermelho<\/div>\n","protected":false},"featured_media":246,"comment_status":"closed","ping_status":"closed","template":"","meta":[],"product_brand":[],"product_cat":[112,111,113],"product_tag":[],"class_list":{"0":"post-24620","1":"product","2":"type-product","3":"status-publish","4":"has-post-thumbnail","6":"product_cat-minerais","7":"product_cat-minerais-e-joias","8":"product_cat-rolados","10":"first","11":"instock","12":"shipping-taxable","13":"purchasable","14":"product-type-simple"},"_links":{"self":[{"href":"https:\/\/mystikus.dsignpoint.com\/pt-pt\/wp-json\/wp\/v2\/product\/24620","targetHints":{"allow":["GET"]}}],"collection":[{"href":"https:\/\/mystikus.dsignpoint.com\/pt-pt\/wp-json\/wp\/v2\/product"}],"about":[{"href":"https:\/\/mystikus.dsignpoint.com\/pt-pt\/wp-json\/wp\/v2\/types\/product"}],"replies":[{"embeddable":true,"href":"https:\/\/mystikus.dsignpoint.com\/pt-pt\/wp-json\/wp\/v2\/comments?post=24620"}],"wp:featuredmedia":[{"embeddable":true,"href":"https:\/\/mystikus.dsignpoint.com\/pt-pt\/wp-json\/wp\/v2\/media\/246"}],"wp:attachment":[{"href":"https:\/\/mystikus.dsignpoint.com\/pt-pt\/wp-json\/wp\/v2\/media?parent=24620"}],"wp:term":[{"taxonomy":"product_brand","embeddable":true,"href":"https:\/\/mystikus.dsignpoint.com\/pt-pt\/wp-json\/wp\/v2\/product_brand?post=24620"},{"taxonomy":"product_cat","embeddable":true,"href":"https:\/\/mystikus.dsignpoint.com\/pt-pt\/wp-json\/wp\/v2\/product_cat?post=24620"},{"taxonomy":"product_tag","embeddable":true,"href":"https:\/\/mystikus.dsignpoint.com\/pt-pt\/wp-json\/wp\/v2\/product_tag?post=24620"}],"curies":[{"name":"wp","href":"https:\/\/api.w.org\/{rel}","templated":true}]}}