{"id":24646,"date":"2025-03-25T18:49:58","date_gmt":"2025-03-25T17:49:58","guid":{"rendered":"https:\/\/mystikus.dsignpoint.com\/producto\/geode-de-calcite-partida-%c2%b1288-gr\/"},"modified":"2025-03-25T18:49:58","modified_gmt":"2025-03-25T17:49:58","slug":"geode-de-calcite-partida-%c2%b1288-gr","status":"publish","type":"product","link":"https:\/\/mystikus.dsignpoint.com\/pt-pt\/producto\/geode-de-calcite-partida-%c2%b1288-gr\/","title":{"rendered":"Geode de calcite (partida) \u00b1288 gr"},"content":{"rendered":"<pre>Geode de calcite (partida)<\/pre>\n<p>As geodes de calcite previamente partidas, com as suas belas estruturas cristalinas naturais, s\u00e3o adequadas para cole\u00e7\u00f5es, uso decorativo ou para melhorar o fluxo de energia numa divis\u00e3o. Estas geodes s\u00e3o utilizadas frequentemente para o feng shui, uma vez que promovem o equil\u00edbrio e a energia positiva no lar. <\/p>\n<div class=\"spec-item\">\n<div class=\"spec-desc\">Peso gr \u00b1288<\/div>\n<\/div>\n<div class=\"spec-item\">\n<div class=\"spec-desc\">Medida cm \u00b19x8x5<\/div>\n<\/div>\n<p><strong>Aten\u00e7\u00e3o:<br \/>\n<\/strong><em>Pode acontecer que as geodes n\u00e3o estejam exatamente divididas em duas metades, mas sim partidas em tr\u00eas peda\u00e7os. Trata-se de um produto natural, pelo que a cor e a forma podem variar e diferir da foto mostrada. <\/em><\/p>\n","protected":false},"excerpt":{"rendered":"<pre>Geode de calcite (partida)<\/pre>\n<p>As geodes de calcite previamente partidas, com as suas belas estruturas cristalinas naturais, s\u00e3o adequadas para cole\u00e7\u00f5es, uso decorativo ou para melhorar o fluxo de energia numa divis\u00e3o. Estas geodes s\u00e3o utilizadas frequentemente para o feng shui, uma vez que promovem o equil\u00edbrio e a energia positiva no lar. <\/p>\n<div class=\"spec-item\">\n<div class=\"spec-desc\">Peso gr \u00b1288<\/div>\n<\/div>\n<div class=\"spec-item\">\n<div class=\"spec-desc\">Medida cm \u00b19x8x5<\/div>\n<\/div>\n<p><strong>Aten\u00e7\u00e3o:<br \/>\n<\/strong><em>Pode acontecer que as geodes n\u00e3o estejam exatamente divididas em duas metades, mas sim partidas em tr\u00eas peda\u00e7os. Trata-se de um produto natural, pelo que a cor e a forma podem variar e diferir da foto mostrada. <\/em><\/p>\n","protected":false},"featured_media":249,"comment_status":"closed","ping_status":"closed","template":"","meta":[],"product_brand":[],"product_cat":[174,112,111],"product_tag":[],"class_list":{"0":"post-24646","1":"product","2":"type-product","3":"status-publish","4":"has-post-thumbnail","6":"product_cat-geodes-e-drusas","7":"product_cat-minerais","8":"product_cat-minerais-e-joias","10":"first","11":"instock","12":"shipping-taxable","13":"purchasable","14":"product-type-simple"},"_links":{"self":[{"href":"https:\/\/mystikus.dsignpoint.com\/pt-pt\/wp-json\/wp\/v2\/product\/24646","targetHints":{"allow":["GET"]}}],"collection":[{"href":"https:\/\/mystikus.dsignpoint.com\/pt-pt\/wp-json\/wp\/v2\/product"}],"about":[{"href":"https:\/\/mystikus.dsignpoint.com\/pt-pt\/wp-json\/wp\/v2\/types\/product"}],"replies":[{"embeddable":true,"href":"https:\/\/mystikus.dsignpoint.com\/pt-pt\/wp-json\/wp\/v2\/comments?post=24646"}],"wp:featuredmedia":[{"embeddable":true,"href":"https:\/\/mystikus.dsignpoint.com\/pt-pt\/wp-json\/wp\/v2\/media\/249"}],"wp:attachment":[{"href":"https:\/\/mystikus.dsignpoint.com\/pt-pt\/wp-json\/wp\/v2\/media?parent=24646"}],"wp:term":[{"taxonomy":"product_brand","embeddable":true,"href":"https:\/\/mystikus.dsignpoint.com\/pt-pt\/wp-json\/wp\/v2\/product_brand?post=24646"},{"taxonomy":"product_cat","embeddable":true,"href":"https:\/\/mystikus.dsignpoint.com\/pt-pt\/wp-json\/wp\/v2\/product_cat?post=24646"},{"taxonomy":"product_tag","embeddable":true,"href":"https:\/\/mystikus.dsignpoint.com\/pt-pt\/wp-json\/wp\/v2\/product_tag?post=24646"}],"curies":[{"name":"wp","href":"https:\/\/api.w.org\/{rel}","templated":true}]}}